{"id":7477,"date":"2026-04-24T06:26:20","date_gmt":"2026-04-24T06:26:20","guid":{"rendered":"https:\/\/huet.hueuni.edu.vn\/?page_id=7477"},"modified":"2026-05-05T08:36:45","modified_gmt":"2026-05-05T08:36:45","slug":"faqs-nhung-cau-hoi-thuong-gap","status":"publish","type":"page","link":"https:\/\/huet.hueuni.edu.vn\/index.php\/faqs-nhung-cau-hoi-thuong-gap\/","title":{"rendered":"FAQs &#8211; Nh\u1eefng c\u00e2u h\u1ecfi th\u01b0\u1eddng g\u1eb7p"},"content":{"rendered":"\n<p><strong>1. C\u00e1c ng\u00e0nh \u0111\u00e0o t\u1ea1o t\u1ea1i HUET v\u00e0 t\u1ed5 h\u1ee3p x\u00e9t tuy\u1ec3n<\/strong><\/p>\n\n\n\n<figure class=\"wp-block-image size-full is-resized\"><img loading=\"lazy\" decoding=\"async\" width=\"875\" height=\"1122\" src=\"https:\/\/huet.hueuni.edu.vn\/wp-content\/uploads\/2026\/04\/image-2.png\" alt=\"\" class=\"wp-image-7483\" style=\"width:532px;height:auto\"\/><\/figure>\n\n\n\n<p><strong>2. \u0110i\u1ec3m chu\u1ea9n tr\u00fang tuy\u1ec3n v\u00e0o c\u00e1c ng\u00e0nh c\u1ee7a HUET v\u0103m 2025 <\/strong><\/p>\n\n\n\n<figure class=\"wp-block-image size-full is-resized\"><img loading=\"lazy\" decoding=\"async\" width=\"1542\" height=\"892\" src=\"https:\/\/huet.hueuni.edu.vn\/wp-content\/uploads\/2026\/04\/image-3.png\" alt=\"\" class=\"wp-image-7484\" style=\"width:534px;height:auto\"\/><\/figure>\n\n\n\n<p><strong>3. C\u00e1ch th\u1ee9c t\u00ednh \u0111i\u1ec3m x\u00e9t h\u1ecdc b\u1ea1<\/strong><\/p>\n\n\n\n<figure class=\"wp-block-image size-full is-resized\"><img loading=\"lazy\" decoding=\"async\" width=\"1407\" height=\"715\" src=\"https:\/\/huet.hueuni.edu.vn\/wp-content\/uploads\/2026\/04\/image-1.png\" alt=\"\" class=\"wp-image-7479\" style=\"width:563px;height:auto\"\/><\/figure>\n\n\n\n<p><strong>4. Nh\u00f3m Zalo t\u01b0 v\u1ea5n <\/strong><\/p>\n\n\n\n<p class=\"has-black-color has-text-color has-link-color wp-elements-37f6142f00d2b5c13e69aa64d2f281f5\"><em>(Nh\u1ea5n v\u00e0o \u0111\u01b0\u1eddng link \u0111\u1ec3 tham gia Nh\u00f3m)<\/em>: <a href=\"https:\/\/zalo.me\/g\/lwzrm8n4ujxhmvj9skcj\">https:\/\/zalo.me\/g\/lwzrm8n4ujxhmvj9skcj<\/a><\/p>\n\n\n\n<p><strong>5. M\u1ed9t s\u1ed1 gi\u1ea3i \u0111\u00e1p kh\u00e1c<\/strong><\/p>\n\n\n\n<p class=\"has-black-color has-text-color has-link-color wp-elements-2b0e5c568e5edbc372f6b2a8c5ad9139\"><strong>H\u1ecfi: Th\u00ed sinh t\u1ef1 do (t\u1ed1t nghi\u1ec7p t\u1eeb n\u0103m 2025 tr\u1edf v\u1ec1 tr\u01b0\u1edbc) c\u00f3 c\u1ea7n ph\u1ea3i \u0111\u1ea1t \u0111i\u1ec1u ki\u1ec7n t\u1ed5ng \u0111i\u1ec3m thi t\u1ed1t nghi\u1ec7p THPT c\u1ee7a 3 m\u00f4n t\u1ed5 h\u1ee3p x\u00e9t tuy\u1ec3n ph\u1ea3i t\u1eeb 15 \u0111i\u1ec3m tr\u1edf l\u00ean hay kh\u00f4ng?<\/strong><\/p>\n\n\n\n<p class=\"has-black-color has-text-color has-link-color wp-elements-0cc563eabac7cb6d2d8bf76f13d390fd\">\u0110\u00e1p: \u0110i\u1ec1u ki\u1ec7n tr\u00ean \u00e1p d\u1ee5ng v\u1edbi c\u00e1c th\u00ed sinh t\u1ed1t nghi\u1ec7p t\u1eeb n\u0103m 2026 tr\u1edf \u0111i.<\/p>\n\n\n\n<p class=\"has-black-color has-text-color has-link-color wp-elements-28f4016670eb22b861196a4122b60fb1\"><strong>H\u1ecfi: Th\u1eddi gian \u0111\u0103ng k\u00fd x\u00e9t tuy\u1ec3n l\u00e0 khi n\u00e0o?<\/strong><\/p>\n\n\n\n<p class=\"has-black-color has-text-color has-link-color wp-elements-bfb9deea28ac1590815fa62c80821903\">\u0110\u00e1p: D\u1ef1 ki\u1ebfn th\u00ed sinh \u0111\u0103ng k\u00fd x\u00e9t tuy\u1ec3n qua H\u1ec7 th\u1ed1ng tuy\u1ec3n sinh tr\u1ef1c tuy\u1ebfn c\u1ee7a \u0110\u1ea1i h\u1ecdc Hu\u1ebf v\u00e0o cu\u1ed1i th\u00e1ng 5\/2026. T\u1ea5t c\u1ea3 th\u00ed sinh th\u1ef1c hi\u1ec7n \u0111\u0103ng k\u00fd x\u00e9t tuy\u1ec3n ch\u00ednh th\u1ee9c qua H\u1ec7 th\u1ed1ng tuy\u1ec3n sinh tr\u1ef1c tuy\u1ebfn c\u1ee7a B\u1ed9 Gi\u00e1o d\u1ee5c t\u1eeb th\u00e1ng 7\/2026. <em>(C\u00e1c m\u1ed1c th\u1eddi gian chi ti\u1ebft s\u1ebd \u0111\u01b0\u1ee3c th\u00f4ng b\u00e1o sau)<\/em><\/p>\n\n\n\n<p class=\"has-black-color has-text-color has-link-color wp-elements-555c8d3402eb693966261e4ab47a2edf\"><strong>H\u1ecfi: H\u1ecdc ph\u00ed c\u1ee7a Khoa K\u1ef9 thu\u1eadt v\u00e0 C\u00f4ng ngh\u1ec7 l\u00e0 bao nhi\u00eau?<\/strong><\/p>\n\n\n\n<p class=\"has-black-color has-text-color has-link-color wp-elements-e54e4aed2795ae053deabb62dafe662d\">\u0110\u00e1p: N\u0103m h\u1ecdc hi\u1ec7n t\u1ea1i 2025-2026, h\u1ecdc ph\u00ed c\u1ee7a Khoa l\u00e0 500.000\u0111\/t\u00edn ch\u1ec9 \u0111\u1ed1i v\u1edbi ng\u00e0nh K\u1ef9 thu\u1eadt x\u00e2y d\u1ef1ng v\u00e0 550.000\u0111\/t\u00edn ch\u1ec9 \u0111\u1ed1i v\u1edbi c\u00e1c ng\u00e0nh c\u00f2n l\u1ea1i. D\u1ef1 ki\u1ebfn h\u1ecdc ph\u00ed 10-12 tri\u1ec7u \u0111\u1ed3ng\/h\u1ecdc k\u1ef3<\/p>\n\n\n\n<p class=\"has-black-color has-text-color has-link-color wp-elements-55d7dddb69f2049edcce5ca2192cc0ec\"><strong>H\u1ecfi: Em l\u00e0 th\u00ed sinh t\u1ef1 do th\u00ec c\u00e1ch th\u1ee9c \u0111\u0103ng k\u00fd x\u00e9t tuy\u1ec3n nh\u01b0 th\u1ebf n\u00e0o \u1ea1?<\/strong><\/p>\n\n\n\n<p class=\"has-black-color has-text-color has-link-color wp-elements-5a0a6a66bce7ff26e5a3e8ba6a445154\">\u0110\u00e1p: \u0110\u1ec3 \u0111\u0103ng k\u00fd x\u00e9t tuy\u1ec3n v\u00e0o Khoa K\u1ef9 thu\u1eadt v\u00e0 C\u00f4ng ngh\u1ec7 &#8211; \u0110\u1ea1i h\u1ecdc Hu\u1ebf, th\u00ed sinh c\u1ea7n th\u1ef1c hi\u1ec7n \u0111\u0103ng k\u00fd \u0111\u1ea7y \u0111\u1ee7 hai b\u01b0\u1edbc:<\/p>\n\n\n\n<ul>\n<li>B\u01b0\u1edbc 1: \u0110\u0103ng k\u00fd qua H\u1ec7 th\u1ed1ng tuy\u1ec3n sinh tr\u1ef1c tuy\u1ebfn c\u1ee7a \u0110\u1ea1i h\u1ecdc Hu\u1ebf (th\u1eddi gian d\u1ef1 ki\u1ebfn: T\u1eeb cu\u1ed1i th\u00e1ng 5\/2026)<\/li>\n\n\n\n<li>B\u01b0\u1edbc 2: \u0110\u0103ng k\u00fd ch\u00ednh th\u1ee9c qua H\u1ec7 th\u1ed1ng tuy\u1ec3n sinh tr\u1ef1c tuy\u1ebfn c\u1ee7a B\u1ed9 Gi\u00e1o d\u1ee5c v\u00e0 \u0110\u00e0o t\u1ea1o (th\u1eddi gian d\u1ef1 ki\u1ebfn: T\u1eeb th\u00e1ng 7\/2026)<\/li>\n<\/ul>\n","protected":false},"excerpt":{"rendered":"<p>1. C\u00e1c ng\u00e0nh \u0111\u00e0o t\u1ea1o t\u1ea1i HUET v\u00e0 t\u1ed5 h\u1ee3p x\u00e9t tuy\u1ec3n 2. \u0110i\u1ec3m chu\u1ea9n tr\u00fang tuy\u1ec3n v\u00e0o c\u00e1c ng\u00e0nh c\u1ee7a HUET v\u0103m 2025 3.&hellip;<\/p>\n","protected":false},"author":1,"featured_media":7480,"parent":0,"menu_order":0,"comment_status":"closed","ping_status":"closed","template":"","meta":{"footnotes":""},"_links":{"self":[{"href":"https:\/\/huet.hueuni.edu.vn\/index.php\/wp-json\/wp\/v2\/pages\/7477"}],"collection":[{"href":"https:\/\/huet.hueuni.edu.vn\/index.php\/wp-json\/wp\/v2\/pages"}],"about":[{"href":"https:\/\/huet.hueuni.edu.vn\/index.php\/wp-json\/wp\/v2\/types\/page"}],"author":[{"embeddable":true,"href":"https:\/\/huet.hueuni.edu.vn\/index.php\/wp-json\/wp\/v2\/users\/1"}],"replies":[{"embeddable":true,"href":"https:\/\/huet.hueuni.edu.vn\/index.php\/wp-json\/wp\/v2\/comments?post=7477"}],"version-history":[{"count":8,"href":"https:\/\/huet.hueuni.edu.vn\/index.php\/wp-json\/wp\/v2\/pages\/7477\/revisions"}],"predecessor-version":[{"id":7498,"href":"https:\/\/huet.hueuni.edu.vn\/index.php\/wp-json\/wp\/v2\/pages\/7477\/revisions\/7498"}],"wp:featuredmedia":[{"embeddable":true,"href":"https:\/\/huet.hueuni.edu.vn\/index.php\/wp-json\/wp\/v2\/media\/7480"}],"wp:attachment":[{"href":"https:\/\/huet.hueuni.edu.vn\/index.php\/wp-json\/wp\/v2\/media?parent=7477"}],"curies":[{"name":"wp","href":"https:\/\/api.w.org\/{rel}","templated":true}]}}