{"id":7052,"date":"2025-08-11T05:44:55","date_gmt":"2025-08-11T05:44:55","guid":{"rendered":"https:\/\/huet.hueuni.edu.vn\/?page_id=7052"},"modified":"2026-04-21T07:37:10","modified_gmt":"2026-04-21T07:37:10","slug":"cong-nghe-ky-thuat-dien-dien-tu","status":"publish","type":"page","link":"https:\/\/huet.hueuni.edu.vn\/index.php\/cong-nghe-ky-thuat-dien-dien-tu\/","title":{"rendered":"C\u00f4ng ngh\u1ec7 k\u1ef9 thu\u1eadt \u0111i\u1ec7n, \u0111i\u1ec7n t\u1eed"},"content":{"rendered":"\n<p>Khoa K\u1ef9 thu\u1eadt v\u00e0 C\u00f4ng ngh\u1ec7 \u2013 \u0110\u1ea1i h\u1ecdc Hu\u1ebf c\u00f4ng khai Ch\u01b0\u01a1ng tr\u00ecnh \u0111\u00e0o t\u1ea1o<\/p>\n\n\n\n<ul>\n<li>M\u00e3 tr\u01b0\u1eddng: DHE<\/li>\n\n\n\n<li>M\u00e3 ng\u00e0nh: <a>7510301<\/a><\/li>\n\n\n\n<li>T\u00ean ng\u00e0nh: C\u00f4ng ngh\u1ec7 k\u1ef9 thu\u1eadt \u0111i\u1ec7n, \u0111i\u1ec7n t\u1eed<\/li>\n\n\n\n<li>Ch\u01b0\u01a1ng tr\u00ecnh \u0111\u00e0o t\u1ea1o: Ch\u01b0\u01a1ng tr\u00ecnh \u0111\u00e0o t\u1ea1o C\u00f4ng ngh\u1ec7 thi\u1ebft k\u1ebf vi m\u1ea1ch; Ch\u01b0\u01a1ng tr\u00ecnh \u0111\u00e0o t\u1ea1o C\u00f4ng ngh\u1ec7 k\u1ef9 thu\u1eadt \u0111i\u1ec7n, \u0111i\u1ec7n t\u1eed<\/li>\n\n\n\n<li>T\u1ed5 h\u1ee3p m\u00f4n x\u00e9t tuy\u1ec3n: A00; A01;C01;C02;D01;X07<\/li>\n<\/ul>\n\n\n\n<ol>\n<li><a href=\"https:\/\/docs.google.com\/document\/d\/123NLxLDXLp4FxHxyG5IECPndY1Gyw8cc\/edit?usp=sharing&amp;ouid=115407943316932385979&amp;rtpof=true&amp;sd=true\">Ch\u01b0\u01a1ng tr\u00ecnh \u0111\u00e0o t\u1ea1o C\u00f4ng ngh\u1ec7 thi\u1ebft k\u1ebf vi m\u1ea1ch<\/a><\/li>\n\n\n\n<li><a href=\"https:\/\/docs.google.com\/document\/d\/1MqwohfuXgPnbtYWxLFExQTAGZaoD4ySg\/edit?usp=sharing&amp;ouid=115407943316932385979&amp;rtpof=true&amp;sd=true\">Ch\u01b0\u01a1ng tr\u00ecnh \u0111\u00e0o t\u1ea1o C\u00f4ng ngh\u1ec7 k\u1ef9 thu\u1eadt \u0111i\u1ec7n, \u0111i\u1ec7n t\u1eed<\/a><\/li>\n<\/ol>\n","protected":false},"excerpt":{"rendered":"<p>Khoa K\u1ef9 thu\u1eadt v\u00e0 C\u00f4ng ngh\u1ec7 \u2013 \u0110\u1ea1i h\u1ecdc Hu\u1ebf c\u00f4ng khai Ch\u01b0\u01a1ng tr\u00ecnh \u0111\u00e0o t\u1ea1o<\/p>\n","protected":false},"author":1,"featured_media":0,"parent":0,"menu_order":0,"comment_status":"closed","ping_status":"closed","template":"","meta":{"footnotes":""},"_links":{"self":[{"href":"https:\/\/huet.hueuni.edu.vn\/index.php\/wp-json\/wp\/v2\/pages\/7052"}],"collection":[{"href":"https:\/\/huet.hueuni.edu.vn\/index.php\/wp-json\/wp\/v2\/pages"}],"about":[{"href":"https:\/\/huet.hueuni.edu.vn\/index.php\/wp-json\/wp\/v2\/types\/page"}],"author":[{"embeddable":true,"href":"https:\/\/huet.hueuni.edu.vn\/index.php\/wp-json\/wp\/v2\/users\/1"}],"replies":[{"embeddable":true,"href":"https:\/\/huet.hueuni.edu.vn\/index.php\/wp-json\/wp\/v2\/comments?post=7052"}],"version-history":[{"count":3,"href":"https:\/\/huet.hueuni.edu.vn\/index.php\/wp-json\/wp\/v2\/pages\/7052\/revisions"}],"predecessor-version":[{"id":7474,"href":"https:\/\/huet.hueuni.edu.vn\/index.php\/wp-json\/wp\/v2\/pages\/7052\/revisions\/7474"}],"wp:attachment":[{"href":"https:\/\/huet.hueuni.edu.vn\/index.php\/wp-json\/wp\/v2\/media?parent=7052"}],"curies":[{"name":"wp","href":"https:\/\/api.w.org\/{rel}","templated":true}]}}