{"id":3386,"date":"2021-02-24T08:26:45","date_gmt":"2021-02-24T08:26:45","guid":{"rendered":"http:\/\/huet.hueuni.edu.vn\/?page_id=3386"},"modified":"2021-02-24T08:26:45","modified_gmt":"2021-02-24T08:26:45","slug":"quan-ly-dao-tao","status":"publish","type":"page","link":"https:\/\/huet.hueuni.edu.vn\/index.php\/quan-ly-dao-tao\/","title":{"rendered":"QU\u1ea2N L\u00dd \u0110\u00c0O T\u1ea0O"},"content":{"rendered":"","protected":false},"excerpt":{"rendered":"","protected":false},"author":2,"featured_media":0,"parent":0,"menu_order":0,"comment_status":"closed","ping_status":"closed","template":"","meta":{"footnotes":""},"_links":{"self":[{"href":"https:\/\/huet.hueuni.edu.vn\/index.php\/wp-json\/wp\/v2\/pages\/3386"}],"collection":[{"href":"https:\/\/huet.hueuni.edu.vn\/index.php\/wp-json\/wp\/v2\/pages"}],"about":[{"href":"https:\/\/huet.hueuni.edu.vn\/index.php\/wp-json\/wp\/v2\/types\/page"}],"author":[{"embeddable":true,"href":"https:\/\/huet.hueuni.edu.vn\/index.php\/wp-json\/wp\/v2\/users\/2"}],"replies":[{"embeddable":true,"href":"https:\/\/huet.hueuni.edu.vn\/index.php\/wp-json\/wp\/v2\/comments?post=3386"}],"version-history":[{"count":0,"href":"https:\/\/huet.hueuni.edu.vn\/index.php\/wp-json\/wp\/v2\/pages\/3386\/revisions"}],"wp:attachment":[{"href":"https:\/\/huet.hueuni.edu.vn\/index.php\/wp-json\/wp\/v2\/media?parent=3386"}],"curies":[{"name":"wp","href":"https:\/\/api.w.org\/{rel}","templated":true}]}}