{"id":3356,"date":"2024-01-01T03:11:00","date_gmt":"2023-12-31T20:11:00","guid":{"rendered":"http:\/\/huet.hueuni.edu.vn\/?page_id=3356"},"modified":"2026-04-10T10:59:30","modified_gmt":"2026-04-10T10:59:30","slug":"huong-dan-dang-ky-dai-hoc-2026","status":"publish","type":"page","link":"https:\/\/huet.hueuni.edu.vn\/index.php\/huong-dan-dang-ky-dai-hoc-2026\/","title":{"rendered":"H\u01af\u1edaNG D\u1eaaN \u0110\u0102NG K\u00dd X\u00c9T TUY\u1ec2N \u0110\u1ea0I H\u1eccC 2026 (d\u1ef1 ki\u1ebfn)"},"content":{"rendered":"\n<p class=\"has-black-color has-text-color has-link-color wp-elements-9ac00cf961d1ea846fe5a532228b76c6\"><\/p>\n\n\n\n<p class=\"has-black-color has-text-color has-link-color wp-elements-80f1652fec5039f23ac988f52af4a0a4\"><strong>N\u0103m 2026, Khoa K\u1ef9 Thu\u1eadt v\u00e0 C\u00f4ng Ngh\u1ec7 \u2013 \u0110\u1ea1i h\u1ecdc Hu\u1ebf (HUET) th\u1ef1c hi\u1ec7n 05 ph\u01b0\u01a1ng th\u1ee9c tuy\u1ec3n sinh cho 07 ng\u00e0nh \u0111\u00e0o t\u1ea1o tr\u00ecnh \u0111\u1ed9 \u0110\u1ea1i h\u1ecdc ch\u00ednh quy .<\/strong><\/p>\n\n\n\n<h4 class=\"wp-block-heading\"><strong>I. \u0110i\u1ec1u ki\u1ec7n x\u00e9t tuy\u1ec3n<\/strong><\/h4>\n\n\n\n<p class=\"has-black-color has-text-color has-link-color wp-elements-c4e469b942611a074d02942f15e6050d\"><strong>1. X\u00e9t tuy\u1ec3n th\u1eb3ng<\/strong>&nbsp;<strong>v\u00e0 \u01b0u ti\u00ean x\u00e9t tuy\u1ec3n theo quy ch\u1ebf tuy\u1ec3n sinh hi\u1ec7n h\u00e0nh<\/strong><\/p>\n\n\n\n<p class=\"has-black-color has-text-color has-link-color wp-elements-1801bcfa7da37ecc86ed742c0fc5272b\"><strong>2. X\u00e9t tuy\u1ec3n d\u1ef1a v\u00e0o h\u1ecdc b\u1ea1 THPT<\/strong><\/p>\n\n\n\n<p class=\"has-black-color has-text-color has-link-color wp-elements-694f35e76e999e9e4ab90e7daf7454ae\"><strong>Y\u00eau c\u1ea7u:<\/strong>\u00a0T\u1ed5ng \u0111i\u1ec3m trung b\u00ecnh 3 n\u0103m h\u1ecdc (l\u1edbp 10, l\u1edbp 11, l\u1edbp 12) c\u1ee7a 3 m\u00f4n theo t\u1ed5 h\u1ee3p m\u00f4n \u0111\u0103ng k\u00fd >=18 (Kh\u00f4ng t\u00ednh \u0111i\u1ec3m \u01b0u ti\u00ean)<\/p>\n\n\n\n<p class=\"has-black-color has-text-color has-link-color wp-elements-edb1395c7501931de5f55a8337a7fcd8\"><strong>\u0110XT = \u2211 \u0110i\u1ec3m trung b\u00ecnh 3 n\u0103m h\u1ecdc c\u1ee7a 3 m\u00f4n + \u0110\u01afT<\/strong><\/p>\n\n\n\n<p class=\"has-black-color has-text-color has-link-color wp-elements-aca4423c421263d2360c4b524b998423\">Trong \u0111\u00f3,\u00a0<strong>\u0110XT<\/strong>: \u0110i\u1ec3m x\u00e9t tuy\u1ec3n;\u00a0<strong>\u0110\u01afT<\/strong>: \u0110i\u1ec3m \u01b0u ti\u00ean theo quy ch\u1ebf tuy\u1ec3n sinh hi\u1ec7n h\u00e0nh; \u0110i\u1ec3m trung b\u00ecnh 3 n\u0103m h\u1ecdc c\u00e1c m\u00f4n trong t\u1ed5 h\u1ee3p m\u00f4n x\u00e9t tuy\u1ec3n l\u00e0 \u0111i\u1ec3m trung b\u00ecnh chung m\u1ed7i m\u00f4n h\u1ecdc (l\u00e0m tr\u00f2n \u0111\u1ebfn 1 ch\u1eef s\u1ed1 th\u1eadp ph\u00e2n)<\/p>\n\n\n\n<p class=\"has-black-color has-text-color has-link-color wp-elements-719bbaf8f43b0d1c5fc8c2d833a2feca\"><strong>Nguy\u00ean t\u1eafc x\u00e9t tuy\u1ec3n:<\/strong>&nbsp;X\u00e9t tuy\u1ec3n theo th\u1ee9 t\u1ef1 \u01b0u ti\u00ean \u0110XT t\u1eeb cao xu\u1ed1ng th\u1ea5p v\u00e0 x\u00e9t \u0111\u1ebfn khi \u0111\u1ee7 ch\u1ec9 ti\u00eau.<\/p>\n\n\n\n<p class=\"has-black-color has-text-color has-link-color wp-elements-9a66a19d5c34130087e15b341fec17b5\"><strong>3.\u00a0X\u00e9t tuy\u1ec3n theo ph\u01b0\u01a1ng th\u1ee9c x\u00e9t tuy\u1ec3n d\u1ef1a v\u00e0o k\u1ebft qu\u1ea3 k\u1ef3 thi t\u1ed1t nghi\u1ec7p trung h\u1ecdc ph\u1ed5 th\u00f4ng (\u0111i\u1ec3m thi TN THPT) n\u0103m 202<\/strong>6<\/p>\n\n\n\n<p class=\"has-black-color has-text-color has-link-color wp-elements-709ef2772d0bf59fc4e9889a2ee04a95\"><strong>\u0110XT = (\u0110i\u1ec3m M\u00f4n 1 + \u0110i\u1ec3m M\u00f4n 2 + \u0110i\u1ec3m M\u00f4n 3) + \u0110\u01afT<\/strong><\/p>\n\n\n\n<p class=\"has-black-color has-text-color has-link-color wp-elements-9d8db0729df4ebbb2b1e6f2310199955\">Trong \u0111\u00f3,&nbsp;<strong>\u0110XT<\/strong>: \u0110i\u1ec3m x\u00e9t tuy\u1ec3n;&nbsp;<strong>\u0110\u01afT<\/strong>: \u0110i\u1ec3m \u01b0u ti\u00ean theo quy ch\u1ebf tuy\u1ec3n sinh hi\u1ec7n h\u00e0nh.<\/p>\n\n\n\n<p class=\"has-black-color has-text-color has-link-color wp-elements-719bbaf8f43b0d1c5fc8c2d833a2feca\"><strong>Nguy\u00ean t\u1eafc x\u00e9t tuy\u1ec3n:<\/strong>&nbsp;X\u00e9t tuy\u1ec3n theo th\u1ee9 t\u1ef1 \u01b0u ti\u00ean \u0110XT t\u1eeb cao xu\u1ed1ng th\u1ea5p v\u00e0 x\u00e9t \u0111\u1ebfn khi \u0111\u1ee7 ch\u1ec9 ti\u00eau.<\/p>\n\n\n\n<p class=\"has-black-color has-text-color has-link-color wp-elements-14ba6b9fbdd257ea6eeaeb53b84a4d73\"><strong>4. X\u00e9t tuy\u1ec3n theo ph\u01b0\u01a1ng th\u1ee9c x\u00e9t tuy\u1ec3n d\u1ef1a v\u00e0o k\u1ebft qu\u1ea3 k\u1ef3 thi t\u1ed1t nghi\u1ec7p trung h\u1ecdc ph\u1ed5 th\u00f4ng (\u0111i\u1ec3m thi TN THPT) n\u0103m 2026 ho\u1eb7c k\u1ebft qu\u1ea3 h\u1ecdc t\u1eadp c\u1ea5p THPT (h\u1ecdc b\u1ea1) k\u1ebft h\u1ee3p ch\u1ee9ng ch\u1ec9 ngo\u1ea1i ng\u1eef<\/strong><\/p>\n\n\n\n<p class=\"has-black-color has-text-color has-link-color wp-elements-836a4d02e5306304f061d302ffd6245d\">\u2013 \u0110i\u1ec3m ch\u1ee9ng ch\u1ec9 ngo\u1ea1i ng\u1eef \u0111\u01b0\u1ee3c quy \u0111\u1ed5i th\u00e0nh \u0111i\u1ec3m 1 m\u00f4n t\u01b0\u01a1ng \u1ee9ng m\u00f4n ngo\u1ea1i ng\u1eef trong t\u1ed5 h\u1ee3p m\u00f4n x\u00e9t tuy\u1ec3n (b\u1ea3ng quy \u0111\u1ed5i t\u1ea1i m\u1ee5c 5)<\/p>\n\n\n\n<p class=\"has-black-color has-text-color has-link-color wp-elements-868aa5a1cce788c71ac40238ad5ea69c\">\u2013 \u0110i\u1ec3m \u01b0u ti\u00ean (\u0110\u01afT) theo quy ch\u1ebf tuy\u1ec3n sinh hi\u1ec7n h\u00e0nh.<\/p>\n\n\n\n<p class=\"has-black-color has-text-color has-link-color wp-elements-800aa627edbc096b8d8cc23e5d0cb8d9\">\u2013 \u0110i\u1ec3m c\u1ed9ng (\u0110C) \u0111\u01b0\u1ee3c quy \u0111\u1ecbnh t\u1ea1i kho\u1ea3n b m\u1ee5c 5.<\/p>\n\n\n\n<p class=\"has-black-color has-text-color has-link-color wp-elements-2198735e2006dfda4c319542f714f18d\">\u2013 \u0110i\u1ec3m x\u00e9t tuy\u1ec3n (\u0110XT) \u0111\u01b0\u1ee3c l\u00e0m tr\u00f2n \u0111\u1ebfn 2 ch\u1eef s\u1ed1 th\u1eadp ph\u00e2n v\u00e0 t\u00ednh nh\u01b0 sau:<\/p>\n\n\n\n<p class=\"has-black-color has-text-color has-link-color wp-elements-2cbad32d41434055df46a3a8d9da4b1b\"><strong>\u0110XT&nbsp;<\/strong>=&nbsp;<strong>\u2211 \u0110i\u1ec3m c\u00e1c m\u00f4n trong t\u1ed5 h\u1ee3p m\u00f4n x\u00e9t tuy\u1ec3n +\u0110C + \u0110\u01afT<\/strong><\/p>\n\n\n\n<p class=\"has-black-color has-text-color has-link-color wp-elements-a29ad95cfd191c943e21554f373519bb\"><strong>5. X\u00e9t tuy\u1ec3n s\u1eed d\u1ee5ng k\u1ebft qu\u1ea3 thi \u0111\u00e1nh gi\u00e1 n\u0103ng l\u1ef1c n\u0103m 2026 c\u1ee7a \u0110\u1ea1i h\u1ecdc qu\u1ed1c gia TP.HCM (\u0110i\u1ec3m \u0110GNL).<\/strong><\/p>\n\n\n\n<figure class=\"wp-block-table\"><table class=\"has-black-color has-text-color has-link-color\"><tbody><tr><td><strong>TT<\/strong><\/td><td><strong>M\u00e3 ng\u00e0nh<\/strong><\/td><td><strong>T\u00ean ng\u00e0nh<\/strong><\/td><td><strong>T\u1ed5 h\u1ee3p m\u00f4n x\u00e9t tuy\u1ec3n<\/strong><\/td><\/tr><tr><td>1<\/td><td>7480112KS<\/td><td>Khoa h\u1ecdc d\u1eef li\u1ec7u v\u00e0 Tr\u00ed tu\u1ec7 nh\u00e2n t\u1ea1o (h\u1ec7 k\u1ef9 s\u01b0)<\/td><td>A00 A01 D01 C01 X07 X26<\/td><\/tr><tr><td>2<\/td><td>7520216<\/td><td>K\u1ef9 thu\u1eadt \u0111i\u1ec1u khi\u1ec3n v\u00e0 T\u1ef1 \u0111\u1ed9ng h\u00f3a (h\u1ec7 c\u1eed nh\u00e2n v\u00e0 h\u1ec7 k\u1ef9 s\u01b0)<\/td><td>A00 A01 D01 C01 C02 X07<\/td><\/tr><tr><td>3<\/td><td>7520201<\/td><td>K\u1ef9 thu\u1eadt \u0111i\u1ec7n (h\u1ec7 c\u1eed nh\u00e2n v\u00e0 h\u1ec7 k\u1ef9 s\u01b0)<\/td><td>A00 A01 D01 C01 C02 X07<\/td><\/tr><tr><td>4<\/td><td>7580201<\/td><td>K\u1ef9 thu\u1eadt x\u00e2y d\u1ef1ng<\/td><td>A00 A01 D01 C02 C02 A04<\/td><\/tr><tr><td>5<\/td><td>7510205<\/td><td>C\u00f4ng ngh\u1ec7 k\u1ef9 thu\u1eadt \u00f4 t\u00f4<\/td><td>A00 A01 D01 C01 X05 X07, A10<\/td><\/tr><tr><td>6<\/td><td>7510301<\/td><td>C\u00f4ng ngh\u1ec7 k\u1ef9 thu\u1eadt \u0111i\u1ec7n, \u0111i\u1ec7n t\u1eed<\/td><td>A00 A01 D01 C01 C02 X07<\/td><\/tr><\/tbody><\/table><\/figure>\n\n\n\n<figure class=\"wp-block-image size-full\"><img loading=\"lazy\" decoding=\"async\" width=\"1170\" height=\"1370\" src=\"https:\/\/huet.hueuni.edu.vn\/wp-content\/uploads\/2025\/07\/Thong-tin-chung_DHE-2.jpg\" alt=\"\" class=\"wp-image-7044\"\/><\/figure>\n\n\n\n<p class=\"has-black-color has-text-color has-link-color wp-elements-66db56503815ff8a4f4b56771cc30671\"><strong>5.<\/strong>&nbsp;<strong>B\u1ea3ng quy \u0111\u1ed5i \u0111i\u1ec3m ch\u1ee9ng ch\u1ec9 ngo\u1ea1i ng\u1eef th\u00e0nh \u0111i\u1ec3m m\u00f4n ngo\u1ea1i ng\u1eef trong t\u1ed5 h\u1ee3p m\u00f4n x\u00e9t tuy\u1ec3n<\/strong><\/p>\n\n\n\n<figure class=\"wp-block-table\"><table class=\"has-black-color has-text-color has-link-color\"><tbody><tr><td><strong>STT<\/strong><\/td><td><strong>Tr\u01b0\u1eddng s\u1eed d\u1ee5ng ch\u1ee9ng ch\u1ec9&nbsp;<\/strong><strong>\u0111\u1ec3 x\u00e9t tuy\u1ec3n<\/strong><\/td><td><strong>Ch\u1ee9ng ch\u1ec9<\/strong><\/td><td><strong>Khung n\u0103ng l\u1ef1c ngo\u1ea1i ng\u1eef 6 b\u1eadc d\u00f9ng cho Vi\u1ec7t Nam<\/strong><\/td><td><strong>Khung tham chi\u1ebfu Ch\u00e2u \u00c2u<\/strong><\/td><td><strong>M\u1ee9c \u0111i\u1ec3m<\/strong><\/td><td><strong>\u0110i\u1ec3m quy \u0111\u1ed5i sang thang \u0111i\u1ec3m 10<\/strong><\/td><td><strong>\u0110i\u1ec3m c\u1ed9ng<\/strong><\/td><\/tr><tr><td rowspan=\"5\">1<\/td><td rowspan=\"5\">Khoa K\u1ef9 thu\u1eadt v\u00e0 C\u00f4ng ngh\u1ec7<\/td><td rowspan=\"5\">VSTEP<\/td><td>B\u1eadc 3<\/td><td>B1<\/td><td>5.5<\/td><td>8.0<\/td><td>1.0<\/td><\/tr><tr><td rowspan=\"3\">B\u1eadc 4<\/td><td rowspan=\"3\">B2<\/td><td>6.0 \u2013 6.5<\/td><td>8.5<\/td><td>1.5<\/td><\/tr><tr><td>7.0 \u2013 7.5<\/td><td>9.0<\/td><td>2.0<\/td><\/tr><tr><td>8.0<\/td><td>9.5<\/td><td>2.5<\/td><\/tr><tr><td>B\u1eadc 5<\/td><td>C1<\/td><td>&gt;=8.5<\/td><td>10<\/td><td>3.0<\/td><\/tr><tr><td rowspan=\"5\">2<\/td><td rowspan=\"5\">Khoa K\u1ef9 thu\u1eadt v\u00e0 C\u00f4ng ngh\u1ec7<\/td><td rowspan=\"5\">IELTS<\/td><td>B\u1eadc 3<\/td><td>B1<\/td><td>5.0<\/td><td>8.0<\/td><td>1.0<\/td><\/tr><tr><td rowspan=\"3\">B\u1eadc 4<\/td><td rowspan=\"3\">B2<\/td><td>5.5<\/td><td>8.5<\/td><td>1.5<\/td><\/tr><tr><td>6.0<\/td><td>9.0<\/td><td>2.0<\/td><\/tr><tr><td>6.5<\/td><td>9.5<\/td><td>2.5<\/td><\/tr><tr><td>B\u1eadc 5 \u2013 B\u1eadc 6<\/td><td>C1 \u2013 C2<\/td><td>&gt;=7.0<\/td><td>10<\/td><td>3.0<\/td><\/tr><tr><td rowspan=\"5\">3<\/td><td rowspan=\"5\">Khoa K\u1ef9 thu\u1eadt v\u00e0 C\u00f4ng ngh\u1ec7<\/td><td rowspan=\"5\">TOEFL iBT<\/td><td>B\u1eadc 3<\/td><td>B1<\/td><td>35 \u2013 45<\/td><td>8.0<\/td><td>1.0<\/td><\/tr><tr><td rowspan=\"3\">B\u1eadc 4<\/td><td rowspan=\"3\">B2<\/td><td>46 \u2013 59<\/td><td>8.5<\/td><td>1.5<\/td><\/tr><tr><td>60 \u2013 78<\/td><td>9.0<\/td><td>2.0<\/td><\/tr><tr><td>79 \u2013 93<\/td><td>9.5<\/td><td>2.5<\/td><\/tr><tr><td><\/td><td><\/td><td>&gt;=94<\/td><td>10<\/td><td>3.0<\/td><\/tr><tr><td rowspan=\"2\">4<\/td><td rowspan=\"2\">Khoa K\u1ef9 thu\u1eadt v\u00e0 C\u00f4ng ngh\u1ec7<\/td><td rowspan=\"2\">TOEIC<br>(4 k\u1ef9 n\u0103ng)<\/td><td>B\u1eadc 3<\/td><td>B1<\/td><td>Nghe: 275-399 \u0110\u1ecdc: 275-384 N\u00f3i: 120-159 Vi\u1ebft: 120-149<\/td><td>8.5<\/td><td>2.0<\/td><\/tr><tr><td>B\u1eadc 4<\/td><td>B2<\/td><td>Nghe: 400-489 \u0110\u1ecdc: 385-454 N\u00f3i: 160-179 Vi\u1ebft: 150-179<\/td><td>9.0<\/td><td>2.5<\/td><\/tr><\/tbody><\/table><\/figure>\n\n\n\n<h4 class=\"wp-block-heading\"><strong>5. C\u00e1c th\u00f4ng tin c\u1ea7n thi\u1ebft kh\u00e1c \u0111\u1ec3 th\u00ed sinh d\u1ef1 tuy\u1ec3n v\u00e0o c\u01a1 s\u1edf \u0111\u00e0o t\u1ea1o<\/strong><\/h4>\n\n\n\n<p class=\"has-black-color has-text-color has-link-color wp-elements-4372486d926cd403112c69f527159cb8\">a. C\u00e1c \u0111i\u1ec1u ki\u1ec7n ph\u1ee5 s\u1eed d\u1ee5ng trong x\u00e9t tuy\u1ec3n: kh\u00f4ng \u00e1p d\u1ee5ng ti\u00eau ch\u00ed ph\u1ee5<\/p>\n\n\n\n<p class=\"has-black-color has-text-color has-link-color wp-elements-15da13a5af2c3123b6b863f368f26061\">b. \u0110i\u1ec3m c\u1ed9ng: \u0110i\u1ec3m th\u01b0\u1edfng \u0111\u1ed1i v\u1edbi th\u00ed sinh c\u00f3 th\u00e0nh t\u00edch trong c\u00e1c k\u1ef3 thi ch\u1ecdn h\u1ecdc sinh gi\u1ecfi, th\u00ed sinh c\u00f3 ch\u1ee9ng ch\u1ec9 ngo\u1ea1i ng\u1eef, HS gi\u1ecfi c\u1ea5p THPT, HS THPT chuy\u00ean,\u2026 (theo quy \u0111\u1ecbnh c\u1ee7a&nbsp; \u0110\u1ea1i h\u1ecdc Hu\u1ebf); Th\u00ed sinh c\u00f3 th\u1ec3 \u00e1p d\u1ee5ng \u0111\u1ed3ng th\u1eddi nhi\u1ec1u m\u1ee9c \u0111i\u1ec3m c\u1ed9ng t\u01b0\u01a1ng \u1ee9ng v\u1edbi c\u00e1c th\u00e0nh t\u00edch \u0111\u1ea1t \u0111\u01b0\u1ee3c tuy nhi\u00ean \u0110i\u1ec3m c\u1ed9ng kh\u00f4ng v\u01b0\u1ee3t 10% m\u1ee9c \u0111i\u1ec3m t\u1ed1i \u0111a c\u1ee7a thang \u0111i\u1ec3m x\u00e9t tuy\u1ec3n (3 \u0111i\u1ec3m\/ thang 30 \u0111i\u1ec3m); B\u1ea3ng quy \u0111\u1ed5i \u0111i\u1ec3m c\u1ed9ng nh\u01b0 sau:<\/p>\n\n\n\n<figure class=\"wp-block-table\"><table class=\"has-black-color has-text-color has-link-color\"><tbody><tr><td><strong>STT<\/strong><\/td><td><strong>N\u1ed9i dung<\/strong><\/td><td><strong>\u0110i\u1ec3m c\u1ed9ng<\/strong><\/td><td><strong>Ghi ch\u00fa<\/strong><\/td><\/tr><tr><td colspan=\"3\"><strong>C\u00e1c gi\u1ea3i thu\u1ed9c cu\u1ed9c thi c\u1ea5p t\u1ec9nh, th\u00e0nh ph\u1ed1 tr\u1ef1c thu\u1ed9c trung \u01b0\u01a1ng<\/strong><\/td><td rowspan=\"8\"><br><br><br><br><br><br><br>Khoa K\u1ef9 thu\u1eadt v\u00e0 C\u00f4ng ngh\u1ec7 \u00e1p d\u1ee5ng \u0110i\u1ec3m c\u1ed9ng&nbsp; cho t\u1ea5t c\u1ea3 c\u00e1c&nbsp; ng\u00e0nh<\/td><\/tr><tr><td>1<\/td><td>\u2013 Gi\u1ea3i Nh\u1ea5t HSG c\u00e1c m\u00f4n trong t\u1ed5 h\u1ee3p m\u00f4n x\u00e9t tuy\u1ec3n v\u00e0 m\u00f4n Tin h\u1ecdc.<br>\u2013 Gi\u1ea3i Nh\u1ea5t cu\u1ed9c thi Khoa h\u1ecdc k\u1ef9 thu\u1eadt.<\/td><td>3.0<\/td><\/tr><tr><td>2<\/td><td>\u2013 Gi\u1ea3i Nh\u00ec HSG c\u00e1c m\u00f4n trong t\u1ed5 h\u1ee3p m\u00f4n x\u00e9t tuy\u1ec3n v\u00e0 m\u00f4n Tin h\u1ecdc.<br>\u2013 Gi\u1ea3i Nh\u00ec cu\u1ed9c thi Khoa h\u1ecdc k\u1ef9 thu\u1eadt<\/td><td>2.5<\/td><\/tr><tr><td>3<\/td><td>\u2013 Gi\u1ea3i Ba HSG c\u00e1c m\u00f4n trong t\u1ed5 h\u1ee3p m\u00f4n x\u00e9t tuy\u1ec3n v\u00e0 m\u00f4n Tin h\u1ecdc;<br>\u2013 Gi\u1ea3i Ba cu\u1ed9c thi Khoa h\u1ecdc k\u1ef9 thu\u1eadt.<\/td><td>2.0<\/td><\/tr><tr><td>4<\/td><td>\u2013 Gi\u1ea3i Khuy\u1ebfn kh\u00edch HSG c\u00e1c m\u00f4n trong t\u1ed5 h\u1ee3p m\u00f4n x\u00e9t tuy\u1ec3n v\u00e0 m\u00f4n Tin h\u1ecdc;<br>\u2013 Gi\u1ea3i khuy\u1ebfn kh\u00edch cu\u1ed9c Khoa h\u1ecdc k\u1ef9 thu\u1eadt.<\/td><td>1.5<\/td><\/tr><tr><td colspan=\"2\"><strong>K\u1ebft qu\u1ea3 h\u1ecdc t\u1eadp c\u1ea5p trung h\u1ecdc ph\u1ed5 th\u00f4ng<\/strong><\/td><td>&nbsp;<\/td><\/tr><tr><td>5<\/td><td>K\u1ebft qu\u1ea3 h\u1ecdc t\u1eadp n\u0103m h\u1ecdc l\u1edbp 11, 12 \u0111\u00e1nh gi\u00e1 m\u1ee9c t\u1ed1t (h\u1ecdc l\u1ef1c x\u1ebfp lo\u1ea1i gi\u1ecfi tr\u1edf l\u00ean)<\/td><td>3.0<\/td><\/tr><tr><td>6<\/td><td>H\u1ecdc sinh tr\u01b0\u1eddng THPT chuy\u00ean c\u00f3 k\u1ebft qu\u1ea3 h\u1ecdc t\u1eadp n\u0103m h\u1ecdc l\u1edbp 12 \u0111\u1ea1t m\u1ee9c t\u1ed1t (h\u1ecdc l\u1ef1c x\u1ebfp lo\u1ea1i gi\u1ecfi tr\u1edf l\u00ean)<\/td><td>3.0<\/td><\/tr><\/tbody><\/table><\/figure>\n\n\n\n<h4 class=\"wp-block-heading\"><strong>II. Th\u1eddi gian nh\u1eadn h\u1ed3 s\u01a1:<\/strong><\/h4>\n\n\n\n<ul class=\"has-black-color has-text-color has-link-color wp-elements-fa2b95dbaa5a4bd6b215c28eb0708417\">\n<li><strong>X\u00e9t theo ph\u01b0\u01a1ng th\u1ee9c h\u1ecdc b\u1ea1: Th\u00f4ng b\u00e1o sau<\/strong><\/li>\n\n\n\n<li><strong>X\u00e9t theo c\u00e1c ph\u01b0\u01a1ng th\u1ee9c kh\u00e1c: Th\u00f4ng b\u00e1o sau <\/strong><\/li>\n<\/ul>\n\n\n\n<h4 class=\"wp-block-heading\"><strong>III. C\u00e1c b\u01b0\u1edbc \u0111\u0103ng k\u00fd x\u00e9t tuy\u1ec3n<\/strong><\/h4>\n\n\n\n<p class=\"has-black-color has-text-color has-link-color wp-elements-1e2b6123a3d4fd6c6f0b59f3329efe07\">Th\u00ed sinh \u0111\u0103ng k\u00fd qua H\u1ec7 th\u1ed1ng tuy\u1ec3n sinh c\u1ee7a \u0110\u1ea1i h\u1ecdc Hu\u1ebf v\u00e0 H\u1ec7 th\u1ed1ng tuy\u1ec3n sinh c\u1ee7a B\u1ed9 Gi\u00e1o d\u1ee5c v\u00e0 \u0110\u00e0o t\u1ea1o<\/p>\n\n\n\n<h4 class=\"wp-block-heading\"><strong>IV. L\u1ec7 ph\u00ed x\u00e9t tuy\u1ec3n<\/strong><\/h4>\n\n\n\n<p class=\"has-black-color has-text-color has-link-color wp-elements-c3c5c5657826b3fbbe265d78ff540dcf\">Theo quy \u0111\u1ecbnh c\u1ee7a B\u1ed9 gi\u00e1o d\u1ee5c v\u00e0 \u0111\u00e0o t\u1ea1o<\/p>\n\n\n\n<p class=\"has-black-color has-text-color has-link-color wp-elements-b51670f4fbab83fa36f4190026824222\"><strong>N\u1ebfu c\u1ea7n t\u01b0 v\u1ea5n th\u00f4ng tin tuy\u1ec3n sinh, Qu\u00fd ph\u1ee5 huynh v\u00e0 th\u00ed sinh c\u00f3 th\u1ec3 li\u00ean l\u1ea1c Khoa K\u1ef9 thu\u1eadt v\u00e0 C\u00f4ng ngh\u1ec7 theo m\u1ed9t trong c\u00e1c k\u00eanh th\u00f4ng tin d\u01b0\u1edbi \u0111\u00e2y:<\/strong><\/p>\n\n\n\n<p>Facebook:&nbsp;<a href=\"https:\/\/www.facebook.com\/et.hueuni\">https:\/\/www.facebook.com\/et.hueuni<\/a><\/p>\n\n\n\n<p class=\"has-black-color has-text-color has-link-color wp-elements-a15f4f642ec4910a97bf089cbd62f137\">S\u1ed1 \u0111i\u1ec7n tho\u1ea1i: 0234 3845 799<\/p>\n","protected":false},"excerpt":{"rendered":"<p>N\u0103m 2026, Khoa K\u1ef9 Thu\u1eadt v\u00e0 C\u00f4ng Ngh\u1ec7 \u2013 \u0110\u1ea1i h\u1ecdc Hu\u1ebf (HUET) th\u1ef1c hi\u1ec7n 05 ph\u01b0\u01a1ng th\u1ee9c tuy\u1ec3n sinh cho 07 ng\u00e0nh \u0111\u00e0o t\u1ea1o&hellip;<\/p>\n","protected":false},"author":2,"featured_media":5589,"parent":0,"menu_order":0,"comment_status":"closed","ping_status":"closed","template":"","meta":{"footnotes":""},"_links":{"self":[{"href":"https:\/\/huet.hueuni.edu.vn\/index.php\/wp-json\/wp\/v2\/pages\/3356"}],"collection":[{"href":"https:\/\/huet.hueuni.edu.vn\/index.php\/wp-json\/wp\/v2\/pages"}],"about":[{"href":"https:\/\/huet.hueuni.edu.vn\/index.php\/wp-json\/wp\/v2\/types\/page"}],"author":[{"embeddable":true,"href":"https:\/\/huet.hueuni.edu.vn\/index.php\/wp-json\/wp\/v2\/users\/2"}],"replies":[{"embeddable":true,"href":"https:\/\/huet.hueuni.edu.vn\/index.php\/wp-json\/wp\/v2\/comments?post=3356"}],"version-history":[{"count":10,"href":"https:\/\/huet.hueuni.edu.vn\/index.php\/wp-json\/wp\/v2\/pages\/3356\/revisions"}],"predecessor-version":[{"id":7373,"href":"https:\/\/huet.hueuni.edu.vn\/index.php\/wp-json\/wp\/v2\/pages\/3356\/revisions\/7373"}],"wp:featuredmedia":[{"embeddable":true,"href":"https:\/\/huet.hueuni.edu.vn\/index.php\/wp-json\/"}],"wp:attachment":[{"href":"https:\/\/huet.hueuni.edu.vn\/index.php\/wp-json\/wp\/v2\/media?parent=3356"}],"curies":[{"name":"wp","href":"https:\/\/api.w.org\/{rel}","templated":true}]}}