{"id":2939,"date":"2020-12-02T07:08:42","date_gmt":"2020-12-02T07:08:42","guid":{"rendered":"http:\/\/huet.hueuni.edu.vn\/?page_id=2939"},"modified":"2020-12-02T07:08:42","modified_gmt":"2020-12-02T07:08:42","slug":"cong-ty-co-phan-thep-hoa-phat-dung-quat","status":"publish","type":"page","link":"https:\/\/huet.hueuni.edu.vn\/index.php\/cong-ty-co-phan-thep-hoa-phat-dung-quat\/","title":{"rendered":"C\u00d4NG TY C\u1ed4 PH\u1ea6N TH\u00c9P H\u00d2A PH\u00c1T DUNG QU\u1ea4T"},"content":{"rendered":"\n<p class=\"has-text-color has-text-align-center has-larger-font-size has-red-color\"><strong>TH\u00d4NG TIN TUY\u1ec2N D\u1ee4NG<\/strong><\/p>\n\n\n\n<h5 class=\"has-blue-color has-text-color wp-block-heading\"><strong>1.V\u1ecb tr\u00ed tuy\u1ec3n d\u1ee5ng<\/strong><\/h5>\n\n\n\n<figure class=\"wp-block-table\"><table class=\"\"><tbody><tr><td>STT<\/td><td>V\u1ecb tr\u00ed<\/td><td>S\u1ed1 l\u01b0\u1ee3ng<br>(ng\u01b0\u1eddi)<\/td><td>Tr\u00ecnh \u0111\u1ed9 chuy\u00ean m\u00f4n<\/td><td>Chuy\u00ean ng\u00e0nh<\/td><\/tr><tr><td>1<\/td><td>K\u1ef9 thu\u1eadt vi\u00ean c\u01a1 kh\u00ed<\/td><td>100<\/td><td>\u0110H<\/td><td>K\u1ef9 thu\u1eadt c\u01a1 kh\u00ed, Ch\u1ebf t\u1ea1o m\u00e1y, C\u01a1 \u0111i\u1ec7n t\u1eed, C\u01a1 kh\u00ed \u0111\u1ed9ng l\u1ef1c.<\/td><\/tr><tr><td>2<\/td><td>K\u1ef9 thu\u1eadt vi\u00ean \u0110i\u1ec7n<\/td><td>100<\/td><td>\u0110H<\/td><td>\u0110i\u1ec7n &#8211; \u0110i\u1ec7n t\u1eed, h\u1ec7 th\u1ed1ng \u0111i\u1ec7n, T\u1ef1 \u0111\u1ed9ng h\u00f3a, \u0110i\u1ec7n c\u00f4ng nghi\u1ec7p<br><\/td><\/tr><\/tbody><\/table><\/figure>\n\n\n\n<h5 class=\"has-blue-color has-text-color wp-block-heading\"><strong>2. Quy\u1ec1n l\u1ee3i v\u00e0 ch\u1ebf \u0111\u1ed9<\/strong><\/h5>\n\n\n\n<ul><li>Thu nh\u1eadp tr\u00ean 9 tri\u1ec7u \u0111\u1ed3ng\/th\u00e1ng<\/li><li>B\u1ea3o h\u1ed9 lao \u0111\u1ed9ng: \u0110\u01b0\u1ee3c C\u00f4ng ty c\u1ea5p ph\u00e1t;<\/li><li>\u1ede: C\u00f4ng ty c\u00f3 KTX cho CBNV (Mi\u1ec5n ph\u00ed: \u0110i\u1ec7n &#8211; 30Kwh\/th\u00e1ng, n\u01b0\u1edbc, gi\u1eb7t qu\u1ea7n \u00e1o)<\/li><li>\u0102n: Mi\u1ec5n ph\u00ed b\u1eefa \u0103n trong gi\u1edd l\u00e0m vi\u1ec7c<\/li><li>Th\u01b0\u1edfng chuy\u00ean c\u1ea7n 300.000 \u0111\u1ed3ng\/ th\u00e1ng;<\/li><li>CBNV kh\u00f4ng \u0111\u0103ng k\u00fd \u1edf K\u00fd t\u00fac x\u00e1 ho\u1eb7c kh\u00f4ng \u0111\u0103ng k\u00fd xe \u0111\u01b0a \u0111\u00f3n s\u1ebd \u0111\u01b0\u1ee3c C\u00f4ng ty h\u1ed7 tr\u1ee3 b\u1eb1ng ti\u1ec1n (800.000 \u0111\u1ed3ng\/th\u00e1ng)<\/li><li>\u0110\u01b0\u1ee3c k\u00fd h\u1ee3p \u0111\u1ed3ng lao \u0111\u1ed9ng kh\u00f4ng x\u00e1c \u0111\u1ecbnh th\u1eddi h\u1ea1n ngay sau khi th\u00fac th\u1eed vi\u1ec7c<\/li><li>\u0110\u01b0\u1ee3c tham gia c\u00e1c lo\u1ea1i b\u1ea3o hi\u1ec3m theo quy \u0111\u1ecbnh<\/li><li>Th\u01b0\u1edfng L\u1ec5, T\u1ebft, th\u00e1ng l\u01b0\u01a1ng th\u1ee9 13.<\/li><\/ul>\n\n\n\n<h5 class=\"has-blue-color has-text-color wp-block-heading\"><strong>3. Th\u00f4ng tin li\u00ean h\u1ec7:<\/strong><\/h5>\n\n\n\n<p>Hotline: 02553.620.630<\/p>\n\n\n\n<p>Fanpage:https:\/\/www.facebook.com\/thephoaphatdungquat<\/p>\n\n\n\n<p>Email: tuyendungdungquat@hoaphat.com.vn<\/p>\n\n\n\n<p>\u0110\u1ecba ch\u1ec9: Khu kinh t\u1ebf Dung Qu\u1ea5t &#8211; B\u00ecnh \u0110\u00f4ng &#8211; B\u00ecnh S\u01a1n &#8211; Qu\u00e3ng Ng\u00e3i<\/p>\n","protected":false},"excerpt":{"rendered":"<p>TH\u00d4NG TIN TUY\u1ec2N D\u1ee4NG 1.V\u1ecb tr\u00ed tuy\u1ec3n d\u1ee5ng STT V\u1ecb tr\u00ed S\u1ed1 l\u01b0\u1ee3ng(ng\u01b0\u1eddi) Tr\u00ecnh \u0111\u1ed9 chuy\u00ean m\u00f4n Chuy\u00ean ng\u00e0nh 1 K\u1ef9 thu\u1eadt vi\u00ean c\u01a1 kh\u00ed&hellip;<\/p>\n","protected":false},"author":2,"featured_media":0,"parent":0,"menu_order":0,"comment_status":"closed","ping_status":"closed","template":"","meta":{"footnotes":""},"_links":{"self":[{"href":"https:\/\/huet.hueuni.edu.vn\/index.php\/wp-json\/wp\/v2\/pages\/2939"}],"collection":[{"href":"https:\/\/huet.hueuni.edu.vn\/index.php\/wp-json\/wp\/v2\/pages"}],"about":[{"href":"https:\/\/huet.hueuni.edu.vn\/index.php\/wp-json\/wp\/v2\/types\/page"}],"author":[{"embeddable":true,"href":"https:\/\/huet.hueuni.edu.vn\/index.php\/wp-json\/wp\/v2\/users\/2"}],"replies":[{"embeddable":true,"href":"https:\/\/huet.hueuni.edu.vn\/index.php\/wp-json\/wp\/v2\/comments?post=2939"}],"version-history":[{"count":0,"href":"https:\/\/huet.hueuni.edu.vn\/index.php\/wp-json\/wp\/v2\/pages\/2939\/revisions"}],"wp:attachment":[{"href":"https:\/\/huet.hueuni.edu.vn\/index.php\/wp-json\/wp\/v2\/media?parent=2939"}],"curies":[{"name":"wp","href":"https:\/\/api.w.org\/{rel}","templated":true}]}}