{"id":2140,"date":"2020-05-07T07:07:38","date_gmt":"2020-05-07T00:07:38","guid":{"rendered":"http:\/\/huet.hueuni.edu.vn\/?page_id=2140"},"modified":"2026-02-25T14:59:30","modified_gmt":"2026-02-25T14:59:30","slug":"chuong-trinh-lien-thong-van-bang-2","status":"publish","type":"page","link":"https:\/\/huet.hueuni.edu.vn\/index.php\/chuong-trinh-lien-thong-van-bang-2\/","title":{"rendered":"Ch\u01b0\u01a1ng tr\u00ecnh li\u00ean th\u00f4ng, v\u0103n b\u1eb1ng 2"},"content":{"rendered":"\n<h4 class=\"wp-block-heading has-text-align-center has-blue-color has-text-color\">TUY\u1ec2N SINH \u0110\u1ea0I H\u1eccC V\u0102N B\u1eb0NG HAI, LI\u00caN TH\u00d4NG TRUNG C\u1ea4P, CAO \u0110\u1eb2NG L\u00caN \u0110\u1ea0I H\u1eccC H\u1ec6 CH\u00cdNH QUY N\u0102M 2026<\/h4>\n\n\n\n<h4 class=\"wp-block-heading has-blue-color has-text-color\">I. <strong>Ng\u00e0nh thi tuy\u1ec3n, th\u1eddi gian \u0111\u00e0o t\u1ea1o<\/strong><\/h4>\n\n\n\n<p class=\"has-black-color has-text-color\"><strong>1.Ng\u00e0nh x\u00e9t tuy\u1ec3n<\/strong><\/p>\n\n\n\n<p>&#8211; T\u00ean \u0111\u00e0o\nt\u1ea1o:<\/p>\n\n\n\n<p>+ K\u1ef9 thu\u1eadt\n\u0111i\u1ec7n, m\u00e3 ng\u00e0nh : 7520201<\/p>\n\n\n\n<p>+ K\u1ef9 thu\u1eadt\nx\u00e2y d\u1ef1ng, m\u00e3 ng\u00e0nh: 7580201<\/p>\n\n\n\n<p>&#8211; Tr\u00ecnh \u0111\u1ed9\n\u0111\u00e0o t\u1ea1o<\/p>\n\n\n\n<p>+ \u0110\u1ea1i h\u1ecdc\nv\u0103n b\u1eb1ng hai<\/p>\n\n\n\n<p>+ Li\u00ean th\u00f4ng\ngi\u1eefa tr\u00ecnh \u0111\u1ed9 cao \u0111\u1eb3ng v\u00e0 tr\u00ecnh \u0111\u1ed9 \u0111\u1ea1i h\u1ecdc<\/p>\n\n\n\n<p>+ Li\u00ean th\u00f4ng\ngi\u1eefa tr\u00ecnh \u0111\u1ed9 trung c\u1ea5p v\u1edbi tr\u00ecnh \u0111\u1ed9 \u0111\u1ea1i h\u1ecdc<\/p>\n\n\n\n<p>&#8211; Ph\u01b0\u01a1ng\nth\u1ee9c t\u1ed5 ch\u1ee9c \u0111\u00e0o t\u1ea1o: theo h\u1ecdc ch\u1ebf t\u00edn ch\u1ec9 <\/p>\n\n\n\n<p>&#8211; H\u00ecnh th\u1ee9c\n\u0111\u00e0o t\u1ea1o: ch\u00ednh quy<\/p>\n\n\n\n<p>&#8211; C\u01a1 s\u1edf \u0111\u00e0o t\u1ea1o: Khoa K\u1ef9 thu\u1eadt v\u00e0 C\u00f4ng ngh\u1ec7 &#8211; \u0110\u1ea1i h\u1ecdc Hu\u1ebf<\/p>\n\n\n\n<p><strong>2. Th\u1eddi gian \u0111\u00e0o t\u1ea1o<\/strong><\/p>\n\n\n\n<figure class=\"wp-block-table\"><table class=\"has-background\" style=\"background-color:#e7f5fe\"><tbody><tr><td><strong>Ch\u01b0\u01a1ng tr\u00ecnh li\u00ean th\u00f4ng<\/strong>   <\/td><td><strong>Th\u1eddi gian \u0111\u00e0o t\u1ea1o<\/strong>   <\/td><\/tr><tr><td>\u0110\u1ea1i h\u1ecdc v\u0103n b\u1eb1ng II   <\/td><td><strong> 2 n\u0103m<\/strong><\/td><\/tr><tr><td>Li\u00ean th\u00f4ng gi\u1eefa tr\u00ecnh \u0111\u1ed9 Cao \u0111\u1eb3ng v\u1edbi \u0110\u1ea1i h\u1ecdc   <\/td><td><strong> 2,5 n\u0103m<\/strong><\/td><\/tr><tr><td>Li\u00ean th\u00f4ng gi\u1eefa tr\u00ecnh \u0111\u1ed9 Trung c\u1ea5p v\u1edbi \u0110\u1ea1i h\u1ecdc   <\/td><td><strong>  3 n\u0103m<\/strong><\/td><\/tr><\/tbody><\/table><\/figure>\n\n\n\n<h4 class=\"wp-block-heading has-blue-color has-text-color\"><strong>II. \u0110\u1ed1i t\u01b0\u1ee3ng tuy\u1ec3n sinh<\/strong><\/h4>\n\n\n\n<p>\u2013 \u0110\u1ed1i t\u01b0\u1ee3ng tuy\u1ec3n sinh \u0111\u1ea1i h\u1ecdc b\u1eb1ng hai l\u00e0 nh\u1eefng ng\u01b0\u1eddi c\u00f3 \u00edt nh\u1ea5t m\u1ed9t (01) b\u1eb1ng \u0111\u1ea1i h\u1ecdc<\/p>\n\n\n\n<p>\u2013 \u0110\u1ed1i t\u01b0\u1ee3ng tuy\u1ec3n sinh li\u00ean th\u00f4ng l\u00e0 nh\u1eefng ng\u01b0\u1eddi \u0111\u00e3 c\u00f3 b\u1eb1ng t\u1ed1t nghi\u1ec7p trung c\u1ea5p, cao \u0111\u1eb3ng c\u00e1c ng\u00e0nh: K\u1ef9 thu\u1eadt \u0111i\u1ec7n, K\u1ef9 thu\u1eadt \u0111i\u1ec7n \u2013 \u0110i\u1ec7n t\u1eed; \u0110i\u1ec7n c\u00f4ng nghi\u1ec7p; \u0110i\u1ec7n t\u1ef1 \u0111\u1ed9ng; K\u1ef9 thu\u1eadt x\u00e2y d\u1ef1ng; K\u1ef9 thu\u1eadt x\u00e2y d\u1ef1ng c\u00f4ng tr\u00ecnh;\u2026 v\u00e0 m\u1ed9t s\u1ed1 ng\u00e0nh g\u1ea7n v\u1edbi ng\u00e0nh \u0111\u00e0o t\u1ea1o.<\/p>\n\n\n\n<h4 class=\"wp-block-heading has-blue-color has-text-color\"><strong>III. K\u1ebf ho\u1ea1ch tuy\u1ec3n sinh<\/strong><\/h4>\n\n\n\n<p>Th\u1eddi gian nh\u1eadn h\u1ed3 s\u01a1 \u0111\u0103ng k\u00fd x\u00e9t tuy\u1ec3n: C\u1ea3 n\u0103m.<\/p>\n\n\n\n<p>Th\u1eddi gian x\u00e9t tuy\u1ec3n: TB<\/p>\n\n\n\n<h4 class=\"wp-block-heading has-blue-color has-text-color\"><strong>IV. Ph\u01b0\u01a1ng th\u1ee9c x\u00e9t tuy\u1ec3n<\/strong><\/h4>\n\n\n\n<p>X\u00e9t tuy\u1ec3n d\u1ef1a tr\u00ean k\u1ebft qu\u1ea3 h\u1ecdc t\u1eadp (\u0111i\u1ec3m trung b\u00ecnh chung t\u00edch lu\u1ef9 to\u00e0n kho\u00e1) b\u1eadc trung c\u1ea5p \u0111\u1ed1i v\u1edbi th\u00ed sinh li\u00ean th\u00f4ng t\u1eeb trung c\u1ea5p l\u00ean \u0111\u1ea1i h\u1ecdc, ho\u1eb7c b\u1eadc cao \u0111\u1eb3ng \u0111\u1ed1i v\u1edbi th\u00ed sinh li\u00ean th\u00f4ng t\u1eeb cao \u0111\u1eb3ng l\u00ean \u0111\u1ea1i h\u1ecdc c\u1ee7a th\u00ed sinh, ho\u1eb7c b\u1eadc \u0111\u1ea1i h\u1ecdc \u0111\u1ed1i v\u1edbi th\u00ed sinh \u0111\u1ea1i h\u1ecdc b\u1eb1ng hai.<\/p>\n\n\n\n<p>\u0110i\u1ec3m x\u00e9t tuy\u1ec3n l\u00e0 \u0111i\u1ec3m trung b\u00ecnh chung t\u00edch lu\u1ef9 to\u00e0n kho\u00e1 b\u1eadc h\u1ecdc trung c\u1ea5p ho\u1eb7c cao \u0111\u1eb3ng ho\u1eb7c \u0111\u1ea1i h\u1ecdc, ph\u1ea3i \u0111\u1ea1t t\u1eeb 5,50 \u0111i\u1ec3m tr\u1edf l\u00ean theo thang \u0111i\u1ec3m 10 ho\u1eb7c 2,50 \u0111i\u1ec3m tr\u1edf l\u00ean theo thang \u0111i\u1ec3m 4, l\u00e0m tr\u00f2n \u0111\u1ebfn hai ch\u1eef s\u1ed1 th\u1eadp ph\u00e2n; \u00e1p d\u1ee5ng \u0111\u1ed1i v\u1edbi th\u00ed sinh khu v\u1ef1c 3, kh\u00f4ng thu\u1ed9c di\u1ec7n \u01b0u ti\u00ean.<\/p>\n\n\n\n<p>Th\u00ed sinh thu\u1ed9c \u0111\u1ed1i t\u01b0\u1ee3ng \u01b0u ti\u00ean \u0111\u01b0\u1ee3c c\u1ed9ng \u0111i\u1ec3m theo quy \u0111\u1ecbnh trong Quy ch\u1ebf tuy\u1ec3n sinh \u0111\u1ea1i h\u1ecdc h\u1ec7 ch\u00ednh quy hi\u1ec7n h\u00e0nh c\u1ee7a B\u1ed9 GD\u0110T.<\/p>\n\n\n\n<h4 class=\"wp-block-heading has-blue-color has-text-color\"><strong>V. T\u1ed5 ch\u1ee9c \u0111\u00e0o t\u1ea1o v\u00e0 c\u1ea5p b\u1eb1ng t\u1ed1t nghi\u1ec7p<\/strong><\/h4>\n\n\n\n<p>\u0110\u00e0o t\u1ea1o t\u1eadp trung, li\u00ean t\u1ee5c theo h\u1ecdc ch\u1ebf t\u00edn ch\u1ec9; H\u1ecdc t\u1eadp trung v\u00e0o c\u00e1c bu\u1ed5i t\u1ed1i trong tu\u1ea7n; th\u1ee9 B\u1ea3y v\u00e0 Ch\u1ee7 nh\u1eadt (s\u00e1ng, chi\u1ec1u v\u00e0 t\u1ed1i) (t\u00f9y theo nhu c\u1ea7u \u0111\u0103ng k\u00fd c\u1ee7a h\u1ecdc vi\u00ean).<\/p>\n\n\n\n<p>B\u1eb1ng t\u1ed1t nghi\u1ec7p \u0111\u1ea1i h\u1ecdc ch\u00ednh quy do Gi\u00e1m \u0111\u1ed1c \u0110\u1ea1i h\u1ecdc Hu\u1ebf c\u1ea5p.<\/p>\n\n\n\n<figure class=\"wp-block-table\"><table class=\"has-black-color has-text-color has-link-color\"><tbody><tr><td><strong>TT<\/strong><\/td><td><strong>\u0110\u1ee3t x\u00e9t tuy\u1ec3n<\/strong><\/td><td><strong>B\u1eaft \u0111\u1ea7u nh\u1eadn h\u1ed3 s\u01a1<\/strong><\/td><td><strong>K\u1ebft th\u00fac nh\u1eadn h\u1ed3 s\u01a1<\/strong><\/td><td><strong>L\u1ecbch x\u00e9t tuy\u1ec3n (D\u1ef1 ki\u1ebfn)<\/strong><\/td><\/tr><tr><td><strong>1<\/strong><\/td><td>\u0110\u1ee3t 1 (t\u1eeb th\u00e1ng 1 \u0111\u1ebfn th\u00e1ng 3)<\/td><td>02\/01\/2026<\/td><td>01\/3\/2026<\/td><td>05\/3\/2026<\/td><\/tr><tr><td><strong>2<\/strong><\/td><td>\u0110\u1ee3t 2 (t\u1eeb th\u00e1ng 4 \u0111\u1ebfn th\u00e1ng 9)<\/td><td>01\/4\/2026<\/td><td>31\/8\/2026<\/td><td>08\/09\/2026<\/td><\/tr><tr><td><strong>3<\/strong><\/td><td>\u0110\u1ee3t 3 (t\u1eeb th\u00e1ng 9 \u0111\u1ebfn th\u00e1ng 12)<\/td><td>09\/09\/2026<\/td><td>01\/12\/2026<\/td><td>09\/12\/2026<\/td><\/tr><\/tbody><\/table><\/figure>\n\n\n\n<h4 class=\"wp-block-heading has-blue-color has-text-color\"><strong>VI. H\u1ed3 s\u01a1 \u0111\u0103ng k\u00ed d\u1ef1 thi<\/strong><\/h4>\n\n\n\n<ol>\n<li>01 b\u00eca h\u1ed3 s\u01a1 d\u1ef1 tuy\u1ec3n (<a href=\"https:\/\/docs.google.com\/document\/d\/1YqzfIJpQEScz8PbCJbJchjHv2FqJrLtw\/edit?usp=sharing&amp;ouid=115407943316932385979&amp;rtpof=true&amp;sd=true\">theo m\u1eabu<\/a>)<\/li>\n\n\n\n<li>01 \u0111\u01a1n \u0111\u0103ng k\u00ed d\u1ef1 tuy\u1ec3n <a href=\"https:\/\/docs.google.com\/document\/d\/1XVtlz2VBCO3OfgLJ6I4ZIPFl2x9uuoUj\/edit?usp=sharing&amp;ouid=115407943316932385979&amp;rtpof=true&amp;sd=true\">(theo m\u1eabu<\/a>)<\/li>\n\n\n\n<li>01 b\u1ea3n sao c\u00f4ng ch\u1ee9ng v\u0103n b\u1eb1ng t\u1ed1t nghi\u1ec7p \u0111\u1ea1i h\u1ecdc\/cao \u0111\u1eb3ng\/trung c\u1ea5p<\/li>\n\n\n\n<li>01 b\u1ea3n sao c\u00f4ng ch\u1ee9ng b\u1ea3ng \u0111i\u1ec3m \u0111\u1ea1i h\u1ecdc\/cao \u0111\u1eb3ng\/trung c\u1ea5p<\/li>\n\n\n\n<li>01 b\u1ea3n sao c\u00f4ng ch\u1ee9ng gi\u1ea5y khai sinh ho\u1eb7c CMND\/CCCD<\/li>\n\n\n\n<li>01 b\u1ea3n sao c\u00f4ng ch\u1ee9ng b\u1eb1ng t\u1ed1t nghi\u1ec7p THPT<\/li>\n\n\n\n<li>02 phong b\u00ec ghi r\u00f5 h\u1ecd t\u00ean, \u0111\u1ecba ch\u1ec9, s\u1ed1 \u0111i\u1ec7n tho\u1ea1i ng\u01b0\u1eddi nh\u1eadn<\/li>\n\n\n\n<li>02 \u1ea3nh 3*4 ghi r\u00f5 h\u1ecd t\u00ean, ng\u00e0y sinh v\u00e0o m\u1eb7t sau \u1ea3nh<\/li>\n\n\n\n<li>N\u1ed9p l\u1ec7 ph\u00ed h\u1ed3 s\u01a1 theo quy \u0111\u1ecbnh c\u1ee7a Khoa. <\/li>\n<\/ol>\n\n\n\n<ul>\n<li><a href=\"https:\/\/docs.google.com\/document\/d\/1YqzfIJpQEScz8PbCJbJchjHv2FqJrLtw\/edit?usp=sharing&amp;ouid=115407943316932385979&amp;rtpof=true&amp;sd=true\">B\u00eca h\u1ed3 s\u01a1<\/a><\/li>\n\n\n\n<li><a href=\"https:\/\/docs.google.com\/document\/d\/1XVtlz2VBCO3OfgLJ6I4ZIPFl2x9uuoUj\/edit?usp=sharing&amp;ouid=115407943316932385979&amp;rtpof=true&amp;sd=true\">\u0110\u01a1n \u0111\u0103ng k\u00fd d\u1ef1 tuy\u1ec3n<\/a><\/li>\n<\/ul>\n\n\n\n<p> <em>To\u00e0n b\u1ed9 h\u1ed3 s\u01a1 b\u1ecf v\u00e0o 1 phong b\u00ec l\u1edbn c\u1ee1 25 35 cm, ghi r ng\u00e0nh \u0111\u0103ng k\u00fd d\u1ef1 tuy\u1ec3n, h\u1ecd t\u00ean, ng\u00e0y th\u00e1ng n\u0103m sinh, n\u01a1i sinh, \u0111\u01a1n v\u1ecb c\u00f4ng t\u00e1c, \u0111\u1ecba ch\u1ec9 li\u00ean l\u1ea1c, s\u1ed1 \u0111i\u1ec7n tho\u1ea1i. T\u1ea5t c\u1ea3 b\u1ea3n sao ph\u1ea3i \u0111\u01b0\u1ee3c ch\u1ee9ng th\u1ef1c.<\/em> <\/p>\n\n\n\n<h4 class=\"wp-block-heading has-blue-color has-text-color\"><strong>VII. L\u1ec7 ph\u00ed d\u1ef1 tuy\u1ec3n:<\/strong><\/h4>\n\n\n\n<p>L\u1ec7 ph\u00ed tuy\u1ec3n sinh bao g\u1ed3m:<\/p>\n\n\n\n<p><strong>1. \u0110\u0103ng k\u00ed d\u1ef1 tuy\u1ec3n:<\/strong>&nbsp;100.000\u0111\/h\u1ed3 s\u01a1 (M\u1ed9t tr\u0103m ngh\u00ecn \u0111\u1ed3ng).<\/p>\n\n\n\n<p><strong>2. X\u00e9t tuy\u1ec3n:<\/strong>&nbsp;900.000 \u0111\/ng\u01b0\u1eddi d\u1ef1 tuy\u1ec3n (Ch\u00edn tr\u0103m ngh\u00ecn \u0111\u1ed3ng), n\u1ed9p theo m\u1ed9t trong hai c\u00e1ch:<\/p>\n\n\n\n<p>2.1. N\u1ed9p t\u1ea1i: Khoa K\u1ef9 thu\u1eadt v\u00e0 C\u00f4ng ngh\u1ec7 \u2013 \u0110\u1ea1i h\u1ecdc Hu\u1ebf, t\u1ea7ng 2, ph\u00f2ng II.14, s\u1ed1 01 \u0110i\u1ec7n Bi\u00ean Ph\u1ee7 \u2013 TP Hu\u1ebf; \u0110T: 0234.3845799.<\/p>\n\n\n\n<p>2.2. Chuy\u1ec3n ti\u1ec1n qua t\u00e0i kho\u1ea3n c\u1ee7a \u0110\u1ea1i h\u1ecdc Hu\u1ebf, s\u1ed1 t\u00e0i kho\u1ea3n: 2000027979 t\u1ea1i ng\u00e2n h\u00e0ng SHB (Ng\u00e2n h\u00e0ng TMCP S\u00e0i G\u00f2n \u2013 H\u00e0 N\u1ed9i SHB \u2013 Chi nh\u00e1nh Hu\u1ebf)<\/p>\n\n\n\n<p><em>Ng\u01b0\u1eddi d\u1ef1 tuy\u1ec3n khi chuy\u1ec3n kho\u1ea3n ph\u1ea3i ghi r\u00f5 c\u00e1c th\u00f4ng tin:&nbsp;<strong>H\u1ecd v\u00e0 t\u00ean, \u0111i\u1ec7n tho\u1ea1i li\u00ean h\u1ec7, ng\u00e0nh \u0111\u0103ng k\u00ed d\u1ef1 tuy\u1ec3n, HUET<\/strong>.<\/em><\/p>\n\n\n\n<h4 class=\"wp-block-heading has-blue-color has-text-color\"><strong>VIII. M\u1ee9c h\u1ecdc ph\u00ed<\/strong><\/h4>\n\n\n\n<p>C\u0103n c\u1ee9 Ngh\u1ecb \u0111\u1ecbnh s\u1ed1 86\/2015\/N\u0110-CP\nng\u00e0y 02\/10\/2015 c\u1ee7a Ch\u00ednh ph\u1ee7 quy \u0111\u1ecbnh v\u1ec1 c\u01a1 c\u1ea5u thi, qu\u1ea3n l\u00fd h\u1ecdc ph\u00ed \u0111\u1ed1i v\u1edbi\nc\u01a1 s\u1edf gi\u00e1o d\u1ee5c thu\u1ed9c h\u1ec7 th\u1ed1ng gi\u00e1o d\u1ee5c qu\u1ed1c d\u00e2n v\u00e0 ch\u00ednh s\u00e1ch mi\u1ec5n, gi\u1ea3m h\u1ecdc\nph\u00ed, h\u1ed7 tr\u1ee3 chi ph\u00ed h\u1ecdc t\u1eadp t\u1eeb n\u0103m h\u1ecdc 2015 \u2013 2016 \u0111\u1ebfn n\u0103m 2020 \u2013 2021; C\u0103n c\u1ee9\ntheo quy\u1ebft \u0111\u1ecbnh s\u1ed1 1072\/Q\u0110-\u0110HH ng\u00e0y 01\/9\/2016 c\u1ee7a Gi\u00e1m \u0111\u1ed1c \u0110\u1ea1i h\u1ecdc Hu\u1ebf v\u1ec1 vi\u1ec7c\nquy \u0111\u1ecbnh m\u1ee9c thu h\u1ecdc ph\u00ed, mi\u1ec5n gi\u1ea3m h\u1ecdc ph\u00ed thanh to\u00e1n v\u00e0 n\u1ed9i b\u1ed9 trong \u0110\u1ea1i h\u1ecdc\nHu\u1ebf t\u1eeb n\u0103m h\u1ecdc 2016 \u2013 2017 \u0111\u1ebfn n\u0103m h\u1ecdc 2020 \u2013 2021.<\/p>\n\n\n\n<figure class=\"wp-block-table\"><table><tbody><tr><td>   <strong>N\u0103m h\u1ecdc<\/strong>   <\/td><td>   <strong>M\u1ee9c h\u1ecdc ph\u00ed (1 t\u00edn ch\u1ec9\/1sv)<\/strong>   <\/td><\/tr><tr><td>2025 &#8211; 2026<\/td><td>K\u1ef9 thu\u1eadt \u0111i\u1ec7n &#8211; 550.000\/t\u00edn ch\u1ec9<br>K\u1ef9 thu\u1eadt x\u00e2y d\u1ef1ng &#8211; 500.000\/t\u00edn ch\u1ec9<\/td><\/tr><\/tbody><\/table><\/figure>\n\n\n\n<h4 class=\"wp-block-heading has-blue-color has-text-color\"><strong>IX. \u0110\u1ecba ch\u1ec9 li\u00ean h\u1ec7<\/strong><\/h4>\n\n\n\n<p>KHOA K\u1ef8 THU\u1eacT V\u00c0 C\u00d4NG NGH\u1ec6 &#8211; \u0110\u1ea0I H\u1eccC HU\u1ebe <\/p>\n\n\n\n<p>\u0110\u1ecba ch\u1ec9: 01 \u0110i\u1ec7n Bi\u00ean Ph\u1ee7, V\u0129nh Ninh, TP Hu\u1ebf.<\/p>\n\n\n\n<p>\u0110i\u1ec7n tho\u1ea1i: (+84) 0234 3845 799<\/p>\n\n\n\n<ul>\n<li>Ng\u00e0nh K\u1ef9 thu\u1eadt x\u00e2y d\u1ef1ng &#8211; TS. Nguy\u1ec5n \u0110\u1ee9c Vinh Quang : 0905 009 980<\/li>\n\n\n\n<li>Ng\u00e0nh K\u1ef9 thu\u1eadt \u0111i\u1ec7n &#8211; TS. L\u00ea \u0110\u00ecnh Hi\u1ebfu: 0869 147 807<\/li>\n<\/ul>\n\n\n\n<p>Email : <a href=\"mailto:huet@hueuni.edu.vn\">tuyensinh.hueuni.edu.vn<\/a><\/p>\n\n\n\n<p>Website: <a href=\"http:\/\/www.huet.hueuni.edu.vn\">www.huet.hueuni.edu.vn<\/a> <\/p>\n\n\n\n<p> Fanpage: <a href=\"https:\/\/www.facebook.com\/et.hueuni\">https:\/\/www.facebook.com\/et.hueuni<\/a> <\/p>\n","protected":false},"excerpt":{"rendered":"<p>TUY\u1ec2N SINH \u0110\u1ea0I H\u1eccC V\u0102N B\u1eb0NG HAI, LI\u00caN TH\u00d4NG TRUNG C\u1ea4P, CAO \u0110\u1eb2NG L\u00caN \u0110\u1ea0I H\u1eccC H\u1ec6 CH\u00cdNH QUY N\u0102M 2026 I. Ng\u00e0nh thi tuy\u1ec3n,&hellip;<\/p>\n","protected":false},"author":2,"featured_media":0,"parent":0,"menu_order":0,"comment_status":"closed","ping_status":"closed","template":"","meta":{"footnotes":""},"_links":{"self":[{"href":"https:\/\/huet.hueuni.edu.vn\/index.php\/wp-json\/wp\/v2\/pages\/2140"}],"collection":[{"href":"https:\/\/huet.hueuni.edu.vn\/index.php\/wp-json\/wp\/v2\/pages"}],"about":[{"href":"https:\/\/huet.hueuni.edu.vn\/index.php\/wp-json\/wp\/v2\/types\/page"}],"author":[{"embeddable":true,"href":"https:\/\/huet.hueuni.edu.vn\/index.php\/wp-json\/wp\/v2\/users\/2"}],"replies":[{"embeddable":true,"href":"https:\/\/huet.hueuni.edu.vn\/index.php\/wp-json\/wp\/v2\/comments?post=2140"}],"version-history":[{"count":6,"href":"https:\/\/huet.hueuni.edu.vn\/index.php\/wp-json\/wp\/v2\/pages\/2140\/revisions"}],"predecessor-version":[{"id":7382,"href":"https:\/\/huet.hueuni.edu.vn\/index.php\/wp-json\/wp\/v2\/pages\/2140\/revisions\/7382"}],"wp:attachment":[{"href":"https:\/\/huet.hueuni.edu.vn\/index.php\/wp-json\/wp\/v2\/media?parent=2140"}],"curies":[{"name":"wp","href":"https:\/\/api.w.org\/{rel}","templated":true}]}}