{"id":1766,"date":"2020-04-17T01:55:44","date_gmt":"2020-04-17T01:55:44","guid":{"rendered":"http:\/\/huet.hueuni.edu.vn\/?page_id=1766"},"modified":"2020-04-17T01:55:44","modified_gmt":"2020-04-17T01:55:44","slug":"hop-tac","status":"publish","type":"page","link":"https:\/\/huet.hueuni.edu.vn\/index.php\/hop-tac\/","title":{"rendered":"H\u1ee2P T\u00c1C"},"content":{"rendered":"\n<h2 class=\"has-text-color has-text-align-center wp-block-heading\" style=\"color:#f26522\">H\u1ee2P T\u00c1C TRONG N\u01af\u1edaC V\u00c0 QU\u1ed0C T\u1ebe <\/h2>\n\n\n\n<p><\/p>\n\n\n\n<p>Tr\u00ean c\u01a1 s\u1edf&nbsp;s\u1ef1 \u1ee7ng h\u1ed9&nbsp;c\u1ee7a Ban Gi\u00e1m \u0111\u1ed1c, c\u00e1c ban ch\u1ee9c n\u0103ng c\u1ee7a \u0110\u1ea1i h\u1ecdc Hu\u1ebf \u0111\u1eb7c bi\u1ec7t l\u00e0 s\u1ef1 \u1ee7ng h\u1ed9&nbsp;c\u1ee7a \u0111\u1ed9i ng\u0169&nbsp;khoa h\u1ecdc ho\u1ea1t \u0111\u1ed9ng trong l\u0129nh c\u1ef1c k\u1ef9&nbsp;thu\u1eadt v\u00e0 c\u00f4ng ngh\u1ec7. Khoa K\u1ef9&nbsp;thu\u1eadt v\u00e0 C\u00f4ng ngh\u1ec7&nbsp;s\u1ebd&nbsp;ch\u1ee7 \u0111\u1ed9ng x\u00e2y d\u1ef1ng c\u00e1c m\u1ed1i m\u1ed1i li\u00ean h\u1ec7&nbsp;h\u1ee3p t\u00e1c qu\u1ed1c t\u1ebf \u0111\u00e3 \u0111\u01b0\u1ee3c thi\u1ebft l\u1eadp t\u1eeb c\u00e1c \u0111\u01a1n v\u1ecb \u0111\u00e3 c\u00f3 v\u1edbi \u0110\u1ea1i h\u1ecdc Hu\u1ebf nh\u01b0 <em>\u0110\u1ea1i h\u1ecdc ICM-Krems (\u00c1o), Vi\u1ec7n DIT (Ireland), C\u00e1c d\u1ef1 \u00e1n h\u01a1p t\u00e1c nh\u01b0 Erasmus+, SHARE&#8230;. <\/em>\u0110\u1ed3ng th\u1eddi Khoa K\u1ef9&nbsp;thu\u1eadt v\u00e0 C\u00f4ng ngh\u1ec7&nbsp;ch\u1ee7 \u0111\u1ed9ng k\u1ebft n\u1ed1i v\u00e0 \u0111\u1ea9y m\u1ea1nh li\u00ean k\u1ebft v\u00e0 h\u1ee3p t\u00e1c v\u1edbi c\u00e1c \u0111\u1ed1i t\u00e1c ti\u1ec1m n\u0103ng m\u1edbi nh\u1eb1m \u0111\u00e1p \u1ee9ng ch\u01b0\u01a1ng tr\u00ecnh \u0111\u00e0o t\u1ea1o qu\u1ed1c t\u1ebf&nbsp;ti\u00ean ti\u1ebfn nh\u01b0 c\u00e1c tr\u01b0\u1eddng c\u00f4ng l\u1eadp <em>Lamas, Bang Texas, M\u1ef9, \u0110\u1ea1i h\u1ecdc Missouri State v\u00e0 \u0110H Missouri, M\u1ef9<\/em>; c\u00e1c \u0111\u1ea1i h\u1ecdc&nbsp;\u1edf c\u00e1c n\u01b0\u1edbc c\u00f3 K\u1ef9&nbsp;thu\u1eadt v\u00e0 c\u00f4ng ngh\u1ec7&nbsp;ph\u00e1t tri\u1ec3n nh\u01b0 <em>Nh\u1eadt B\u1ea3n, H\u00e0n Qu\u1ed1c, \u0110\u00e0i Loan.<\/em><\/p>\n\n\n\n<p>B\u00ean c\u1ea1nh vi\u1ec7c x\u00e2y d\u1ef1ng <em>ch\u01b0\u01a1ng tr\u00ecnh \u0111\u00e0o t\u1ea1o li\u00ean k\u1ebft theo m\u00f4 h\u00ecnh 3+1+1<\/em> (nh\u1eadn b\u1eb1ng Th\u1ea1c s\u0129)&nbsp;hay <em>3+1; 2+2<\/em>&nbsp;(Hai \u0111\u01a1n v\u1ecb&nbsp;c\u1ea5p b\u1eb1ng) th\u00ec vi\u1ec7c ph\u00e1t tri\u1ec3n x\u00e2y d\u1ef1ng li\u00ean k\u1ebft h\u1ee3p t\u00e1c trong nghi\u00ean c\u1ee9u v\u00e0 xu\u1ea5t b\u1ea3n l\u00e0 nhi\u1ec7m v\u1ee5&nbsp;quan tr\u1ecdng ngay t\u1eeb ban \u0111\u1ea7u t\u1eeb&nbsp;c\u00e1c t\u1ed5&nbsp;ch\u1ee9c qu\u1ed1c t\u1ebf, c\u00e1c n\u01b0\u1edbc nh\u01b0 <em>DAAD, Erasmus+; NAGAO, CDR-\u00c1o, JICA-Nh\u1eadt, KOICA- H\u00e0n Qu\u1ed1c hay Australia Awards Vietnam.<\/em><\/p>\n\n\n\n<div class=\"wp-block-uagb-advanced-heading\" id=\"uagb-adv-heading-9471efd6-7036-4288-9348-072c1deb9beb\"><h3 class=\"uagb-heading-text\"><strong>Chi\u1ebfn l\u01b0\u1ee3c v\u1edbi c\u00e1c c\u00f4ng ty trong v\u00e0 ngo\u00e0i n\u01b0\u1edbc v\u1ec1 cung \u1ee9ng ngu\u1ed3n nh\u00e2n l\u1ef1c <\/strong><\/h3><div class=\"uagb-separator-wrap\"><div class=\"uagb-separator\"><\/div><\/div><p class=\"uagb-desc-text\"><strong>Giai \u0111o\u1ea1n 5 n\u0103m 2020-2025<\/strong><\/p><\/div>\n\n\n\n<p class=\"has-text-color has-black-color\">1. Tuy\u1ec3n sinh vi\u00ean hi\u1ec7n \u0111ang theo h\u1ecdc t\u1ea1i c\u00e1c tr\u01b0\u1eddng trong \u0110\u1ea1i h\u1ecdc Hu\u1ebf theo h\u1ecdc c\u00e1c <em><strong>ch\u1ee9ng ch\u1ec9 ngh\u1ec1 nghi\u1ec7p<\/strong> <\/em>theo chu\u1ea9n c\u1ee7a c\u00e1c c\u00f4ng ty trong th\u1eddi gian ng\u1eafn v\u00e0 ngay b\u1eaft \u0111\u1ea7u ho\u1ea1t \u0111\u1ed9ng c\u1ee7a khoa (ch\u1ee9ng ch\u1ec9 3 th\u00e1ng, 6 th\u00e1ng c\u00f3 doanh nghi\u1ec7p \u0111\u00e0o t\u1ea1o-chuy\u1ec3n \u0111\u1ed5i ngh\u1ec1 nghi\u1ec7p)<\/p>\n\n\n\n<p>2. \u0110\u00e0o t\u1ea1o theo \u0111\u1eb7t h\u00e0ng c\u1ee7a c\u00f4ng ty c\u00f3 s\u1ef1&nbsp;tham gia c\u1ee7a c\u00f4ng ty nh\u01b0 <em>3S-IBM; DELL-MegRabbit<\/em><\/p>\n\n\n\n<p>3. \u0110\u00e0o t\u1ea1o cung&nbsp;\u1ee9ng nh\u00e2n l\u1ef1c cho c\u00e1c doanh nghi\u1ec7p Nh\u1eadt B\u1ea3n v\u1ec1 c\u00e1c l\u0129nh v\u1ef1c C\u00f4ng ngh\u1ec7&nbsp;th\u00f4ng tin&nbsp;\u2013 C\u01a1 kh\u00ed \u2013 \u0110i\u1ec7n \u0111i\u1ec7n t\u1eed&nbsp;(Tuy\u1ec3n ch\u1ecdn sinh vi\u00ean n\u0103m cu\u1ed1i v\u00e0 sinh vi\u00ean \u0111\u00e3 t\u1ed1t nghi\u1ec7p \u0111\u00e0o t\u1ea1o ng\u00f4n ng\u1eef&nbsp;(ti\u1ebfng Nh\u1eadt),&nbsp;t\u00e1c phong v\u0103n h\u00f3a Nh\u1eadt v\u00e0 b\u1ed5&nbsp;tr\u1ee3&nbsp;ki\u1ebfn th\u1ee9c k\u1ef9 n\u0103ng (ch\u1ee7&nbsp;y\u1ebfu l\u00e0 k\u1ef9 n\u0103ng thi\u1ebft k\u1ebf&nbsp;(cho sinh vi\u00ean ng\u00e0nh K\u1ef9&nbsp;thu\u1eadt v\u00e0 k\u1ef9 n\u0103ng l\u1eadp tr\u00ecnh (sinh vi\u00ean c\u00f4ng ngh\u1ec7&nbsp;th\u00f4ng tin) trong th\u1eddi gian 6-8 th\u00e1ng.<\/p>\n\n\n\n<p>4.&nbsp;\u0110\u00e0o t\u1ea1o ch\u01b0\u01a1ng tr\u00ecnh ti\u00ean ti\u1ebfn cung c\u1ea5p cho c\u00e1c tr\u1ecb tr\u01b0\u1eddng thi\u1ebfu ngu\u1ed3n nh\u00e2n l\u1ef1c ch\u1ea5t l\u01b0\u1ee3ng cao nh\u01b0 Nh\u1eadt B\u1ea3n, H\u00e0n Qu\u1ed1c, \u0110\u00e0i Loan v\u00e0 c\u00e1c n\u01b0\u1edbc Ch\u00e2u \u00c2u v\u1ec1 c\u00e1c l\u0129nh v\u1ef1c k\u1ef9&nbsp;thu\u1eadt v\u00e0 c\u00f4ng ngh\u1ec7 theo c\u00e1c m\u00f4 h\u00ecnh \u0111\u00e0o t\u1ea1o \u0111\u1eb7t h\u00e0ng theo chu\u1ea9n \u0111\u1ea7u ra c\u1ee7a t\u1eadp \u0111o\u00e0n, doanh nghi\u1ec7p.<\/p>\n\n\n","protected":false},"excerpt":{"rendered":"<p>H\u1ee2P T\u00c1C TRONG N\u01af\u1edaC V\u00c0 QU\u1ed0C T\u1ebe Tr\u00ean c\u01a1 s\u1edf&nbsp;s\u1ef1 \u1ee7ng h\u1ed9&nbsp;c\u1ee7a Ban Gi\u00e1m \u0111\u1ed1c, c\u00e1c ban ch\u1ee9c n\u0103ng c\u1ee7a \u0110\u1ea1i h\u1ecdc Hu\u1ebf \u0111\u1eb7c bi\u1ec7t&hellip;<\/p>\n","protected":false},"author":2,"featured_media":1953,"parent":0,"menu_order":0,"comment_status":"closed","ping_status":"closed","template":"","meta":{"footnotes":""},"_links":{"self":[{"href":"https:\/\/huet.hueuni.edu.vn\/index.php\/wp-json\/wp\/v2\/pages\/1766"}],"collection":[{"href":"https:\/\/huet.hueuni.edu.vn\/index.php\/wp-json\/wp\/v2\/pages"}],"about":[{"href":"https:\/\/huet.hueuni.edu.vn\/index.php\/wp-json\/wp\/v2\/types\/page"}],"author":[{"embeddable":true,"href":"https:\/\/huet.hueuni.edu.vn\/index.php\/wp-json\/wp\/v2\/users\/2"}],"replies":[{"embeddable":true,"href":"https:\/\/huet.hueuni.edu.vn\/index.php\/wp-json\/wp\/v2\/comments?post=1766"}],"version-history":[{"count":0,"href":"https:\/\/huet.hueuni.edu.vn\/index.php\/wp-json\/wp\/v2\/pages\/1766\/revisions"}],"wp:featuredmedia":[{"embeddable":true,"href":"https:\/\/huet.hueuni.edu.vn\/index.php\/wp-json\/"}],"wp:attachment":[{"href":"https:\/\/huet.hueuni.edu.vn\/index.php\/wp-json\/wp\/v2\/media?parent=1766"}],"curies":[{"name":"wp","href":"https:\/\/api.w.org\/{rel}","templated":true}]}}