{"id":1681,"date":"2020-04-16T02:25:58","date_gmt":"2020-04-16T02:25:58","guid":{"rendered":"http:\/\/huet.hueuni.edu.vn\/?page_id=1681"},"modified":"2020-04-16T02:25:58","modified_gmt":"2020-04-16T02:25:58","slug":"hop-tac-trong-nuoc","status":"publish","type":"page","link":"https:\/\/huet.hueuni.edu.vn\/index.php\/hop-tac-trong-nuoc\/","title":{"rendered":"H\u1ee3p t\u00e1c trong n\u01b0\u1edbc"},"content":{"rendered":"\n<div class=\"wp-block-uagb-advanced-heading\" id=\"uagb-adv-heading-97494a53-d34c-4de4-a6cf-8e9f670ae1ea\"><h2 class=\"uagb-heading-text\"><strong>H\u1ee3p t\u00e1c v\u1edbi c\u00e1c tr\u01b0\u1eddng \u0110\u1ea1i h\u1ecdc <\/strong><\/h2><div class=\"uagb-separator-wrap\"><div class=\"uagb-separator\"><\/div><\/div><p class=\"uagb-desc-text\"><strong> H\u1ee3p t\u00e1c \u0111\u00e0o t\u1ea1o nh\u1eb1m cung \u1ee9ng ngu\u1ed3n nh\u00e2n l\u1ef1c cho giai \u0111o\u1ea1n 5 n\u0103m 2020-2025<\/strong><\/p><\/div>\n\n\n\n<p>\u0110\u1ec3&nbsp;th\u1ef1c hi\u1ec7n t\u1ed1t c\u00e1c nhi\u1ec7m v\u1ee5&nbsp;h\u1ee3p t\u00e1c, ngay nh\u1eefng ng\u00e0y&nbsp;\u0111\u1ea7u th\u00e0nh l\u1eadp Khoa ch\u1ee7 \u0111\u1ed9ng x\u00e2y d\u1ef1ng m\u1ea1ng l\u01b0\u1edbi li\u00ean k\u1ebft v\u1edbi c\u00e1c tr\u01b0\u1eddng c\u00f3 b\u1ec1 d\u00e0y trong \u0111\u00e0o t\u1ea1o k\u1ef9&nbsp;thu\u1eadt v\u00e0 c\u00f4ng ngh\u1ec7 trong n\u01b0\u1edbc nh\u01b0 <em><a href=\"https:\/\/www.hust.edu.vn\">Tr\u01b0\u1eddng \u0110\u1ea1i h\u1ecdc B\u00e1ch Khoa H\u00e0 N\u1ed9i<\/a>, <a href=\"https:\/\/www.hcmut.edu.vn\/vi\">Tr\u01b0\u1eddng \u0110\u1ea1i h\u1ecdc B\u00e1ch Khoa Th\u00e0nh ph\u1ed1&nbsp;H\u1ed3 Ch\u00ed Minh<\/a>, <a href=\"https:\/\/hcmute.edu.vn\">Tr\u01b0\u1eddng \u0110H S\u01b0 Ph\u1ea1m K\u1ef9&nbsp;thu\u1eadt TPHCM<\/a>, <a href=\"https:\/\/uet.vnu.edu.vn\">Tr\u01b0\u1eddng \u0110\u1ea1i h\u1ecdc C\u00f4ng ngh\u1ec7, \u0110\u1ea1i h\u1ecdc Qu\u1ed1c Gia H\u00e0 N\u1ed9i<\/a>, \u0110\u1ea1i h\u1ecdc X\u00e2y D\u1ef1ng H\u00e0 N\u1ed9i, <a href=\"http:\/\/www.nuce.edu.vn\">\u0110\u1ea1i h\u1ecdc Th\u1ee7y L\u1ee3i<\/a>, <a href=\"https:\/\/www.utc.edu.vn\">\u0110\u1ea1i h\u1ecdc Giao Th\u00f4ng V\u1eadn T\u1ea3i<\/a>, <a href=\"http:\/\/portal.ptit.edu.vn\">H\u1ecdc vi\u1ec7n C\u00f4ng ngh\u1ec7 B\u01b0u ch\u00ednh Vi\u1ec5n th\u00f4ng<\/a><\/em> \u0111\u1ec3 t\u00ecm h\u01b0\u1edbng li\u00ean k\u1ebft, ph\u00e1t tri\u1ec3n v\u00e0 x\u00e2y d\u1ef1ng m\u00f4 h\u00ecnh \u0111\u00e0o t\u1ea1o c\u0169ng nh\u01b0 t\u1eadn d\u1ee5ng ngu\u1ed3n l\u1ef1c v\u1ec1&nbsp;c\u00e1c nh\u00e0 khoa h\u1ecdc c\u1ee7a c\u00e1c \u0111\u01a1n v\u1ecb&nbsp;trong vi\u1ec7c tham gia c\u1ed1&nbsp;v\u1ea5n, g\u00f3p \u00fd v\u00e0 \u0111\u00e0o t\u1ea1o&nbsp;c\u0169ng nh\u01b0 x\u00e2y d\u1ef1ng chu\u1ea9n \u0111\u1ea7u ra ph\u00f9 h\u1ee3p v\u1edbi ngu\u1ed3n nh\u00e2n l\u1ef1c qu\u1ed1c gia v\u00e0 qu\u1ed1c t\u1ebf&nbsp;cho Khoa.<\/p>\n\n\n\n<div class=\"wp-block-uagb-advanced-heading\" id=\"uagb-adv-heading-f6c99e6a-c944-450d-84ab-002a68663767\"><h2 class=\"uagb-heading-text\"><strong>H\u1ee3p t\u00e1c doanh nghi\u1ec7p <\/strong><\/h2><div class=\"uagb-separator-wrap\"><div class=\"uagb-separator\"><\/div><\/div><p class=\"uagb-desc-text\"><strong>X\u00e1c \u0111\u1ecbnh vai tr\u00f2 li\u00ean k\u1ebft doanh nghi\u1ec7p trong ho\u1ea1t \u0111\u1ed9ng li\u00ean k\u1ebft \u0111\u00e0o t\u1ea1o, chuy\u1ec3n giao khoa h\u1ecdc v\u00e0 c\u00f4ng ngh\u1ec7&nbsp;l\u00e0 h\u1ebft s\u1ee9c c\u1ea7n thi\u1ebft. Ch\u00ednh v\u00ec v\u1eady vi\u1ec7c x\u00e2y d\u1ef1ng c\u00e1c m\u00f4i li\u00ean k\u1ebft chi\u1ebfn&nbsp;l\u01b0\u1ee3c v\u1edbi do\u1ea1nh nghi\u1ec7p trong n\u01b0\u1edbc v\u00e0 qu\u1ed1c t\u1ebf&nbsp;c\u1ea7n \u0111\u01b0\u1ee3c ch\u00fa tr\u1ecdng v\u00e0 \u0111\u1ea9y m\u1ea1nh v\u1edbi nhi\u1ec1u h\u00ecnh th\u1ee9c h\u1ee3p t\u00e1c theo <em>c\u01a1 ch\u1ebf&nbsp;Win-Win<\/em>. M\u1ed9t s\u1ed1&nbsp;m\u00f4 h\u00ecnh h\u1ee3p t\u00e1c \u0111i\u1ec3n h\u00ecnh nh\u01b0 sau:<\/strong><\/p><\/div>\n\n\n\n<p><strong>H\u1ee3p t\u00e1c c\u00f9ng x\u00e2y d\u1ef1ng ch\u01b0\u01a1ng tr\u00ecnh \u0111\u00e0o t\u1ea1o theo m\u00f4 h\u00ecnh doanh nghi\u1ec7p:<\/strong> Doanh nghi\u1ec7p tham gia c\u00f9ng v\u1edbi Khoa x\u00e2y d\u1ef1ng ch\u01b0\u01a1ng tr\u00ecnh g\u1eafn v\u1edbi v\u1edbi doanh, t\u1eeb \u0111\u00f3 x\u00e1c \u0111\u1ecbnh chu\u1ea9n \u0111\u1ea7u ra cho ng\u00e0nh h\u1ecdc ph\u00f9 h\u1ee3p v\u1edbi xu th\u1ebf&nbsp;chung v\u00e0 ph\u00f9 h\u1ee3p v\u1edbi ho\u1ea1t \u0111\u1ed9ng c\u1ee7a doanh nghi\u1ec7p<\/p>\n\n\n\n<p><strong>\u0110\u00e0o t\u1ea1o t\u1ea1i doanh nghi\u1ec7p: <\/strong>Sinh vi\u00ean c\u00f3 th\u1eddi gian \u0111\u00e0o t\u1ea1o t\u1ea1i do\u1ea1nh nghi\u1ec7p, doanh nghi\u1ec7p c\u1eed chuy\u00ean gia h\u01b0\u1edbng d\u1eabn c\u00f9ng v\u1edbi gi\u1ea3ng vi\u00ean c\u1ee7a khoa c\u00e1c \u0111\u1ec1 \u00e1n, \u0111\u1ec1&nbsp;t\u00e0i theo <em>m\u00f4 h\u00ecnh PL (Project Learning)<\/em> th\u1eddi gian \u0111\u00e0o t\u1ea1o t\u01b0\u01a1ng \u1ee9ng kho\u1ea3ng 36-40 t\u00edn ch\u1ec9&nbsp;(2 h\u1ecdc k\u1ef3).<\/p>\n\n\n\n<p><strong>H\u1ee3p t\u00e1c cung&nbsp;\u1ee9ng nh\u00e2n l\u1ef1c cho doanh nghi\u1ec7p: <\/strong>t\u00ecm ki\u1ebfm \u0111\u1ed1i t\u00e1c c\u00f3 \u0111\u1ee7 n\u0103ng l\u1ef1c s\u1eed d\u1ee5ng nh\u00e2n l\u1ef1c v\u00e0 x\u00e2y d\u1ef1ng h\u1ee3p t\u00e1c chi\u1ebfn l\u01b0\u1ee3c (doanh nghi\u1ec7p cho sinh vi\u00ean vay v\u1ed1n h\u1ecdc) h\u1ed7&nbsp;tr\u1ee3 c\u01a1 s\u1edf&nbsp;v\u1eadt ch\u1ea5t cho \u0111\u01a1n v\u1ecb \u0111\u00e0o t\u1ea1o v\u00e0 \u0111\u01b0\u1ee3c s\u1eed&nbsp;d\u1ee5ng nh\u00e2n l\u1ef1c \u0111\u00e0o t\u1ea1o t\u1eeb Khoa.<\/p>\n\n\n\n<p><strong>H\u1ee3p t\u00e1c x\u00e2y d\u1ef1ng \u0111\u00e0o t\u1ea1o c\u00f9ng v\u1edbi doanh nghi\u1ec7p<\/strong> <em>c\u00e1c kh\u00f3a chuy\u00ean s\u00e2u ng\u1eafn h\u1ea1n<\/em>, <em>c\u00e1c kh\u00f3a chuy\u1ec3n \u0111\u1ed5i ngh\u1ec1&nbsp;nghi\u1ec7p <\/em>t\u1eadp trung cho nh\u00e2n l\u1ef1c c\u00f4ng ngh\u1ec7&nbsp;th\u00f4ng tin<\/p>\n\n\n\n<div class=\"wp-block-uagb-advanced-heading\" id=\"uagb-adv-heading-04448910-6c9c-43da-8dc3-23cfa68b64c7\"><h2 class=\"uagb-heading-text\"><strong>Doanh nghi\u1ec7p \u0111\u1ed1i t\u00e1c<\/strong><\/h2><div class=\"uagb-separator-wrap\"><div class=\"uagb-separator\"><\/div><\/div><p class=\"uagb-desc-text\"><\/p><\/div>\n\n\n\n<figure class=\"wp-block-gallery columns-3 is-cropped wp-block-gallery-1 is-layout-flex wp-block-gallery-is-layout-flex\"><ul class=\"blocks-gallery-grid\"><li class=\"blocks-gallery-item\"><figure><a href=\"http:\/\/huet.hueuni.edu.vn\/home\/logo-vccorp-new-8\/\"><img decoding=\"async\" src=\"http:\/\/huet.hueuni.edu.vn\/wp-content\/uploads\/2020\/02\/Logo-VCCorp-new-8.jpg\" alt=\"\" data-id=\"811\" data-full-url=\"http:\/\/huet.hueuni.edu.vn\/wp-content\/uploads\/2020\/02\/Logo-VCCorp-new-8.jpg\" data-link=\"http:\/\/huet.hueuni.edu.vn\/home\/logo-vccorp-new-8\/\" class=\"wp-image-811\"\/><\/a><\/figure><\/li><li class=\"blocks-gallery-item\"><figure><a href=\"http:\/\/huet.hueuni.edu.vn\/home\/tai-xuong-3-3\/\"><img decoding=\"async\" src=\"http:\/\/huet.hueuni.edu.vn\/wp-content\/uploads\/2020\/02\/t\u1ea3i-xu\u1ed1ng-3-3.jpg\" alt=\"\" data-id=\"817\" data-full-url=\"http:\/\/huet.hueuni.edu.vn\/wp-content\/uploads\/2020\/02\/t\u1ea3i-xu\u1ed1ng-3-3.jpg\" data-link=\"http:\/\/huet.hueuni.edu.vn\/home\/tai-xuong-3-3\/\" class=\"wp-image-817\"\/><\/a><\/figure><\/li><li class=\"blocks-gallery-item\"><figure><a href=\"http:\/\/huet.hueuni.edu.vn\/home\/tai-xuong-1-1-2\/\"><img decoding=\"async\" src=\"http:\/\/huet.hueuni.edu.vn\/wp-content\/uploads\/2020\/02\/t\u1ea3i-xu\u1ed1ng-1-1.jpg\" alt=\"\" data-id=\"810\" data-full-url=\"http:\/\/huet.hueuni.edu.vn\/wp-content\/uploads\/2020\/02\/t\u1ea3i-xu\u1ed1ng-1-1.jpg\" data-link=\"http:\/\/huet.hueuni.edu.vn\/home\/tai-xuong-1-1-2\/\" class=\"wp-image-810\"\/><\/a><\/figure><\/li><li class=\"blocks-gallery-item\"><figure><a href=\"http:\/\/huet.hueuni.edu.vn\/home\/vinbdi-1\/\"><img decoding=\"async\" src=\"http:\/\/huet.hueuni.edu.vn\/wp-content\/uploads\/2020\/02\/vinbdi-1.jpg\" alt=\"\" data-id=\"801\" data-full-url=\"http:\/\/huet.hueuni.edu.vn\/wp-content\/uploads\/2020\/02\/vinbdi-1.jpg\" data-link=\"http:\/\/huet.hueuni.edu.vn\/home\/vinbdi-1\/\" class=\"wp-image-801\"\/><\/a><\/figure><\/li><li class=\"blocks-gallery-item\"><figure><a href=\"http:\/\/huet.hueuni.edu.vn\/home\/1200px-vingroup_logo-svg_-3\/\"><img decoding=\"async\" src=\"http:\/\/huet.hueuni.edu.vn\/wp-content\/uploads\/2020\/02\/1200px-Vingroup_logo.svg_-3-1024x629.png\" alt=\"\" data-id=\"794\" data-full-url=\"http:\/\/huet.hueuni.edu.vn\/wp-content\/uploads\/2020\/02\/1200px-Vingroup_logo.svg_-3.png\" data-link=\"http:\/\/huet.hueuni.edu.vn\/home\/1200px-vingroup_logo-svg_-3\/\" class=\"wp-image-794\"\/><\/a><\/figure><\/li><\/ul><\/figure>\n\n\n\n<figure class=\"wp-block-embed-wordpress wp-block-embed is-type-wp-embed is-provider-khoa-k\u1ef9-thu\u1eadt-va-cong-ngh\u1ec7\"><div class=\"wp-block-embed__wrapper\">\nhttp:\/\/huet.hueuni.edu.vn\/khoa-ky-thuat-cong-nghe-hop-tac-voi-cong-ty-phan-mem-fujinet-systems-dao-tao-sinh-vien-khoi-nganh-ky-thuat-cong-nghe\/\n<\/div><\/figure>\n\n\n\n<figure class=\"wp-block-embed-wordpress wp-block-embed is-type-wp-embed is-provider-khoa-k\u1ef9-thu\u1eadt-va-cong-ngh\u1ec7\"><div class=\"wp-block-embed__wrapper\">\nhttp:\/\/huet.hueuni.edu.vn\/ky-ket-hop-tac-giua-khoa-ky-thuat-va-cong-nghe-voi-trung-tam-dao-tao-va-mo-phong-ky-thuat-huebim\/\n<\/div><\/figure>\n\n\n\n<figure class=\"wp-block-embed-wordpress wp-block-embed is-type-wp-embed is-provider-khoa-k\u1ef9-thu\u1eadt-va-cong-ngh\u1ec7\"><div class=\"wp-block-embed__wrapper\">\nhttp:\/\/huet.hueuni.edu.vn\/chuyen-vieng-tham-lam-viec-va-hop-tac-giua-huet-va-cong-ty-tnhh-logigear-viet-nam\/\n<\/div><\/figure>\n\n\n\n<figure class=\"wp-block-embed-wordpress wp-block-embed is-type-wp-embed is-provider-khoa-k\u1ef9-thu\u1eadt-va-cong-ngh\u1ec7\"><div class=\"wp-block-embed__wrapper\">\nhttp:\/\/huet.hueuni.edu.vn\/hop-tac-giua-du-an-nha-may-dien-khi-lng-chan-may-va-huet\/\n<\/div><\/figure>\n\n\n\n<figure class=\"wp-block-embed-wordpress wp-block-embed is-type-wp-embed is-provider-khoa-k\u1ef9-thu\u1eadt-va-cong-ngh\u1ec7\"><div class=\"wp-block-embed__wrapper\">\nhttp:\/\/huet.hueuni.edu.vn\/huet-day-mang-hop-tac-doanh-nghiep-trong-dao-tao-dai-hoc\/\n<\/div><\/figure>\n\n\n\n<figure class=\"wp-block-embed-wordpress wp-block-embed is-type-wp-embed is-provider-khoa-k\u1ef9-thu\u1eadt-va-cong-ngh\u1ec7\"><div class=\"wp-block-embed__wrapper\">\nhttp:\/\/huet.hueuni.edu.vn\/buoi-lam-viec-va-hop-tac-giua-huet-va-tma-solutions-binh-dinh\/\n<\/div><\/figure>\n\n\n\n<figure class=\"wp-block-embed-wordpress wp-block-embed is-type-wp-embed is-provider-khoa-k\u1ef9-thu\u1eadt-va-cong-ngh\u1ec7\"><div class=\"wp-block-embed__wrapper\">\nhttp:\/\/huet.hueuni.edu.vn\/chuyen-tham-va-lam-viec-cua-ibm-viet-nam-va-logigear-viet-nam-tai-khoa-ky-thuat-va-cong-nghe\/\n<\/div><\/figure>\n\n\n\n<figure class=\"wp-block-embed-wordpress wp-block-embed is-type-wp-embed is-provider-khoa-k\u1ef9-thu\u1eadt-va-cong-ngh\u1ec7\"><div class=\"wp-block-embed__wrapper\">\nhttp:\/\/huet.hueuni.edu.vn\/chinh-thuc-ky-ket-hop-tac-voi-cong-ty-co-phan-deha\/\n<\/div><\/figure>\n","protected":false},"excerpt":{"rendered":"<p>\u0110\u1ec3&nbsp;th\u1ef1c hi\u1ec7n t\u1ed1t c\u00e1c nhi\u1ec7m v\u1ee5&nbsp;h\u1ee3p t\u00e1c, ngay nh\u1eefng ng\u00e0y&nbsp;\u0111\u1ea7u th\u00e0nh l\u1eadp Khoa ch\u1ee7 \u0111\u1ed9ng x\u00e2y d\u1ef1ng m\u1ea1ng l\u01b0\u1edbi li\u00ean k\u1ebft v\u1edbi c\u00e1c tr\u01b0\u1eddng c\u00f3&hellip;<\/p>\n","protected":false},"author":2,"featured_media":0,"parent":0,"menu_order":0,"comment_status":"closed","ping_status":"closed","template":"","meta":{"footnotes":""},"_links":{"self":[{"href":"https:\/\/huet.hueuni.edu.vn\/index.php\/wp-json\/wp\/v2\/pages\/1681"}],"collection":[{"href":"https:\/\/huet.hueuni.edu.vn\/index.php\/wp-json\/wp\/v2\/pages"}],"about":[{"href":"https:\/\/huet.hueuni.edu.vn\/index.php\/wp-json\/wp\/v2\/types\/page"}],"author":[{"embeddable":true,"href":"https:\/\/huet.hueuni.edu.vn\/index.php\/wp-json\/wp\/v2\/users\/2"}],"replies":[{"embeddable":true,"href":"https:\/\/huet.hueuni.edu.vn\/index.php\/wp-json\/wp\/v2\/comments?post=1681"}],"version-history":[{"count":0,"href":"https:\/\/huet.hueuni.edu.vn\/index.php\/wp-json\/wp\/v2\/pages\/1681\/revisions"}],"wp:attachment":[{"href":"https:\/\/huet.hueuni.edu.vn\/index.php\/wp-json\/wp\/v2\/media?parent=1681"}],"curies":[{"name":"wp","href":"https:\/\/api.w.org\/{rel}","templated":true}]}}