{"id":1679,"date":"2020-04-16T02:25:30","date_gmt":"2020-04-16T02:25:30","guid":{"rendered":"http:\/\/huet.hueuni.edu.vn\/?page_id=1679"},"modified":"2020-04-16T02:25:30","modified_gmt":"2020-04-16T02:25:30","slug":"hop-tac-quoc-te","status":"publish","type":"page","link":"https:\/\/huet.hueuni.edu.vn\/index.php\/hop-tac-quoc-te\/","title":{"rendered":"H\u1ee3p t\u00e1c qu\u1ed1c t\u1ebf"},"content":{"rendered":"\n<h2 class=\"has-blue-color has-text-color has-text-align-center wp-block-heading\">H\u1ee2P T\u00c1C QU\u1ed0C T\u1ebe<\/h2>\n\n\n\n<p><\/p>\n\n\n\n<div class=\"wp-block-uagb-advanced-heading\" id=\"uagb-adv-heading-c64173d8-6eb8-47f9-b896-5f698c9d0f4c\"><h4 class=\"uagb-heading-text\"><strong>H\u1ee3p t\u00e1c v\u1edbi c\u00e1c c\u01a1 s\u1edf Gi\u00e1o d\u1ee5c qu\u1ed1c t\u1ebf <\/strong><\/h4><div class=\"uagb-separator-wrap\"><div class=\"uagb-separator\"><\/div><\/div><p class=\"uagb-desc-text\"><strong>H\u1ee3p t\u00e1c qu\u1ed1c t\u1ebf l\u00e0 ch\u00eca kh\u00f3a \u0111\u1ec3&nbsp;ph\u00e1t tri\u1ec3n khoa trong xuy\u00ean su\u1ed1t c\u00e1c ho\u1ea1t \u0111\u1ed9ng t\u1eeb \u0111\u00e0o t\u1ea1o, nghi\u00ean c\u1ee9u, chuy\u1ec3n giao khoa h\u1ecdc c\u00f4ng ngh\u1ec7<\/strong>. <br><\/p><\/div>\n\n\n\n<h5 class=\"has-blue-color has-text-color has-text-align-left wp-block-heading\"><strong>Ch\u00e2u \u00c1 <\/strong><\/h5>\n\n\n\n<p>Khoa K\u1ef9&nbsp;thu\u1eadt v\u00e0 C\u00f4ng ngh\u1ec7&nbsp;ch\u00fa tr\u1ecdng ph\u00e1t tri\u1ec3n to\u00e0n di\u1ec7n v\u00e0 n\u00e2ng cao t\u1ef7&nbsp;l\u1ec7&nbsp;qu\u1ed1c t\u1ebf&nbsp;h\u00f3a t\u1ea5t c\u1ea3&nbsp;c\u00e1c ho\u1ea1t \u0111\u1ed9ng c\u1ee7a khoa v\u1edbi m\u1ed9t s\u1ed1 tr\u01b0\u1eddng&nbsp;\u1edf&nbsp;Ch\u00e2u \u00c1:  <\/p>\n\n\n\n<div class=\"wp-block-uagb-icon-list uagb-icon-list__outer-wrap uagb-icon-list__layout-vertical\" id=\"uagb-icon-list-8eac37be-259a-4b5c-b828-2d94c0fa1536\"><div class=\"uagb-icon-list__wrap\"><a class=\"uagb-icon-list-repeater-0 uagb-icon-list__wrapper\" target=\"_self\" rel=\"noopener noreferrer\" href=\"void(0);\"><div class=\"uagb-icon-list__content-wrap\"><span class=\"uagb-icon-list__source-wrap\"><span class=\"uagb-icon-list__source-icon\"><svg xmlns=\"http:\/\/www.w3.org\/2000\/svg\" viewbox=\"0 0 512 512\"><path d=\"M256 8c137 0 248 111 248 248S393 504 256 504 8 393 8 256 119 8 256 8zM140 300h116v70.9c0 10.7 13 16.1 20.5 8.5l114.3-114.9c4.7-4.7 4.7-12.2 0-16.9l-114.3-115c-7.6-7.6-20.5-2.2-20.5 8.5V212H140c-6.6 0-12 5.4-12 12v64c0 6.6 5.4 12 12 12z\"><\/path><\/svg><\/span><\/span><div class=\"uagb-icon-list__label-wrap\"><span class=\"uagb-icon-list__label\"><em><a href=\"https:\/\/www.ait.ac.th\" target=\"_blank\" rel=\"noreferrer noopener\" aria-label=\" (m\u1edf trong tab m\u1edbi)\">Vi\u1ec7n c\u00f4ng ngh\u1ec7 Ch\u00e2u \u00c1 AIT<\/a><\/em><\/span><\/div><\/div><\/a><a class=\"uagb-icon-list-repeater-1 uagb-icon-list__wrapper\" target=\"_self\" rel=\"noopener noreferrer\" href=\"#\"><div class=\"uagb-icon-list__content-wrap\"><span class=\"uagb-icon-list__source-wrap\"><span class=\"uagb-icon-list__source-icon\"><svg xmlns=\"http:\/\/www.w3.org\/2000\/svg\" viewbox=\"0 0 512 512\"><path d=\"M256 8c137 0 248 111 248 248S393 504 256 504 8 393 8 256 119 8 256 8zm-28.9 143.6l75.5 72.4H120c-13.3 0-24 10.7-24 24v16c0 13.3 10.7 24 24 24h182.6l-75.5 72.4c-9.7 9.3-9.9 24.8-.4 34.3l11 10.9c9.4 9.4 24.6 9.4 33.9 0L404.3 273c9.4-9.4 9.4-24.6 0-33.9L271.6 106.3c-9.4-9.4-24.6-9.4-33.9 0l-11 10.9c-9.5 9.6-9.3 25.1.4 34.4z\"><\/path><\/svg><\/span><\/span><div class=\"uagb-icon-list__label-wrap\"><span class=\"uagb-icon-list__label\"><em><a href=\"http:\/\/www.kyoto-u.ac.jp\/ja\" target=\"_blank\" rel=\"noreferrer noopener\" aria-label=\" (m\u1edf trong tab m\u1edbi)\">\u0110\u1ea1i h\u1ecdc Kyoto<\/a><\/em><\/span><\/div><\/div><\/a><a class=\"uagb-icon-list-repeater-2 uagb-icon-list__wrapper\" target=\"_self\" rel=\"noopener noreferrer\" href=\"#\"><div class=\"uagb-icon-list__content-wrap\"><span class=\"uagb-icon-list__source-wrap\"><span class=\"uagb-icon-list__source-icon\"><svg xmlns=\"http:\/\/www.w3.org\/2000\/svg\" viewbox=\"0 0 512 512\"><path d=\"M256 8c137 0 248 111 248 248S393 504 256 504 8 393 8 256 119 8 256 8zm-28.9 143.6l75.5 72.4H120c-13.3 0-24 10.7-24 24v16c0 13.3 10.7 24 24 24h182.6l-75.5 72.4c-9.7 9.3-9.9 24.8-.4 34.3l11 10.9c9.4 9.4 24.6 9.4 33.9 0L404.3 273c9.4-9.4 9.4-24.6 0-33.9L271.6 106.3c-9.4-9.4-24.6-9.4-33.9 0l-11 10.9c-9.5 9.6-9.3 25.1.4 34.4z\"><\/path><\/svg><\/span><\/span><div class=\"uagb-icon-list__label-wrap\"><span class=\"uagb-icon-list__label\"><em><a href=\"http:\/\/www.nagoya-u.ac.jp\/index.html\" target=\"_blank\" rel=\"noreferrer noopener\" aria-label=\" (m\u1edf trong tab m\u1edbi)\">\u0110\u1ea1i h\u1ecdc Nagoya<\/a><\/em><\/span><\/div><\/div><\/a><a class=\"uagb-icon-list-repeater-3 uagb-icon-list__wrapper\" target=\"_self\" rel=\"noopener noreferrer\" href=\"#\"><div class=\"uagb-icon-list__content-wrap\"><span class=\"uagb-icon-list__source-wrap\"><span class=\"uagb-icon-list__source-icon\"><svg xmlns=\"http:\/\/www.w3.org\/2000\/svg\" viewbox=\"0 0 512 512\"><path d=\"M256 8c137 0 248 111 248 248S393 504 256 504 8 393 8 256 119 8 256 8zm-28.9 143.6l75.5 72.4H120c-13.3 0-24 10.7-24 24v16c0 13.3 10.7 24 24 24h182.6l-75.5 72.4c-9.7 9.3-9.9 24.8-.4 34.3l11 10.9c9.4 9.4 24.6 9.4 33.9 0L404.3 273c9.4-9.4 9.4-24.6 0-33.9L271.6 106.3c-9.4-9.4-24.6-9.4-33.9 0l-11 10.9c-9.5 9.6-9.3 25.1.4 34.4z\"><\/path><\/svg><\/span><\/span><div class=\"uagb-icon-list__label-wrap\"><span class=\"uagb-icon-list__label\"><em><a href=\"https:\/\/www.kit.ac.jp\" target=\"_blank\" rel=\"noreferrer noopener\" aria-label=\" (m\u1edf trong tab m\u1edbi)\">Vi\u1ec7n C\u00f4ng ngh\u1ec7\u00a0Kyoto Nh\u1eadt B\u1ea3n<\/a><\/em><\/span><\/div><\/div><\/a><a class=\"uagb-icon-list-repeater-4 uagb-icon-list__wrapper\" target=\"_self\" rel=\"noopener noreferrer\" href=\"#\"><div class=\"uagb-icon-list__content-wrap\"><span class=\"uagb-icon-list__source-wrap\"><span class=\"uagb-icon-list__source-icon\"><svg xmlns=\"http:\/\/www.w3.org\/2000\/svg\" viewbox=\"0 0 512 512\"><path d=\"M256 8c137 0 248 111 248 248S393 504 256 504 8 393 8 256 119 8 256 8zm-28.9 143.6l75.5 72.4H120c-13.3 0-24 10.7-24 24v16c0 13.3 10.7 24 24 24h182.6l-75.5 72.4c-9.7 9.3-9.9 24.8-.4 34.3l11 10.9c9.4 9.4 24.6 9.4 33.9 0L404.3 273c9.4-9.4 9.4-24.6 0-33.9L271.6 106.3c-9.4-9.4-24.6-9.4-33.9 0l-11 10.9c-9.5 9.6-9.3 25.1.4 34.4z\"><\/path><\/svg><\/span><\/span><div class=\"uagb-icon-list__label-wrap\"><span class=\"uagb-icon-list__label\"><em><a href=\"https:\/\/web.ncku.edu.tw\/index.php\" target=\"_blank\" rel=\"noreferrer noopener\" aria-label=\" (m\u1edf trong tab m\u1edbi)\">\u0110\u1ea1i h\u1ecdc Qu\u1ed1c gia Th\u00e0nh C\u00f4ng (NCKU)<\/a><\/em><\/span><\/div><\/div><\/a><a class=\"uagb-icon-list-repeater-5 uagb-icon-list__wrapper\" target=\"_self\" rel=\"noopener noreferrer\" href=\"#\"><div class=\"uagb-icon-list__content-wrap\"><span class=\"uagb-icon-list__source-wrap\"><span class=\"uagb-icon-list__source-icon\"><svg xmlns=\"http:\/\/www.w3.org\/2000\/svg\" viewbox=\"0 0 512 512\"><path d=\"M256 8c137 0 248 111 248 248S393 504 256 504 8 393 8 256 119 8 256 8zm-28.9 143.6l75.5 72.4H120c-13.3 0-24 10.7-24 24v16c0 13.3 10.7 24 24 24h182.6l-75.5 72.4c-9.7 9.3-9.9 24.8-.4 34.3l11 10.9c9.4 9.4 24.6 9.4 33.9 0L404.3 273c9.4-9.4 9.4-24.6 0-33.9L271.6 106.3c-9.4-9.4-24.6-9.4-33.9 0l-11 10.9c-9.5 9.6-9.3 25.1.4 34.4z\"><\/path><\/svg><\/span><\/span><div class=\"uagb-icon-list__label-wrap\"><span class=\"uagb-icon-list__label\"><em><a href=\"https:\/\/www.stust.edu.tw\" target=\"_blank\" rel=\"noreferrer noopener\" aria-label=\" (m\u1edf trong tab m\u1edbi)\">\u0110\u1ea1i h\u1ecdc Khoa h\u1ecdc v\u00e0 C\u00f4ng ngh\u1ec7\u00a0Nam \u0110\u00e0i Loan (STUST)<\/a><\/em><\/span><\/div><\/div><\/a><a class=\"uagb-icon-list-repeater-6 uagb-icon-list__wrapper\" target=\"_self\" rel=\"noopener noreferrer\" href=\"#\"><div class=\"uagb-icon-list__content-wrap\"><span class=\"uagb-icon-list__source-wrap\"><span class=\"uagb-icon-list__source-icon\"><svg xmlns=\"http:\/\/www.w3.org\/2000\/svg\" viewbox=\"0 0 512 512\"><path d=\"M256 8c137 0 248 111 248 248S393 504 256 504 8 393 8 256 119 8 256 8zm-28.9 143.6l75.5 72.4H120c-13.3 0-24 10.7-24 24v16c0 13.3 10.7 24 24 24h182.6l-75.5 72.4c-9.7 9.3-9.9 24.8-.4 34.3l11 10.9c9.4 9.4 24.6 9.4 33.9 0L404.3 273c9.4-9.4 9.4-24.6 0-33.9L271.6 106.3c-9.4-9.4-24.6-9.4-33.9 0l-11 10.9c-9.5 9.6-9.3 25.1.4 34.4z\"><\/path><\/svg><\/span><\/span><div class=\"uagb-icon-list__label-wrap\"><span class=\"uagb-icon-list__label\"><em><a href=\"https:\/\/www.nctu.edu.tw\" target=\"_blank\" rel=\"noreferrer noopener\" aria-label=\" (m\u1edf trong tab m\u1edbi)\">\u0110\u1ea1i h\u1ecdc Qu\u1ed1c Gia Giao Th\u00f4ng\u00a0\u0110\u00e0i Loan (NCTU)<\/a><\/em><\/span><\/div><\/div><\/a><a class=\"uagb-icon-list-repeater-7 uagb-icon-list__wrapper\" target=\"_self\" rel=\"noopener noreferrer\" href=\"#\"><div class=\"uagb-icon-list__content-wrap\"><span class=\"uagb-icon-list__source-wrap\"><span class=\"uagb-icon-list__source-icon\"><svg xmlns=\"http:\/\/www.w3.org\/2000\/svg\" viewbox=\"0 0 512 512\"><path d=\"M256 8c137 0 248 111 248 248S393 504 256 504 8 393 8 256 119 8 256 8zm-28.9 143.6l75.5 72.4H120c-13.3 0-24 10.7-24 24v16c0 13.3 10.7 24 24 24h182.6l-75.5 72.4c-9.7 9.3-9.9 24.8-.4 34.3l11 10.9c9.4 9.4 24.6 9.4 33.9 0L404.3 273c9.4-9.4 9.4-24.6 0-33.9L271.6 106.3c-9.4-9.4-24.6-9.4-33.9 0l-11 10.9c-9.5 9.6-9.3 25.1.4 34.4z\"><\/path><\/svg><\/span><\/span><div class=\"uagb-icon-list__label-wrap\"><span class=\"uagb-icon-list__label\"><em><a href=\"http:\/\/www.kaist.ac.kr\/kr\/\" target=\"_blank\" rel=\"noreferrer noopener\" aria-label=\" (m\u1edf trong tab m\u1edbi)\">Vi\u1ec7n Khoa h\u1ecdc v\u00e0 C\u00f4ng ngh\u1ec7\u00a0ti\u00ean ti\u1ebfn H\u00e0n Qu\u1ed1c (KAIST)<\/a><\/em><\/span><\/div><\/div><\/a><a class=\"uagb-icon-list-repeater-8 uagb-icon-list__wrapper\" target=\"_self\" rel=\"noopener noreferrer\" href=\"#\"><div class=\"uagb-icon-list__content-wrap\"><span class=\"uagb-icon-list__source-wrap\"><span class=\"uagb-icon-list__source-icon\"><svg xmlns=\"http:\/\/www.w3.org\/2000\/svg\" viewbox=\"0 0 512 512\"><path d=\"M256 8c137 0 248 111 248 248S393 504 256 504 8 393 8 256 119 8 256 8zm-28.9 143.6l75.5 72.4H120c-13.3 0-24 10.7-24 24v16c0 13.3 10.7 24 24 24h182.6l-75.5 72.4c-9.7 9.3-9.9 24.8-.4 34.3l11 10.9c9.4 9.4 24.6 9.4 33.9 0L404.3 273c9.4-9.4 9.4-24.6 0-33.9L271.6 106.3c-9.4-9.4-24.6-9.4-33.9 0l-11 10.9c-9.5 9.6-9.3 25.1.4 34.4z\"><\/path><\/svg><\/span><\/span><div class=\"uagb-icon-list__label-wrap\"><span class=\"uagb-icon-list__label\"><em><a href=\"https:\/\/www.skku.edu\/skku\/index.do\" target=\"_blank\" rel=\"noreferrer noopener\" aria-label=\" (m\u1edf trong tab m\u1edbi)\">\u0110\u1ea1i h\u1ecdc Sungkyunkwan (SKKU) H\u00e0n Qu\u1ed1c<\/a><\/em><\/span><\/div><\/div><\/a><\/div><\/div>\n\n\n\n<h5 class=\"has-blue-color has-text-color has-text-align-left wp-block-heading\"><strong>Ch\u00e2u \u00c2u v\u00e0 M\u1ef9 <\/strong><\/h5>\n\n\n\n<p>B\u00ean c\u1ea1nh \u0111\u00f3&nbsp;vi\u1ec7c&nbsp;x\u00e1c \u0111\u1ecbnh ngu\u1ed3n nh\u00e2n l\u1ef1c ch\u1ea5t l\u01b0\u1ee3ng cao trong giai \u0111o\u1ea1n 2020-2030 kh\u00f4ng ch\u1ec9 \u1edf n\u01b0\u1edbc ta m\u00e0&nbsp;\u1edf&nbsp;c\u1ea3 c\u00e1c n\u01b0\u1edbc c\u00f3 n\u1ec1n c\u00f4ng ngh\u1ec7&nbsp;ph\u00e1t tri\u1ec3n nh\u01b0 M\u1ef9 hay Ch\u00e2u \u00c2u&nbsp;\u0111ang thi\u1ebfu h\u1ee5t nghi\u00eam tr\u1ecdng, do \u0111\u00f3 vi\u1ec7c li\u00ean k\u1ebft \u0111\u00e0o t\u1ea1o, h\u1ee3p t\u00e1c nghi\u00ean c\u1ee9u v\u1edbi c\u00e1c tr\u01b0\u1eddng \u0110\u1ea1i h\u1ecdc&nbsp;\u1edf c\u00e1c n\u01b0\u1edbc n\u00e0y l\u00e0 h\u1ebft s\u1ee9c c\u1ea7n thi\u1ebft. M\u1ed9t s\u1ed1 tr\u01b0\u1eddng \u0110\u1ea1i h\u1ecdc s\u1ebd \u0111\u01b0\u1ee3c khoa x\u00e2y d\u1ef1ng ph\u00e1t tri\u1ec3n li\u00ean k\u1ebft nh\u01b0:<\/p>\n\n\n\n<div class=\"wp-block-uagb-icon-list uagb-icon-list__outer-wrap uagb-icon-list__layout-vertical\" id=\"uagb-icon-list-fcae2f70-d549-4241-9864-f428ae9cfc83\"><div class=\"uagb-icon-list__wrap\"><a class=\"uagb-icon-list-repeater-0 uagb-icon-list__wrapper\" target=\"_self\" rel=\"noopener noreferrer\" href=\"void(0);\"><div class=\"uagb-icon-list__content-wrap\"><span class=\"uagb-icon-list__source-wrap\"><span class=\"uagb-icon-list__source-icon\"><svg xmlns=\"http:\/\/www.w3.org\/2000\/svg\" viewbox=\"0 0 512 512\"><path d=\"M256 8c137 0 248 111 248 248S393 504 256 504 8 393 8 256 119 8 256 8zm-28.9 143.6l75.5 72.4H120c-13.3 0-24 10.7-24 24v16c0 13.3 10.7 24 24 24h182.6l-75.5 72.4c-9.7 9.3-9.9 24.8-.4 34.3l11 10.9c9.4 9.4 24.6 9.4 33.9 0L404.3 273c9.4-9.4 9.4-24.6 0-33.9L271.6 106.3c-9.4-9.4-24.6-9.4-33.9 0l-11 10.9c-9.5 9.6-9.3 25.1.4 34.4z\"><\/path><\/svg><\/span><\/span><div class=\"uagb-icon-list__label-wrap\"><span class=\"uagb-icon-list__label\"><em><a href=\"https:\/\/www.missouristate.edu\" target=\"_blank\" rel=\"noreferrer noopener\" aria-label=\" (m\u1edf trong tab m\u1edbi)\">\u0110\u1ea1i h\u1ecdc Missouri State, M\u1ef9<\/a><\/em><\/span><\/div><\/div><\/a><a class=\"uagb-icon-list-repeater-1 uagb-icon-list__wrapper\" target=\"_self\" rel=\"noopener noreferrer\" href=\"#\"><div class=\"uagb-icon-list__content-wrap\"><span class=\"uagb-icon-list__source-wrap\"><span class=\"uagb-icon-list__source-icon\"><svg xmlns=\"http:\/\/www.w3.org\/2000\/svg\" viewbox=\"0 0 512 512\"><path d=\"M256 8c137 0 248 111 248 248S393 504 256 504 8 393 8 256 119 8 256 8zm-28.9 143.6l75.5 72.4H120c-13.3 0-24 10.7-24 24v16c0 13.3 10.7 24 24 24h182.6l-75.5 72.4c-9.7 9.3-9.9 24.8-.4 34.3l11 10.9c9.4 9.4 24.6 9.4 33.9 0L404.3 273c9.4-9.4 9.4-24.6 0-33.9L271.6 106.3c-9.4-9.4-24.6-9.4-33.9 0l-11 10.9c-9.5 9.6-9.3 25.1.4 34.4z\"><\/path><\/svg><\/span><\/span><div class=\"uagb-icon-list__label-wrap\"><span class=\"uagb-icon-list__label\"><em><a href=\"https:\/\/lamas.us\/about\" target=\"_blank\" rel=\"noreferrer noopener\" aria-label=\" (m\u1edf trong tab m\u1edbi)\">\u0110\u1ea1i h\u1ecdc Lamas, M\u1ef9<\/a><\/em><\/span><\/div><\/div><\/a><a class=\"uagb-icon-list-repeater-2 uagb-icon-list__wrapper\" target=\"_self\" rel=\"noopener noreferrer\" href=\"#\"><div class=\"uagb-icon-list__content-wrap\"><span class=\"uagb-icon-list__source-wrap\"><span class=\"uagb-icon-list__source-icon\"><svg xmlns=\"http:\/\/www.w3.org\/2000\/svg\" viewbox=\"0 0 512 512\"><path d=\"M256 8c137 0 248 111 248 248S393 504 256 504 8 393 8 256 119 8 256 8zm-28.9 143.6l75.5 72.4H120c-13.3 0-24 10.7-24 24v16c0 13.3 10.7 24 24 24h182.6l-75.5 72.4c-9.7 9.3-9.9 24.8-.4 34.3l11 10.9c9.4 9.4 24.6 9.4 33.9 0L404.3 273c9.4-9.4 9.4-24.6 0-33.9L271.6 106.3c-9.4-9.4-24.6-9.4-33.9 0l-11 10.9c-9.5 9.6-9.3 25.1.4 34.4z\"><\/path><\/svg><\/span><\/span><div class=\"uagb-icon-list__label-wrap\"><span class=\"uagb-icon-list__label\"><em><a href=\"https:\/\/www.tu-berlin.de\" target=\"_blank\" rel=\"noreferrer noopener\" aria-label=\" (m\u1edf trong tab m\u1edbi)\">\u0110\u1ea1i h\u1ecdc Technische Universit\u00e4t Berlin, \u0110\u1ee9c<\/a><\/em><\/span><\/div><\/div><\/a><a class=\"uagb-icon-list-repeater-3 uagb-icon-list__wrapper\" target=\"_self\" rel=\"noopener noreferrer\" href=\"#\"><div class=\"uagb-icon-list__content-wrap\"><span class=\"uagb-icon-list__source-wrap\"><span class=\"uagb-icon-list__source-icon\"><svg xmlns=\"http:\/\/www.w3.org\/2000\/svg\" viewbox=\"0 0 512 512\"><path d=\"M256 8c137 0 248 111 248 248S393 504 256 504 8 393 8 256 119 8 256 8zm-28.9 143.6l75.5 72.4H120c-13.3 0-24 10.7-24 24v16c0 13.3 10.7 24 24 24h182.6l-75.5 72.4c-9.7 9.3-9.9 24.8-.4 34.3l11 10.9c9.4 9.4 24.6 9.4 33.9 0L404.3 273c9.4-9.4 9.4-24.6 0-33.9L271.6 106.3c-9.4-9.4-24.6-9.4-33.9 0l-11 10.9c-9.5 9.6-9.3 25.1.4 34.4z\"><\/path><\/svg><\/span><\/span><div class=\"uagb-icon-list__label-wrap\"><span class=\"uagb-icon-list__label\"><em><a href=\"https:\/\/www.ait.ac.at\/en\/\" target=\"_blank\" rel=\"noreferrer noopener\" aria-label=\" (m\u1edf trong tab m\u1edbi)\">Vi\u1ec7n C\u00f4ng ngh\u1ec7 \u00c1o<\/a><\/em><\/span><\/div><\/div><\/a><a class=\"uagb-icon-list-repeater-4 uagb-icon-list__wrapper\" target=\"_self\" rel=\"noopener noreferrer\" href=\"#\"><div class=\"uagb-icon-list__content-wrap\"><span class=\"uagb-icon-list__source-wrap\"><span class=\"uagb-icon-list__source-icon\"><svg xmlns=\"http:\/\/www.w3.org\/2000\/svg\" viewbox=\"0 0 512 512\"><path d=\"M256 8c137 0 248 111 248 248S393 504 256 504 8 393 8 256 119 8 256 8zm-28.9 143.6l75.5 72.4H120c-13.3 0-24 10.7-24 24v16c0 13.3 10.7 24 24 24h182.6l-75.5 72.4c-9.7 9.3-9.9 24.8-.4 34.3l11 10.9c9.4 9.4 24.6 9.4 33.9 0L404.3 273c9.4-9.4 9.4-24.6 0-33.9L271.6 106.3c-9.4-9.4-24.6-9.4-33.9 0l-11 10.9c-9.5 9.6-9.3 25.1.4 34.4z\"><\/path><\/svg><\/span><\/span><div class=\"uagb-icon-list__label-wrap\"><span class=\"uagb-icon-list__label\"><em><a href=\"https:\/\/www.ucd.ie\" target=\"_blank\" rel=\"noreferrer noopener\" aria-label=\" (m\u1edf trong tab m\u1edbi)\">\u0110\u1ea1i h\u1ecdc Dublin, Ireland<\/a>.<\/em><\/span><\/div><\/div><\/a><a class=\"uagb-icon-list-repeater-5 uagb-icon-list__wrapper\" target=\"_self\" rel=\"noopener noreferrer\" href=\"#\"><div class=\"uagb-icon-list__content-wrap\"><span class=\"uagb-icon-list__source-wrap\"><span class=\"uagb-icon-list__source-icon\"><svg xmlns=\"http:\/\/www.w3.org\/2000\/svg\" viewbox=\"0 0 512 512\"><path d=\"M256 8c137 0 248 111 248 248S393 504 256 504 8 393 8 256 119 8 256 8zm-28.9 143.6l75.5 72.4H120c-13.3 0-24 10.7-24 24v16c0 13.3 10.7 24 24 24h182.6l-75.5 72.4c-9.7 9.3-9.9 24.8-.4 34.3l11 10.9c9.4 9.4 24.6 9.4 33.9 0L404.3 273c9.4-9.4 9.4-24.6 0-33.9L271.6 106.3c-9.4-9.4-24.6-9.4-33.9 0l-11 10.9c-9.5 9.6-9.3 25.1.4 34.4z\"><\/path><\/svg><\/span><\/span><div class=\"uagb-icon-list__label-wrap\"><span class=\"uagb-icon-list__label\"><em><a href=\"https:\/\/www.wisc.edu\" target=\"_blank\" rel=\"noreferrer noopener\" aria-label=\" (m\u1edf trong tab m\u1edbi)\">\u0110\u1ea1i h\u1ecdc Wisconsin, M\u1ef9<\/a><\/em><\/span><\/div><\/div><\/a><a class=\"uagb-icon-list-repeater-6 uagb-icon-list__wrapper\" target=\"_self\" rel=\"noopener noreferrer\" href=\"#\"><div class=\"uagb-icon-list__content-wrap\"><span class=\"uagb-icon-list__source-wrap\"><span class=\"uagb-icon-list__source-icon\"><svg xmlns=\"http:\/\/www.w3.org\/2000\/svg\" viewbox=\"0 0 512 512\"><path d=\"M256 8c137 0 248 111 248 248S393 504 256 504 8 393 8 256 119 8 256 8zm-28.9 143.6l75.5 72.4H120c-13.3 0-24 10.7-24 24v16c0 13.3 10.7 24 24 24h182.6l-75.5 72.4c-9.7 9.3-9.9 24.8-.4 34.3l11 10.9c9.4 9.4 24.6 9.4 33.9 0L404.3 273c9.4-9.4 9.4-24.6 0-33.9L271.6 106.3c-9.4-9.4-24.6-9.4-33.9 0l-11 10.9c-9.5 9.6-9.3 25.1.4 34.4z\"><\/path><\/svg><\/span><\/span><div class=\"uagb-icon-list__label-wrap\"><span class=\"uagb-icon-list__label\"><a href=\"https:\/\/www.hud.ac.uk\" target=\"_blank\" rel=\"noreferrer noopener\" aria-label=\" (m\u1edf trong tab m\u1edbi)\"><em>\u0110\u1ea1i h\u1ecdc Huddersfield, Anh <\/em><\/a><\/span><\/div><\/div><\/a><\/div><\/div>\n\n\n\n<div class=\"wp-block-uagb-advanced-heading\" id=\"uagb-adv-heading-e83a3c86-b84e-4a7c-8144-05cd512b28f4\"><h4 class=\"uagb-heading-text\"><strong>H\u1ee3p t\u00e1c doanh nghi\u1ec7p cung \u1ee9ng nh\u00e2n l\u1ef1c trong n\u01b0\u1edbc v\u00e0 qu\u1ed1c t\u1ebf<\/strong><\/h4><div class=\"uagb-separator-wrap\"><div class=\"uagb-separator\"><\/div><\/div><p class=\"uagb-desc-text\"><strong>H\u1ee3p t\u00e1c cung&nbsp;\u1ee9ng nh\u00e2n l\u1ef1c ch\u1ea5t l\u01b0\u1ee3ng cao cho c\u00e1c th\u1ecb tr\u01b0\u1eddng qu\u1ed1c t\u1ebf nh\u01b0 Nh\u1eadt B\u1ea3n, H\u00e0n Qu\u1ed1c, \u0110\u00e0i Loan v\u00e0 Ch\u00e2u \u00c2u v\u1edbi c\u00e1c c\u00f4ng ty, t\u1ed5ng c\u00f4ng ty, x\u00ed nghi\u1ec7p<\/strong><\/p><\/div>\n\n\n\n<figure class=\"wp-block-table\"><table class=\"has-subtle-pale-blue-background-color has-background\"><tbody><tr><td><strong>STT<\/strong><\/td><td><strong>DN<\/strong><\/td><td><strong>L\u0129nh v\u1ef1c<\/strong><\/td><td><strong>Website<\/strong><\/td><\/tr><tr><td>1<\/td><td>IBM<\/td><td>CNTT<\/td><td> <a href=\"https:\/\/www.ibm.com\/vn-en?lnk=m\">https:\/\/www.ibm.com\/vn-en?lnk=m<\/a>  <\/td><\/tr><tr><td>2<\/td><td>DELL<\/td><td>CNTT<\/td><td> <a href=\"https:\/\/dellstore.vn\/\">https:\/\/dellstore.vn\/<\/a> <\/td><\/tr><tr><td>3<\/td><td>3S<\/td><td>CNTT<\/td><td> <a href=\"http:\/\/3sgroup.vn\/\">http:\/\/3sgroup.vn\/<\/a> <\/td><\/tr><tr><td>4<\/td><td>MegRabbit<\/td><td>CNTT<\/td><td> <a href=\"https:\/\/www.magrabbit.com\/\">https:\/\/www.magrabbit.com<\/a>\/ <\/td><\/tr><tr><td>5<\/td><td>Vingroup<\/td><td>\u0110a l\u0129nh v\u1ef1c <\/td><td> <a href=\"https:\/\/vingroup.net\/\">https:\/\/vingroup.net\/<\/a>  <\/td><\/tr><tr><td>6<\/td><td>FPT<\/td><td>CNTT, Vi\u1ec5n th\u00f4ng<\/td><td> <a href=\"https:\/\/www.fpt.com.vn\/vi\">https:\/\/www.fpt.com.vn\/vi<\/a> <\/td><\/tr><tr><td>7<\/td><td>Viettel<\/td><td>Vi\u1ec5n th\u00f4ng<\/td><td> <a href=\"http:\/\/viettel.com.vn\/vi\">http:\/\/viettel.com.vn\/vi<\/a> <\/td><\/tr><tr><td>8<\/td><td>Tr\u01b0\u1eddng H\u1ea3i<\/td><td>C\u01a1 kh\u00ed &#8211; \u0110i\u1ec7n t\u1eed &#8211; CNTT<\/td><td> <a href=\"http:\/\/www.thacogroup.vn\/\">http:\/\/www.thacogroup.vn\/<\/a>  <\/td><\/tr><tr><td>9<\/td><td>CP Vi\u1ec7t Nam<\/td><td>\u0110a l\u0129nh v\u1ef1c <\/td><td> <a href=\"https:\/\/www.cp.com.vn\/\">https:\/\/www.cp.com.vn\/<\/a> <\/td><\/tr><tr><td>10<\/td><td>Intrase<\/td><td>Cung \u1ee9ng nh\u00e2n l\u1ef1c qu\u1ed1c t\u1ebf<\/td><td> <a href=\"http:\/\/intrase.com.vn\/\">http:\/\/intrase.com.vn\/<\/a> <\/td><\/tr><tr><td>11<\/td><td>Mazda<\/td><td>C\u01a1 kh\u00ed \u00f4 t\u00f4 &#8211; T\u1ef1 \u0111\u1ed9ng h\u00f3a<\/td><td> <a href=\"https:\/\/mazdamotors.vn\/\">https:\/\/mazdamotors.vn\/<\/a> <\/td><\/tr><tr><td>12<\/td><td>Honda<\/td><td> C\u01a1 kh\u00ed \u00f4 t\u00f4 &#8211; T\u1ef1 \u0111\u1ed9ng h\u00f3a <\/td><td> <a href=\"https:\/\/www.honda.com.vn\/\">https:\/\/www.honda.com.vn\/<\/a> <\/td><\/tr><tr><td>13<\/td><td>Toyota<\/td><td> C\u01a1 kh\u00ed \u00f4 t\u00f4 &#8211; T\u1ef1 \u0111\u1ed9ng h\u00f3a <\/td><td> <a href=\"http:\/\/www.toyotavn.com.vn\/\">http:\/\/www.toyotavn.com.vn\/<\/a> <\/td><\/tr><tr><td>14<\/td><td>NashTech<\/td><td>Gi\u1ea3i ph\u00e1p s\u00e1ng t\u1ea1o<\/td><td> <a href=\"https:\/\/www.nashtechglobal.com\/\">https:\/\/www.nashtechglobal.com\/<\/a> <\/td><\/tr><tr><td>15<\/td><td>Sakura JCT<\/td><td>Cung \u1ee9ng nh\u00e2n l\u1ef1c qu\u1ed1c t\u1ebf<\/td><td><\/td><\/tr><tr><td>16<\/td><td>ELCOM<\/td><td>Vi\u1ec5n th\u00f4ng<\/td><td><\/td><\/tr><tr><td>17<\/td><td>VNEXT<\/td><td>Big Data<\/td><td><\/td><\/tr><tr><td>18<\/td><td>Nestle<\/td><td>\u0110\u1ed3 u\u1ed1ng<\/td><td><\/td><\/tr><tr><td>19<\/td><td>TH True Milk<\/td><td>N\u00f4ng nghi\u1ec7p<\/td><td><\/td><\/tr><tr><td>20<\/td><td>Fujikura<\/td><td>Qu\u1ea3n l\u00fd c\u00f4ng nghi\u1ec7p<\/td><td><\/td><\/tr><tr><td>21<\/td><td>Nh\u1ef1a Duy T\u00e2n<\/td><td>C\u00f4ng nghi\u1ec7p ch\u1ebf t\u1ea1o<\/td><td><\/td><\/tr><tr><td>22<\/td><td>TBS Group<\/td><td>X\u00e2y d\u1ef1ng, quy ho\u1ea1ch<\/td><td><\/td><\/tr><tr><td>23<\/td><td>Vietsoftpro<\/td><td>CNTT, truy\u1ec1n th\u00f4ng<\/td><td><\/td><\/tr><\/tbody><\/table><\/figure>\n\n\n","protected":false},"excerpt":{"rendered":"<p>H\u1ee2P T\u00c1C QU\u1ed0C T\u1ebe Ch\u00e2u \u00c1 Khoa K\u1ef9&nbsp;thu\u1eadt v\u00e0 C\u00f4ng ngh\u1ec7&nbsp;ch\u00fa tr\u1ecdng ph\u00e1t tri\u1ec3n to\u00e0n di\u1ec7n v\u00e0 n\u00e2ng cao t\u1ef7&nbsp;l\u1ec7&nbsp;qu\u1ed1c t\u1ebf&nbsp;h\u00f3a t\u1ea5t c\u1ea3&nbsp;c\u00e1c ho\u1ea1t \u0111\u1ed9ng&hellip;<\/p>\n","protected":false},"author":2,"featured_media":0,"parent":0,"menu_order":0,"comment_status":"closed","ping_status":"closed","template":"","meta":{"footnotes":""},"_links":{"self":[{"href":"https:\/\/huet.hueuni.edu.vn\/index.php\/wp-json\/wp\/v2\/pages\/1679"}],"collection":[{"href":"https:\/\/huet.hueuni.edu.vn\/index.php\/wp-json\/wp\/v2\/pages"}],"about":[{"href":"https:\/\/huet.hueuni.edu.vn\/index.php\/wp-json\/wp\/v2\/types\/page"}],"author":[{"embeddable":true,"href":"https:\/\/huet.hueuni.edu.vn\/index.php\/wp-json\/wp\/v2\/users\/2"}],"replies":[{"embeddable":true,"href":"https:\/\/huet.hueuni.edu.vn\/index.php\/wp-json\/wp\/v2\/comments?post=1679"}],"version-history":[{"count":0,"href":"https:\/\/huet.hueuni.edu.vn\/index.php\/wp-json\/wp\/v2\/pages\/1679\/revisions"}],"wp:attachment":[{"href":"https:\/\/huet.hueuni.edu.vn\/index.php\/wp-json\/wp\/v2\/media?parent=1679"}],"curies":[{"name":"wp","href":"https:\/\/api.w.org\/{rel}","templated":true}]}}