{"id":404,"date":"2025-08-10T04:04:12","date_gmt":"2025-08-10T04:04:12","guid":{"rendered":"https:\/\/huet.hueuni.edu.vn\/AIGTSD2025\/?page_id=404"},"modified":"2025-11-04T02:33:56","modified_gmt":"2025-11-04T02:33:56","slug":"registration","status":"publish","type":"page","link":"https:\/\/huet.hueuni.edu.vn\/AIGTSD2025\/index.php\/registration\/","title":{"rendered":"\u0110\u0102NG K\u00dd"},"content":{"rendered":"\n<div class=\"wp-block-group alignfull is-layout-constrained wp-container-core-group-is-layout-2 wp-block-group-is-layout-constrained\" id=\"registration\" style=\"padding-top:20px;padding-bottom:0px\">\n<h2 class=\"wp-block-heading has-large-font-size\">\u0110\u0102NG K\u00dd<\/h2>\n\n\n\n<p class=\"has-ast-global-color-8-color has-text-color has-link-color has-medium-font-size wp-elements-5fb84fb6a7133dc3caa1c1eaf8c72ad7\" style=\"margin-bottom:0\"><strong>H\u1ed8I TH\u1ea2O PH\u00cd<\/strong><\/p>\n\n\n\n<div class=\"wp-block-group is-layout-constrained wp-container-core-group-is-layout-1 wp-block-group-is-layout-constrained\" style=\"margin-top:0;margin-bottom:var(--wp--preset--spacing--40);padding-top:var(--wp--preset--spacing--20);padding-right:0;padding-bottom:0;padding-left:var(--wp--preset--spacing--40)\">\n<table style=\"width: 100%; border: 1px solid #000; border-collapse: collapse;\">\n  <tr>\n    <th style=\"border: 1px solid #000; padding: 10px;\">\u0110\u1ed1i t\u01b0\u1ee3ng<\/th>\n    <th style=\"border: 1px solid #000; padding: 10px; width: 180px;\">M\u1ee9c ph\u00ed<\/th>\n    <th style=\"border: 1px solid #000; padding: 10px;\">Ghi ch\u00fa<\/th>\n  <\/tr>\n  <tr>\n    <td style=\"border: 1px solid #000; padding: 10px;\">C\u00e1n b\u1ed9, gi\u1ea3ng vi\u00ean, gi\u00e1o vi\u00ean<\/td>\n    <td style=\"border: 1px solid #000; padding: 10px; text-align: center;\">MI\u1ec4N PH\u00cd<\/td>\n    <td style=\"border: 1px solid #000; padding: 10px;\">Bao g\u1ed3m t\u00e0i li\u1ec7u H\u1ed9i th\u1ea3o, tea break, Gala dinner<\/td>\n  <\/tr>\n  <tr>\n    <td style=\"border: 1px solid #000; padding: 10px;\">Nghi\u00ean c\u1ee9u sinh, h\u1ecdc vi\u00ean cao h\u1ecdc, sinh vi\u00ean, h\u1ecdc sinh<\/td>\n    <td style=\"border: 1px solid #000; padding: 10px; text-align: center;\">MI\u1ec4N PH\u00cd<\/td>\n    <td style=\"border: 1px solid #000; padding: 10px;\">Bao g\u1ed3m t\u00e0i li\u1ec7u H\u1ed9i th\u1ea3o, tea break, Gala dinner<\/td>\n  <\/tr>\n  <tr>\n    <td style=\"border: 1px solid #000; padding: 10px;\">Ph\u00ed bi\u00ean t\u1eadp v\u00e0 ph\u1ea3n bi\u1ec7n b\u1ed5 sung<\/td>\n    <td style=\"border: 1px solid #000; padding: 10px; text-align: center;\">MI\u1ec4N PH\u00cd<\/td>\n    <td style=\"border: 1px solid #000; padding: 10px;\">\u00c1p d\u1ee5ng cho \u0111\u1ea1i bi\u1ec3u g\u1eedi t\u1eeb b\u00e1o c\u00e1o th\u1ee9 hai tr\u1edf \u0111i<\/td>\n  <\/tr>\n  <tr>\n    <td style=\"border: 1px solid #000; padding: 10px;\">T\u1ed5 ch\u1ee9c, doanh nghi\u1ec7p, nh\u00f3m nghi\u00ean c\u1ee9u, gi\u1ea3ng vi\u00ean, sinh vi\u00ean (gian h\u00e0ng tr\u01b0ng b\u00e0y)<\/td>\n    <td style=\"border: 1px solid #000; padding: 10px;\">2.000.000 \u0111\u1ed3ng\/gian h\u00e0ng<\/td>\n    <td style=\"border: 1px solid #000; padding: 10px;\">Bao g\u1ed3m kh\u00f4ng gian, trang thi\u1ebft b\u1ecb, \u0111i\u1ec7n, nh\u00e2n s\u1ef1 h\u1ed7 tr\u1ee3, truy\u1ec1n th\u00f4ng<\/td>\n  <\/tr>\n  <tr>\n    <td style=\"border: 1px solid #000; padding: 10px;\">B\u00e0i b\u00e1o ch\u1ecdn \u0111\u0103ng tr\u00ean T\u1ea1p ch\u00ed Khoa h\u1ecdc \u0110\u1ea1i h\u1ecdc Hu\u1ebf: K\u1ef9 thu\u1eadt v\u00e0 C\u00f4ng ngh\u1ec7<\/td>\n    <td style=\"border: 1px solid #000; padding: 10px;\">1.500.000 \u0111\u1ed3ng<\/td>\n    <td style=\"border: 1px solid #000; padding: 10px;\">L\u1ec7 ph\u00ed \u0111\u0103ng b\u00e0i b\u00e1o<\/td>\n  <\/tr>\n<\/table>\n\n\n\n<p>Tr\u01b0\u1edbc khi \u0111\u0103ng k\u00fd tham d\u1ef1 H\u1ed9i th\u1ea3o, vui l\u00f2ng l\u01b0u \u00fd c\u00e1c th\u00f4ng tin sau:<\/p>\n\n\n\n<ol>\n<li><strong>Ph\u00ed tham d\u1ef1<\/strong>: C\u00e1c \u0111\u1ea1i bi\u1ec3u tham d\u1ef1 H\u1ed9i th\u1ea3o \u0111\u01b0\u1ee3c MI\u1ec4N PH\u00cd bao g\u1ed3m chi ph\u00ed t\u00e0i li\u1ec7u H\u1ed9i th\u1ea3o, tea break gi\u1eefa gi\u1edd v\u00e0 ti\u1ec7c Gala dinner.<\/li>\n\n\n\n<li><strong>Ph\u00ed \u0111\u0103ng k\u00fd gian h\u00e0ng<\/strong>:\n<ul>\n<li>C\u00e1c t\u1ed5 ch\u1ee9c, doanh nghi\u1ec7p, nh\u00f3m nghi\u00ean c\u1ee9u, gi\u1ea3ng vi\u00ean ho\u1eb7c sinh vi\u00ean c\u00f3 nhu c\u1ea7u \u0111\u0103ng k\u00fd gian h\u00e0ng tr\u01b0ng b\u00e0y s\u1ea3n ph\u1ea9m, c\u00f4ng ngh\u1ec7: 2.000.000 \u0111\u1ed3ng\/gian h\u00e0ng.<br>Ph\u00ed n\u00e0y bao g\u1ed3m chi ph\u00ed b\u1ed1 tr\u00ed kh\u00f4ng gian, trang thi\u1ebft b\u1ecb c\u01a1 b\u1ea3n, \u0111i\u1ec7n, nh\u00e2n s\u1ef1 h\u1ed7 tr\u1ee3 v\u00e0 c\u00f4ng t\u00e1c truy\u1ec1n th\u00f4ng trong su\u1ed1t th\u1eddi gian di\u1ec5n ra H\u1ed9i th\u1ea3o.<\/li>\n<\/ul>\n<\/li>\n\n\n\n<li><strong>Ph\u00ed \u0111\u0103ng b\u00e0i tr\u00ean T\u1ea1p ch\u00ed Khoa h\u1ecdc \u0110\u1ea1i h\u1ecdc Hu\u1ebf<\/strong>:\n<ul>\n<li>C\u00e1c b\u00e0i b\u00e1o ch\u1ecdn \u0111\u0103ng tr\u00ean T\u1ea1p ch\u00ed Khoa h\u1ecdc \u0110\u1ea1i h\u1ecdc Hu\u1ebf: K\u1ef9 thu\u1eadt v\u00e0 C\u00f4ng ngh\u1ec7 s\u1ebd c\u00f3 ph\u00ed l\u00e0 1.500.000 \u0111\u1ed3ng\/b\u00e0i.<\/li>\n<\/ul>\n<\/li>\n\n\n\n<li><strong>Th\u00f4ng tin v\u1ec1 tour tham quan<\/strong>:\n<ul>\n<li>L\u1ec7 ph\u00ed v\u00e0 k\u1ebf ho\u1ea1ch c\u1ee5 th\u1ec3 cho tour tham quan ng\u00e0y 25\/10 s\u1ebd \u0111\u01b0\u1ee3c c\u1eadp nh\u1eadt trong th\u00f4ng b\u00e1o sau.<\/li>\n<\/ul>\n<\/li>\n<\/ol>\n\n\n\n<p class=\"has-medium-font-size\"><strong>T\u00e0i kho\u1ea3n n\u1ed9p H\u1ed9i th\u1ea3o ph\u00ed:<\/strong> T\u00ean t\u00e0i kho\u1ea3n: \u0110\u1ea1i H\u1ecdc Hu\u1ebf; S\u1ed1 t\u00e0i kho\u1ea3n: 862002797979; Ng\u00e2n h\u00e0ng: PVcomBank Hu\u1ebf.<br><strong>N\u1ed9i dung chuy\u1ec3n kho\u1ea3n: HUNC2025 _m\u00e3 b\u00e0i b\u00e1o<\/strong><\/p>\n\n\n\n<p style=\"padding-left:0\">M\u1ecdi \u0111\u0103ng k\u00fd v\u00e0 thanh to\u00e1n c\u1ea7n \u0111\u01b0\u1ee3c th\u1ef1c hi\u1ec7n \u0111\u1ea7y \u0111\u1ee7 v\u00e0 \u0111\u00fang th\u1eddi h\u1ea1n \u0111\u1ec3 \u0111\u1ea3m b\u1ea3o quy\u1ec1n l\u1ee3i tham gia H\u1ed9i th\u1ea3o.<\/p>\n<\/div>\n\n\n\n<p class=\"has-medium-font-size\" style=\"margin-top:0;margin-bottom:0;padding-top:0;padding-bottom:0\"><em>Th\u00f4ng tin chi ti\u1ebft xin vui l\u00f2ng li\u00ean h\u1ec7:<\/em><\/p>\n\n\n\n<p style=\"margin-top:0px;margin-bottom:0;padding-bottom:0;padding-left:var(--wp--preset--spacing--30)\">Ban T\u1ed5 ch\u1ee9c:<\/p>\n\n\n\n<ul style=\"margin-top:0;margin-bottom:0;padding-left:var(--wp--preset--spacing--70)\">\n<li style=\"font-size:17px\">PGS.TS. Nguy\u1ec5n Quang L\u1ecbch, Email: <a href=\"mailto:nguyenquanglich@hueuni.edu.vn\">nguyenquanglich@hueuni.edu.vn<\/a>, S\u0110T: 0935 757 273.<\/li>\n\n\n\n<li style=\"font-size:17px\">PGS.TS. Ng\u00f4 Xu\u00e2n C\u01b0\u1eddng, Email: <a href=\"mailto:ngoxuancuong@hueuni.edu.vn\">ngoxuancuong@hueuni.edu.vn<\/a>, S\u0110T: 0905 262 233.<\/li>\n<\/ul>\n\n\n\n<p style=\"margin-top:0;margin-bottom:0;padding-bottom:0;padding-left:var(--wp--preset--spacing--30)\">Ban Th\u01b0 k\u00fd<\/p>\n\n\n\n<ul style=\"margin-top:0;margin-bottom:var(--wp--preset--spacing--30);padding-left:var(--wp--preset--spacing--70)\">\n<li style=\"font-size:17px\">TS. L\u00ea \u0110\u1ea1i V\u01b0\u01a1ng, Email: <a href=\"mailto:ldvuong@hueuni.edu.vn\">ldvuong@hueuni.edu.vn<\/a>, S\u0110T: 0888 000 8558.<\/li>\n<\/ul>\n<\/div>\n","protected":false},"excerpt":{"rendered":"<p>\u0110\u0102NG K\u00dd H\u1ed8I TH\u1ea2O PH\u00cd \u0110\u1ed1i t\u01b0\u1ee3ng M\u1ee9c ph\u00ed Ghi ch\u00fa C\u00e1n b\u1ed9, gi\u1ea3ng vi\u00ean, gi\u00e1o vi\u00ean MI\u1ec4N PH\u00cd Bao [&hellip;]<\/p>\n","protected":false},"author":1,"featured_media":0,"parent":0,"menu_order":0,"comment_status":"closed","ping_status":"closed","template":"","meta":{"site-sidebar-layout":"default","site-content-layout":"","ast-site-content-layout":"default","site-content-style":"default","site-sidebar-style":"default","ast-global-header-display":"","ast-banner-title-visibility":"","ast-main-header-display":"","ast-hfb-above-header-display":"","ast-hfb-below-header-display":"","ast-hfb-mobile-header-display":"","site-post-title":"disabled","ast-breadcrumbs-content":"","ast-featured-img":"","footer-sml-layout":"","theme-transparent-header-meta":"","adv-header-id-meta":"","stick-header-meta":"","header-above-stick-meta":"","header-main-stick-meta":"","header-below-stick-meta":"","astra-migrate-meta-layouts":"default","ast-page-background-enabled":"default","ast-page-background-meta":{"desktop":{"background-color":"var(--ast-global-color-5)","background-image":"","background-repeat":"repeat","background-position":"center center","background-size":"auto","background-attachment":"scroll","background-type":"","background-media":"","overlay-type":"","overlay-color":"","overlay-opacity":"","overlay-gradient":""},"tablet":{"background-color":"","background-image":"","background-repeat":"repeat","background-position":"center center","background-size":"auto","background-attachment":"scroll","background-type":"","background-media":"","overlay-type":"","overlay-color":"","overlay-opacity":"","overlay-gradient":""},"mobile":{"background-color":"","background-image":"","background-repeat":"repeat","background-position":"center center","background-size":"auto","background-attachment":"scroll","background-type":"","background-media":"","overlay-type":"","overlay-color":"","overlay-opacity":"","overlay-gradient":""}},"ast-content-background-meta":{"desktop":{"background-color":"var(--ast-global-color-4)","background-image":"","background-repeat":"repeat","background-position":"center center","background-size":"auto","background-attachment":"scroll","background-type":"","background-media":"","overlay-type":"","overlay-color":"","overlay-opacity":"","overlay-gradient":""},"tablet":{"background-color":"var(--ast-global-color-4)","background-image":"","background-repeat":"repeat","background-position":"center center","background-size":"auto","background-attachment":"scroll","background-type":"","background-media":"","overlay-type":"","overlay-color":"","overlay-opacity":"","overlay-gradient":""},"mobile":{"background-color":"var(--ast-global-color-4)","background-image":"","background-repeat":"repeat","background-position":"center center","background-size":"auto","background-attachment":"scroll","background-type":"","background-media":"","overlay-type":"","overlay-color":"","overlay-opacity":"","overlay-gradient":""}},"footnotes":""},"_links":{"self":[{"href":"https:\/\/huet.hueuni.edu.vn\/AIGTSD2025\/index.php\/wp-json\/wp\/v2\/pages\/404"}],"collection":[{"href":"https:\/\/huet.hueuni.edu.vn\/AIGTSD2025\/index.php\/wp-json\/wp\/v2\/pages"}],"about":[{"href":"https:\/\/huet.hueuni.edu.vn\/AIGTSD2025\/index.php\/wp-json\/wp\/v2\/types\/page"}],"author":[{"embeddable":true,"href":"https:\/\/huet.hueuni.edu.vn\/AIGTSD2025\/index.php\/wp-json\/wp\/v2\/users\/1"}],"replies":[{"embeddable":true,"href":"https:\/\/huet.hueuni.edu.vn\/AIGTSD2025\/index.php\/wp-json\/wp\/v2\/comments?post=404"}],"version-history":[{"count":25,"href":"https:\/\/huet.hueuni.edu.vn\/AIGTSD2025\/index.php\/wp-json\/wp\/v2\/pages\/404\/revisions"}],"predecessor-version":[{"id":727,"href":"https:\/\/huet.hueuni.edu.vn\/AIGTSD2025\/index.php\/wp-json\/wp\/v2\/pages\/404\/revisions\/727"}],"wp:attachment":[{"href":"https:\/\/huet.hueuni.edu.vn\/AIGTSD2025\/index.php\/wp-json\/wp\/v2\/media?parent=404"}],"curies":[{"name":"wp","href":"https:\/\/api.w.org\/{rel}","templated":true}]}}