{"id":254,"date":"2025-08-02T01:20:37","date_gmt":"2025-08-02T01:20:37","guid":{"rendered":"https:\/\/huet.hueuni.edu.vn\/AIGTSD2025\/?page_id=254"},"modified":"2025-11-04T02:19:23","modified_gmt":"2025-11-04T02:19:23","slug":"submission","status":"publish","type":"page","link":"https:\/\/huet.hueuni.edu.vn\/AIGTSD2025\/index.php\/submission\/","title":{"rendered":"N\u1ed8P B\u00c0I"},"content":{"rendered":"\n<div class=\"wp-block-group alignfull is-layout-constrained wp-block-group-is-layout-constrained\" id=\"registration\" style=\"padding-top:20px;padding-bottom:0px\">\n<h2 class=\"wp-block-heading has-large-font-size\"><strong>N\u1ed8P B\u00c0I<\/strong><\/h2>\n\n\n\n<p class=\"has-ast-global-color-8-color has-text-color has-link-color has-medium-font-size wp-elements-36b6d77cab41fc049561a685566229ce\" style=\"margin-bottom:0\"><strong>N\u1ed8I DUNG H\u1ed8I TH\u1ea2O<\/strong><\/p>\n\n\n\n<div class=\"wp-block-group is-content-justification-center is-layout-constrained wp-container-core-group-is-layout-1 wp-block-group-is-layout-constrained\" style=\"margin-top:0;margin-bottom:var(--wp--preset--spacing--40);padding-top:var(--wp--preset--spacing--20);padding-bottom:0;padding-left:var(--wp--preset--spacing--40)\">\n<div style=\"text-align: justify;\">\nC\u00f4ng b\u1ed1 v\u00e0 th\u1ea3o lu\u1eadn v\u1ec1 c\u00e1c c\u00f4ng tr\u00ecnh nghi\u00ean c\u1ee9u m\u1edbi nh\u1ea5t c\u1ee7a c\u00e1c t\u00e1c gi\u1ea3 v\u1ec1 c\u00e1c l\u0129nh v\u1ef1c: <strong>Tr\u00ed tu\u1ec7 nh\u00e2n t\u1ea1o, C\u00f4ng ngh\u1ec7 xanh, K\u1ef9 thu\u1eadt \u0111i\u1ec1u khi\u1ec3n v\u00e0 t\u1ef1 \u0111\u1ed9ng ho\u00e1, IoT c\u00f4ng nghi\u1ec7p, Ph\u00e2n t\u00edch v\u00e0 x\u1eed l\u00fd d\u1eef li\u1ec7u l\u1edbn, N\u0103ng l\u01b0\u1ee3ng t\u00e1i t\u1ea1o, Gi\u1ea3i ph\u00e1p ti\u1ebft ki\u1ec7m n\u0103ng l\u01b0\u1ee3ng v\u00e0 gi\u1ea3m ph\u00e1t th\u1ea3i, Chuy\u1ec3n \u0111\u1ed5i s\u1ed1, V\u1eadt li\u1ec7u m\u1edbi v\u00e0 c\u00e1c gi\u1ea3i ph\u00e1p b\u1ec1n v\u1eefng.<\/strong>\n<\/div>\n\n\n\n<div style=\"text-align: justify;\">\nT\u1ed5 ch\u1ee9c gian h\u00e0ng tr\u01b0ng b\u00e0y s\u1ea3n ph\u1ea9m c\u1ee7a doanh nghi\u1ec7p, c\u00f4ng ngh\u1ec7, c\u00f9ng c\u00e1c s\u1ea3n ph\u1ea9m nghi\u00ean c\u1ee9u c\u1ee7a gi\u1ea3ng vi\u00ean, sinh vi\u00ean c\u00f3 t\u00ednh \u1ee9ng d\u1ee5ng v\u00e0 kh\u1ea3 thi cao.\n<\/div>\n<\/div>\n\n\n\n<p class=\"has-ast-global-color-8-color has-text-color has-link-color has-medium-font-size wp-elements-196b3fe25719dda0a3f803a055ba26ad\" style=\"margin-bottom:0\"><strong>TH\u1ec2 L\u1ec6 G\u1eecI B\u00c0I<\/strong><\/p>\n\n\n\n<div class=\"wp-block-group is-layout-constrained wp-container-core-group-is-layout-2 wp-block-group-is-layout-constrained\" style=\"margin-top:0;margin-bottom:var(--wp--preset--spacing--40);padding-top:var(--wp--preset--spacing--20);padding-right:0;padding-left:var(--wp--preset--spacing--40)\">\n<p>M\u1eabu B\u00e1o c\u00e1o t\u00f3m t\u1eaft v\u00e0 \u0111\u0103ng k\u00fd tham d\u1ef1 h\u1ed9i th\u1ea3o c\u00f3 th\u1ec3 t\u1ea3i t\u1ea1i: <a href=\"https:\/\/drive.google.com\/file\/d\/1Rvj0hYl7GSfaDEUh-Qcl_CHrtopDv4vL\/view\" data-type=\"link\" data-id=\"https:\/\/drive.google.com\/file\/d\/1Rvj0hYl7GSfaDEUh-Qcl_CHrtopDv4vL\/view\" target=\"_blank\" rel=\"noreferrer noopener\">M\u1eaaU B\u00c1O C\u00c1O T\u00d3M T\u1eaeT V\u00c0 \u0110\u0102NG K\u00dd THAM D\u1ef0 H\u1ed8I TH\u1ea2O<\/a><\/p>\n\n\n\n<p>B\u00e1o c\u00e1o g\u1eedi H\u1ed9i th\u1ea3o ph\u1ea3i \u0111\u01b0\u1ee3c g\u1eedi \u0111\u00fang h\u1ea1n, \u0111\u1ecbnh d\u1ea1ng theo m\u1eabu c\u1ee7a Ban t\u1ed5 ch\u1ee9c c\u00f3 th\u1ec3 t\u1ea3i t\u1ea1i: <a href=\"https:\/\/drive.google.com\/file\/d\/1qu-8oiu2tiZjBfh5et7547YoDO603-kG\/view\" target=\"_blank\" rel=\"noreferrer noopener\">HUJOS-NS-ArticleTemplate<\/a><\/p>\n\n\n\n<p>Cu\u1ed1i b\u00e1o c\u00e1o c\u1ea7n cung c\u1ea5p \u0111\u1ea7y \u0111\u1ee7 th\u00f4ng tin t\u00e1c gi\u1ea3 ch\u00ednh, bao g\u1ed3m h\u1ecd t\u00ean, c\u01a1 quan c\u00f4ng t\u00e1c, \u0111\u1ecba ch\u1ec9 email v\u00e0 s\u1ed1 \u0111i\u1ec7n tho\u1ea1i li\u00ean h\u1ec7.<\/p>\n\n\n\n<div style=\"text-align: justify;\">\nNh\u1eefng b\u00e1o c\u00e1o \u0111\u01b0\u1ee3c ph\u1ea3n bi\u1ec7n \u0111\u1ed3ng \u00fd s\u1ebd \u0111\u01b0\u1ee3c l\u1ef1a ch\u1ecdn \u0111\u0103ng trong K\u1ef7 y\u1ebfu H\u1ed9i th\u1ea3o khoa h\u1ecdc qu\u1ed1c gia <strong><em>\u201cTr\u00ed tu\u1ec7 nh\u00e2n t\u1ea1o, c\u00f4ng ngh\u1ec7 xanh v\u00e0 ph\u00e1t tri\u1ec3n b\u1ec1n v\u1eefng\u201d<\/strong><\/em>, c\u00f3 \u0111\u0103ng k\u00fd ISBN. C\u00e1c b\u00e1o c\u00e1o \u0111\u01b0\u1ee3c l\u1ef1a ch\u1ecdn s\u1ebd tr\u00ecnh b\u00e0y t\u1ea1i H\u1ed9i th\u1ea3o theo h\u00ecnh th\u1ee9c b\u00e1o c\u00e1o Oral ho\u1eb7c poster.\n<div>\n\n\n\n<p>C\u00e1c t\u1ed5 ch\u1ee9c, doanh nghi\u1ec7p, gi\u1ea3ng vi\u00ean v\u00e0 sinh vi\u00ean c\u00f3 nhu c\u1ea7u tham gia gian h\u00e0ng tr\u01b0ng b\u00e0y s\u1ea3n ph\u1ea9m, c\u00f4ng ngh\u1ec7 c\u1ea7n \u0111\u0103ng k\u00fd tr\u01b0\u1edbc v\u1edbi Ban T\u1ed5 ch\u1ee9c c\u00f9ng th\u1eddi h\u1ea1n g\u1eedi b\u00e1o c\u00e1o.<\/p>\n<\/div>\n\n\n\n<p class=\"has-ast-global-color-8-color has-text-color has-link-color has-medium-font-size wp-elements-d748ed43870d474b77df04123b54e3a7\" style=\"margin-bottom:0\"><strong>TH\u1edcI H\u1ea0N V\u00c0 \u0110\u1ecaA CH\u1ec8 G\u1eecI B\u00c0I<\/strong><\/p>\n\n\n\n<div class=\"wp-block-group is-layout-constrained wp-container-core-group-is-layout-3 wp-block-group-is-layout-constrained\" style=\"margin-top:0;margin-bottom:var(--wp--preset--spacing--40);padding-top:var(--wp--preset--spacing--20);padding-right:0;padding-left:var(--wp--preset--spacing--40)\">\n<p>\u0110\u0103ng k\u00fd tham d\u1ef1 v\u00e0 t\u00f3m t\u1eaft b\u00e1o c\u00e1o t\u1eeb khi th\u00f4ng b\u00e1o \u0111\u1ebfn ng\u00e0y&nbsp;<strong>10\/10\/202<\/strong><strong>5<\/strong><\/p>\n\n\n\n<p>B\u00e1o c\u00e1o to\u00e0n v\u0103n g\u1eedi tr\u01b0\u1edbc ng\u00e0y&nbsp;<strong><s style=\"color: red;\">30\/10\/2025<\/s><\/strong> <strong>15\/11\/2025<\/strong>&nbsp;qua \u0111\u1ecba ch\u1ec9:<\/p>\n\n\n\n<ul style=\"margin-top:0\">\n<li style=\"margin-left:var(--wp--preset--spacing--50)\">Web:&nbsp;<a href=\"https:\/\/huet.hueuni.edu.vn\/AIGTSD2025\">https:\/\/huet.hueuni.edu.vn\/AIGTSD2025<\/a><\/li>\n\n\n\n<li style=\"margin-left:var(--wp--preset--spacing--50)\">Email:&nbsp;<a href=\"mailto:conf.huet@hueuni.edu.vn\">conf.huet@hueuni.edu.vn<\/a><\/li>\n<\/ul>\n<\/div>\n<\/div>\n","protected":false},"excerpt":{"rendered":"<p>N\u1ed8P B\u00c0I N\u1ed8I DUNG H\u1ed8I TH\u1ea2O C\u00f4ng b\u1ed1 v\u00e0 th\u1ea3o lu\u1eadn v\u1ec1 c\u00e1c c\u00f4ng tr\u00ecnh nghi\u00ean c\u1ee9u m\u1edbi nh\u1ea5t c\u1ee7a [&hellip;]<\/p>\n","protected":false},"author":1,"featured_media":0,"parent":0,"menu_order":0,"comment_status":"closed","ping_status":"closed","template":"","meta":{"site-sidebar-layout":"default","site-content-layout":"","ast-site-content-layout":"default","site-content-style":"default","site-sidebar-style":"default","ast-global-header-display":"","ast-banner-title-visibility":"","ast-main-header-display":"","ast-hfb-above-header-display":"","ast-hfb-below-header-display":"","ast-hfb-mobile-header-display":"","site-post-title":"disabled","ast-breadcrumbs-content":"","ast-featured-img":"","footer-sml-layout":"","theme-transparent-header-meta":"","adv-header-id-meta":"","stick-header-meta":"","header-above-stick-meta":"","header-main-stick-meta":"","header-below-stick-meta":"","astra-migrate-meta-layouts":"default","ast-page-background-enabled":"default","ast-page-background-meta":{"desktop":{"background-color":"var(--ast-global-color-5)","background-image":"","background-repeat":"repeat","background-position":"center center","background-size":"auto","background-attachment":"scroll","background-type":"","background-media":"","overlay-type":"","overlay-color":"","overlay-opacity":"","overlay-gradient":""},"tablet":{"background-color":"","background-image":"","background-repeat":"repeat","background-position":"center center","background-size":"auto","background-attachment":"scroll","background-type":"","background-media":"","overlay-type":"","overlay-color":"","overlay-opacity":"","overlay-gradient":""},"mobile":{"background-color":"","background-image":"","background-repeat":"repeat","background-position":"center center","background-size":"auto","background-attachment":"scroll","background-type":"","background-media":"","overlay-type":"","overlay-color":"","overlay-opacity":"","overlay-gradient":""}},"ast-content-background-meta":{"desktop":{"background-color":"var(--ast-global-color-4)","background-image":"","background-repeat":"repeat","background-position":"center center","background-size":"auto","background-attachment":"scroll","background-type":"","background-media":"","overlay-type":"","overlay-color":"","overlay-opacity":"","overlay-gradient":""},"tablet":{"background-color":"var(--ast-global-color-4)","background-image":"","background-repeat":"repeat","background-position":"center center","background-size":"auto","background-attachment":"scroll","background-type":"","background-media":"","overlay-type":"","overlay-color":"","overlay-opacity":"","overlay-gradient":""},"mobile":{"background-color":"var(--ast-global-color-4)","background-image":"","background-repeat":"repeat","background-position":"center center","background-size":"auto","background-attachment":"scroll","background-type":"","background-media":"","overlay-type":"","overlay-color":"","overlay-opacity":"","overlay-gradient":""}},"footnotes":""},"_links":{"self":[{"href":"https:\/\/huet.hueuni.edu.vn\/AIGTSD2025\/index.php\/wp-json\/wp\/v2\/pages\/254"}],"collection":[{"href":"https:\/\/huet.hueuni.edu.vn\/AIGTSD2025\/index.php\/wp-json\/wp\/v2\/pages"}],"about":[{"href":"https:\/\/huet.hueuni.edu.vn\/AIGTSD2025\/index.php\/wp-json\/wp\/v2\/types\/page"}],"author":[{"embeddable":true,"href":"https:\/\/huet.hueuni.edu.vn\/AIGTSD2025\/index.php\/wp-json\/wp\/v2\/users\/1"}],"replies":[{"embeddable":true,"href":"https:\/\/huet.hueuni.edu.vn\/AIGTSD2025\/index.php\/wp-json\/wp\/v2\/comments?post=254"}],"version-history":[{"count":82,"href":"https:\/\/huet.hueuni.edu.vn\/AIGTSD2025\/index.php\/wp-json\/wp\/v2\/pages\/254\/revisions"}],"predecessor-version":[{"id":725,"href":"https:\/\/huet.hueuni.edu.vn\/AIGTSD2025\/index.php\/wp-json\/wp\/v2\/pages\/254\/revisions\/725"}],"wp:attachment":[{"href":"https:\/\/huet.hueuni.edu.vn\/AIGTSD2025\/index.php\/wp-json\/wp\/v2\/media?parent=254"}],"curies":[{"name":"wp","href":"https:\/\/api.w.org\/{rel}","templated":true}]}}