{"id":147,"date":"2025-08-01T04:10:18","date_gmt":"2025-08-01T04:10:18","guid":{"rendered":"https:\/\/huet.hueuni.edu.vn\/AIGTSD2025\/?page_id=147"},"modified":"2025-11-17T09:33:23","modified_gmt":"2025-11-17T09:33:23","slug":"commitees","status":"publish","type":"page","link":"https:\/\/huet.hueuni.edu.vn\/AIGTSD2025\/index.php\/commitees\/","title":{"rendered":"H\u1ed8I \u0110\u1ed2NG"},"content":{"rendered":"\n<div class=\"wp-block-group alignfull is-layout-constrained wp-container-core-group-is-layout-9 wp-block-group-is-layout-constrained\" id=\"committee\" style=\"padding-top:20px;padding-bottom:0px\">\n<h2 class=\"wp-block-heading has-large-font-size\">TH\u00c0NH PH\u1ea6N H\u1ed8I \u0110\u1ed2NG<\/h2>\n\n\n\n<div class=\"wp-block-group is-layout-constrained wp-block-group-is-layout-constrained\">\n<p class=\"has-ast-global-color-8-color has-light-green-cyan-background-color has-text-color has-background has-link-color has-medium-font-size wp-elements-736e86f10f8fcbe061f3ee9bdd373b26\" style=\"margin-bottom:0\"><strong>DANH S\u00c1CH TH\u00c0NH VI\u00caN BAN T\u1ed4 CH\u1ee8C<\/strong><\/p>\n\n\n\n<style>\n.bantochuc-table {\n  margin-bottom: 5px !important; \/* gi\u1ea3m kho\u1ea3ng c\u00e1ch ph\u00eda d\u01b0\u1edbi b\u1ea3ng *\/\n}\n\n.bantochuc-table td,\n.bantochuc-table th {\n  padding: 6px 8px; \/* gi\u1ea3m padding cho g\u1ecdn h\u01a1n *\/\n}\n<\/style>\n\n<table class=\"bantochuc-table\" style=\"width:100%; border-collapse: collapse;\" border=\"1\">\n  <thead>\n    <tr style=\"text-align: center; font-weight: bold;\">\n      <th>TT<\/th>\n      <th>H\u1ecd v\u00e0 t\u00ean<\/th>\n      <th>\u0110\u01a1n v\u1ecb<\/th>\n      <th>Tr\u00e1ch nhi\u1ec7m<\/th>\n    <\/tr>\n  <\/thead>\n  <tbody>\n    <tr>\n      <td style=\"text-align:center;\">1<\/td>\n      <td>TS. B\u00f9i V\u0103n L\u1ee3i<\/td>\n      <td>Ph\u00f3 Gi\u00e1m \u0111\u1ed1c ph\u1ee5 tr\u00e1ch \u0110HH<\/td>\n      <td style=\"text-align:center;\">Tr\u01b0\u1edfng ban<\/td>\n    <\/tr>\n\n    <tr>\n      <td style=\"text-align:center;\">2<\/td>\n      <td>PGS.TS. Nguy\u1ec5n Quang L\u1ecbch<\/td>\n      <td>Khoa tr\u01b0\u1edfng Khoa KT&#038;CN &#8211; \u0110HH<\/td>\n      <td style=\"text-align:center;\">Ph\u00f3 Tr\u01b0\u1edfng ban<\/td>\n    <\/tr>\n\n    <tr>\n      <td style=\"text-align:center;\">3<\/td>\n      <td>PGS.TS. Tr\u1ea7n V\u0103n Giang<\/td>\n      <td>Tr\u01b0\u1edfng Ban KHCN&#038;QHQT \u0110HH<\/td>\n      <td style=\"text-align:center;\">Ph\u00f3 Tr\u01b0\u1edfng ban<\/td>\n    <\/tr>\n\n    <tr>\n      <td style=\"text-align:center;\">4<\/td>\n      <td>PGS.TS. Nguy\u1ec5n Xu\u00e2n Huy<\/td>\n      <td>Ch\u00e1nh v\u0103n ph\u00f2ng \u0110HH<\/td>\n      <td style=\"text-align:center;\">\u1ee6y vi\u00ean<\/td>\n    <\/tr>\n\n    <tr>\n      <td style=\"text-align:center;\">5<\/td>\n      <td>PGS.TS. Ng\u00f4 Xu\u00e2n C\u01b0\u1eddng<\/td>\n      <td>Ph\u00f3 khoa tr\u01b0\u1edfng Khoa KT&#038;CN &#8211; \u0110HH<\/td>\n      <td style=\"text-align:center;\">\u1ee6y vi\u00ean<\/td>\n    <\/tr>\n\n    <tr>\n      <td style=\"text-align:center;\">6<\/td>\n      <td>GS.TS. Ch\u1eed \u0110\u1ee9c Tr\u00ecnh<\/td>\n      <td>Hi\u1ec7u tr\u01b0\u1edfng Tr\u01b0\u1eddng \u0110HCN, \u0110HQGHN<\/td>\n      <td style=\"text-align:center;\">\u1ee6y vi\u00ean<\/td>\n    <\/tr>\n\n    <tr>\n      <td style=\"text-align:center;\">7<\/td>\n      <td>PGS.TS. \u0110\u1ed7 Minh C\u01b0\u1eddng<\/td>\n      <td>Tr\u01b0\u1eddng \u0110H N\u00f4ng L\u00e2m, \u0110HH<\/td>\n      <td style=\"text-align:center;\">\u1ee6y vi\u00ean<\/td>\n    <\/tr>\n\n    <tr>\n      <td style=\"text-align:center;\">8<\/td>\n      <td>TS. L\u00ea V\u0103n T\u01b0\u1eddng L\u00e2n<\/td>\n      <td>Tr\u01b0\u1edfng Ban \u0110T&#038;CTSV \u0110HH<\/td>\n      <td style=\"text-align:center;\">\u1ee6y vi\u00ean<\/td>\n    <\/tr>\n\n    <tr>\n      <td style=\"text-align:center;\">9<\/td>\n      <td>\u00d4ng Ph\u1ea1m \u0110\u0103ng An<\/td>\n      <td>Ph\u00f3 T\u1ed5ng Gi\u00e1m \u0111\u1ed1c V\u0169 Phong Energy Group<\/td>\n      <td style=\"text-align:center;\">\u1ee6y vi\u00ean<\/td>\n    <\/tr>\n\n    <tr>\n      <td style=\"text-align:center;\">10<\/td>\n      <td>\u00d4ng Ho\u00e0ng Trung Ki\u00ean<\/td>\n      <td>K\u1ebf to\u00e1n tr\u01b0\u1edfng \u0110HH<\/td>\n      <td style=\"text-align:center;\">\u1ee6y vi\u00ean<\/td>\n    <\/tr>\n  <\/tbody>\n<\/table>\n\n\n\n<p style=\"margin-top:0;padding-top:0;padding-left:var(--wp--preset--spacing--50)\">Ban T\u1ed5 ch\u1ee9c g\u1ed3m g\u00f3 10 th\u00e0nh vi\u00ean.<\/p>\n<\/div>\n\n\n\n<div class=\"wp-block-group is-layout-constrained wp-block-group-is-layout-constrained\">\n<p class=\"has-ast-global-color-8-color has-light-green-cyan-background-color has-text-color has-background has-link-color has-medium-font-size wp-elements-10b0d74b412fa29b86be7f8ef73f9c86\" style=\"margin-bottom:0\"><strong>DANH S\u00c1CH TH\u00c0NH VI\u00caN BAN CHUY\u00caN M\u00d4N<\/strong><\/p>\n\n\n\n<div class=\"wp-block-group is-layout-constrained wp-block-group-is-layout-constrained\">\n<p style=\"margin-bottom:0;padding-left:var(--wp--preset--spacing--30)\"><strong>Ban chuy\u00ean m\u00f4n<\/strong><\/p>\n\n\n\n<style>\n.banchuyenmon-table {\n  margin-bottom: 5px !important; \/* gi\u1ea3m kho\u1ea3ng c\u00e1ch d\u01b0\u1edbi b\u1ea3ng *\/\n}\n.banchuyenmon-table td, \n.banchuyenmon-table th {\n  padding: 6px 8px; \/* c\u00f3 th\u1ec3 ch\u1ec9nh nh\u1ecf n\u1ebfu mu\u1ed1n *\/\n}\n<\/style>\n\n<table class=\"banchuyenmon-table\" style=\"width:100%; border-collapse: collapse;\" border=\"1\">\n  <thead>\n    <tr style=\"text-align: center; font-weight: bold;\">\n      <th>TT<\/th>\n      <th>H\u1ecd v\u00e0 t\u00ean<\/th>\n      <th>\u0110\u01a1n v\u1ecb<\/th>\n      <th>Tr\u00e1ch nhi\u1ec7m<\/th>\n    <\/tr>\n  <\/thead>\n  <tbody>\n    <tr>\n      <td style=\"text-align:center;\">1<\/td>\n      <td>GS.TS. Tr\u1ea7n \u0110\u0103ng H\u00f2a<\/td>\n      <td>\u0110\u1ea1i h\u1ecdc Hu\u1ebf<\/td>\n      <td style=\"text-align:center;\">Tr\u01b0\u1edfng ban<\/td>\n    <\/tr>\n\n    <tr>\n      <td style=\"text-align:center;\">4<\/td>\n      <td>PGS.TS. Nguy\u1ec5n Quang L\u1ecbch<\/td>\n      <td>\u0110\u1ea1i h\u1ecdc Hu\u1ebf<\/td>\n      <td style=\"text-align:center;\">Ph\u00f3 Tr\u01b0\u1edfng ban<\/td>\n    <\/tr>\n\n    <tr>\n      <td style=\"text-align:center;\">2<\/td>\n      <td>GS.TSKH. H\u1ed3 T\u00fa B\u1ea3o<\/td>\n      <td>Vi\u1ec7n nghi\u00ean c\u1ee9u cao c\u1ea5p v\u1ec1 To\u00e1n<\/td>\n      <td style=\"text-align:center;\">\u1ee6y vi\u00ean<\/td>\n    <\/tr>\n\n    <tr>\n      <td style=\"text-align:center;\">3<\/td>\n      <td>GS.TS. Nguy\u1ec5n Huy B\u00edch<\/td>\n      <td>Tr\u01b0\u1eddng \u0110\u1ea1i h\u1ecdc N\u00f4ng L\u00e2m TP H\u1ed3 Ch\u00ed Minh<\/td>\n      <td style=\"text-align:center;\">\u1ee6y vi\u00ean<\/td>\n    <\/tr>\n\n    <tr>\n      <td style=\"text-align:center;\">6<\/td>\n      <td>PGS.TS. Tr\u1ea7n V\u0103n Giang<\/td>\n      <td>\u0110\u1ea1i h\u1ecdc Hu\u1ebf<\/td>\n      <td style=\"text-align:center;\">\u1ee6y vi\u00ean<\/td>\n    <\/tr>\n\n    <tr>\n      <td style=\"text-align:center;\">5<\/td>\n      <td>PGS.TS. Ng\u00f4 Xu\u00e2n C\u01b0\u1eddng<\/td>\n      <td>\u0110\u1ea1i h\u1ecdc Hu\u1ebf<\/td>\n      <td style=\"text-align:center;\">\u1ee6y vi\u00ean th\u01b0 k\u00fd<\/td>\n    <\/tr>\n  <\/tbody>\n<\/table>\n\n\n\n<p style=\"margin-top:0;padding-top:0;padding-left:var(--wp--preset--spacing--50)\">Danh s\u00e1ch n\u00e0y c\u00f3 06 th\u00e0nh vi\u00ean.<\/p>\n<\/div>\n\n\n\n<div class=\"wp-block-group is-layout-constrained wp-block-group-is-layout-constrained\">\n<p style=\"margin-bottom:0;padding-left:var(--wp--preset--spacing--30)\"><strong>Ti\u1ec3u ban 1: Tr\u00ed tu\u1ec7 nh\u00e2n t\u1ea1o v\u00e0 chuy\u1ec3n \u0111\u1ed5i s\u1ed1<\/strong><\/p>\n\n\n\n<style>\n.tieuban1-table {\n  margin-bottom: 5px !important; \/* gi\u1ea3m kho\u1ea3ng c\u00e1ch d\u01b0\u1edbi b\u1ea3ng *\/\n}\n.tieuban1-table td, \n.tieuban1-table th {\n  padding: 6px 8px; \/* c\u00f3 th\u1ec3 ch\u1ec9nh nh\u1ecf n\u1ebfu mu\u1ed1n *\/\n}\n<\/style>\n\n<table class=\"tieuban1-table\" style=\"width:100%; border-collapse: collapse;\" border=\"1\">\n  <thead>\n    <tr style=\"text-align: center; font-weight: bold;\">\n      <th>TT<\/th>\n      <th>H\u1ecd v\u00e0 t\u00ean<\/th>\n      <th>\u0110\u01a1n v\u1ecb<\/th>\n      <th>Tr\u00e1ch nhi\u1ec7m<\/th>\n    <\/tr>\n  <\/thead>\n\n  <tbody>\n\n    <tr>\n      <td style=\"text-align:center;\">1<\/td>\n      <td>GS.TSKH. H\u1ed3 T\u00fa B\u1ea3o<\/td>\n      <td>Vi\u1ec7n nghi\u00ean c\u1ee9u cao c\u1ea5p v\u1ec1 To\u00e1n<\/td>\n      <td style=\"text-align:center;\">Tr\u01b0\u1edfng ti\u1ec3u ban<\/td>\n    <\/tr>\n\n    <tr>\n      <td style=\"text-align:center;\">2<\/td>\n      <td>TS. H\u1ed3 Qu\u1ed1c D\u0169ng<\/td>\n      <td>Khoa KT&amp;CN &#8211; \u0110HH<\/td>\n      <td style=\"text-align:center;\">\u1ee6y vi\u00ean<\/td>\n    <\/tr>\n\n    <tr>\n      <td style=\"text-align:center;\">3<\/td>\n      <td>PGS.TS. V\u00f5 Vi\u1ebft Minh Nh\u1eadt<\/td>\n      <td>Ban \u0110T&amp;CTSV &#8211; \u0110HH<\/td>\n      <td style=\"text-align:center;\">\u1ee6y vi\u00ean<\/td>\n    <\/tr>\n\n    <tr>\n      <td style=\"text-align:center;\">4<\/td>\n      <td>PGS.TS. Nguy\u1ec5n T\u1ea5n Kh\u00f4i<\/td>\n      <td>Tr\u01b0\u1eddng \u0110H B\u00e1ch Khoa, \u0110H \u0110\u00e0 N\u1eb5ng<\/td>\n      <td style=\"text-align:center;\">\u1ee6y vi\u00ean<\/td>\n    <\/tr>\n\n    <tr>\n      <td style=\"text-align:center;\">5<\/td>\n      <td>TS. Nguy\u1ec5n Th\u1ecb H\u00e0 Ph\u01b0\u01a1ng<\/td>\n      <td>Khoa KT&amp;CN &#8211; \u0110HH<\/td>\n      <td style=\"text-align:center;\">\u1ee6y vi\u00ean<\/td>\n    <\/tr>\n\n    <tr>\n      <td style=\"text-align:center;\">6<\/td>\n      <td>TS. Nguy\u1ec5n H\u1ed3ng Giang<\/td>\n      <td>Khoa KT&amp;CN &#8211; \u0110HH<\/td>\n      <td style=\"text-align:center;\">\u1ee6y vi\u00ean<\/td>\n    <\/tr>\n\n  <\/tbody>\n<\/table>\n\n\n\n<p style=\"margin-top:0;padding-top:0;padding-left:var(--wp--preset--spacing--50)\">Danh s\u00e1ch n\u00e0y c\u00f3 06 th\u00e0nh vi\u00ean.<\/p>\n<\/div>\n\n\n\n<div class=\"wp-block-group is-layout-constrained wp-block-group-is-layout-constrained\">\n<p style=\"margin-bottom:0;padding-left:var(--wp--preset--spacing--30)\"><strong>Ti\u1ec3u ban 2: C\u00f4ng ngh\u1ec7 xanh<\/strong><\/p>\n\n\n\n<style>\n.tieuban2-table {\n  margin-bottom: 5px !important; \/* gi\u1ea3m kho\u1ea3ng c\u00e1ch d\u01b0\u1edbi b\u1ea3ng *\/\n}\n.tieuban2-table td, \n.tieuban2-table th {\n  padding: 6px 8px; \/* c\u00f3 th\u1ec3 ch\u1ec9nh nh\u1ecf n\u1ebfu mu\u1ed1n *\/\n}\n<\/style>\n\n<table class=\"tieuban2-table\" style=\"width:100%; border-collapse: collapse;\" border=\"1\">\n  <thead>\n    <tr style=\"text-align: center; font-weight: bold;\">\n      <th>TT<\/th>\n      <th>H\u1ecd v\u00e0 t\u00ean<\/th>\n      <th>\u0110\u01a1n v\u1ecb<\/th>\n      <th>Tr\u00e1ch nhi\u1ec7m<\/th>\n    <\/tr>\n  <\/thead>\n\n  <tbody>\n\n    <tr>\n      <td style=\"text-align:center;\">1<\/td>\n      <td>PGS.TS. Ng\u00f4 Xu\u00e2n C\u01b0\u1eddng<\/td>\n      <td>Khoa KT&amp;CN &#8211; \u0110HH<\/td>\n      <td style=\"text-align:center;\">Tr\u01b0\u1edfng ti\u1ec3u ban<\/td>\n    <\/tr>\n\n    <tr>\n      <td style=\"text-align:center;\">2<\/td>\n      <td>PGS.TS. Nguy\u1ec5n \u0110\u1ee9c Tuy\u00ean<\/td>\n      <td>PTN NC H\u1ec7 th\u1ed1ng \u0111i\u1ec7n v\u00e0 n\u0103ng l\u01b0\u1ee3ng t\u00e1i t\u1ea1o, \u0110\u1ea1i h\u1ecdc B\u00e1ch Khoa H\u00e0 N\u1ed9i<\/td>\n      <td style=\"text-align:center;\">\u1ee6y vi\u00ean<\/td>\n    <\/tr>\n\n    <tr>\n      <td style=\"text-align:center;\">3<\/td>\n      <td>TS. V\u00f5 Quang Nh\u00e3<\/td>\n      <td>Khoa KT&amp;CN &#8211; \u0110HH<\/td>\n      <td style=\"text-align:center;\">\u1ee6y vi\u00ean<\/td>\n    <\/tr>\n\n    <tr>\n      <td style=\"text-align:center;\">4<\/td>\n      <td>TS. Nguy\u1ec5n Quang San<\/td>\n      <td>Khoa KT&amp;CN &#8211; \u0110HH<\/td>\n      <td style=\"text-align:center;\">\u1ee6y vi\u00ean<\/td>\n    <\/tr>\n\n    <tr>\n      <td style=\"text-align:center;\">5<\/td>\n      <td>TS. L\u00ea \u0110\u00ecnh Hi\u1ebfu<\/td>\n      <td>Khoa KT&amp;CN \u2013 \u0110HH<\/td>\n      <td style=\"text-align:center;\">\u1ee6y vi\u00ean<\/td>\n    <\/tr>\n\n    <tr>\n      <td style=\"text-align:center;\">6<\/td>\n      <td>TS. V\u1ec7 Qu\u1ed1c Linh<\/td>\n      <td>Tr\u01b0\u1eddng \u0110HNL, \u0110HH<\/td>\n      <td style=\"text-align:center;\">\u1ee6y vi\u00ean<\/td>\n    <\/tr>\n\n  <\/tbody>\n<\/table>\n\n\n\n<p style=\"margin-top:0;padding-top:0;padding-left:var(--wp--preset--spacing--50)\">Danh s\u00e1ch n\u00e0y c\u00f3 06 th\u00e0nh vi\u00ean.<\/p>\n<\/div>\n\n\n\n<div class=\"wp-block-group is-layout-constrained wp-block-group-is-layout-constrained\">\n<p style=\"margin-bottom:0;padding-left:var(--wp--preset--spacing--30)\"><strong>Ti\u1ec3u ban 3: C\u00f4ng ngh\u1ec7 v\u1eadt li\u1ec7u v\u00e0 ph\u00e1t tri\u1ec3n b\u1ec1n v\u1eefng<\/strong><\/p>\n\n\n\n<style>\n.tieuban3-table {\n  margin-bottom: 5px !important; \/* gi\u1ea3m kho\u1ea3ng c\u00e1ch d\u01b0\u1edbi b\u1ea3ng *\/\n}\n.tieuban3-table td, \n.tieuban3-table th {\n  padding: 6px 8px; \/* c\u00f3 th\u1ec3 ch\u1ec9nh nh\u1ecf n\u1ebfu mu\u1ed1n *\/\n}\n<\/style>\n\n<table class=\"tieuban3-table\" style=\"width:100%; border-collapse: collapse;\" border=\"1\">\n  <thead>\n    <tr style=\"text-align: center; font-weight: bold;\">\n      <th>TT<\/th>\n      <th>H\u1ecd v\u00e0 t\u00ean<\/th>\n      <th>\u0110\u01a1n v\u1ecb<\/th>\n      <th>Tr\u00e1ch nhi\u1ec7m<\/th>\n    <\/tr>\n  <\/thead>\n  <tbody>\n    <tr>\n      <td style=\"text-align:center;\">1<\/td>\n      <td>GS.TS Tr\u1ea7n \u0110\u0103ng H\u00f2a<\/td>\n      <td>\u0110\u1ea1i h\u1ecdc Hu\u1ebf<\/td>\n      <td style=\"text-align:center;\">Tr\u01b0\u1edfng ti\u1ec3u ban<\/td>\n    <\/tr>\n    <tr>\n      <td style=\"text-align:center;\">2<\/td>\n      <td>GS.TS Nguy\u1ec5n Huy B\u00edch<\/td>\n      <td>Tr\u01b0\u1eddng \u0110\u1ea1i h\u1ecdc N\u00f4ng L\u00e2m TP H\u1ed3 Ch\u00ed Minh<\/td>\n      <td style=\"text-align:center;\">\u1ee6y vi\u00ean<\/td>\n    <\/tr>\n    <tr>\n      <td style=\"text-align:center;\">3<\/td>\n      <td>PGS.TS. Nguy\u1ec5n Quang L\u1ecbch<\/td>\n      <td>Khoa KT&amp;CN &#8211; \u0110HH<\/td>\n      <td style=\"text-align:center;\">\u1ee6y vi\u00ean<\/td>\n    <\/tr>\n    <tr>\n      <td style=\"text-align:center;\">4<\/td>\n      <td>PGS.TS. Nguy\u1ec5n Ng\u1ecdc Hi\u1ebfu<\/td>\n      <td>Vi\u1ec7n Nghi\u00ean c\u1ee9u v\u00e0 Ph\u00e1t tri\u1ec3n C\u00f4ng ngh\u1ec7 cao, \u0110\u1ea1i h\u1ecdc Duy T\u00e2n<\/td>\n      <td style=\"text-align:center;\">\u1ee6y vi\u00ean<\/td>\n    <\/tr>\n    <tr>\n      <td style=\"text-align:center;\">5<\/td>\n      <td>TS. L\u00ea \u0110\u1ea1i V\u01b0\u01a1ng<\/td>\n      <td>Khoa KT&amp;CN &#8211; \u0110HH<\/td>\n      <td style=\"text-align:center;\">\u1ee6y vi\u00ean<\/td>\n    <\/tr>\n    <tr>\n      <td style=\"text-align:center;\">6<\/td>\n      <td>TS. Nguy\u1ec5n \u0110\u1ee9c Vinh Quang<\/td>\n      <td>Khoa KT&amp;CN &#8211; \u0110HH<\/td>\n      <td style=\"text-align:center;\">\u1ee6y vi\u00ean<\/td>\n    <\/tr>\n  <\/tbody>\n<\/table>\n\n\n\n<p style=\"margin-top:0;padding-top:0;padding-left:var(--wp--preset--spacing--50)\">Danh s\u00e1ch n\u00e0y c\u00f3 06 th\u00e0nh vi\u00ean.<\/p>\n<\/div>\n<\/div>\n\n\n\n<div class=\"wp-block-group is-layout-constrained wp-block-group-is-layout-constrained\">\n<p class=\"has-ast-global-color-8-color has-light-green-cyan-background-color has-text-color has-background has-link-color has-medium-font-size wp-elements-3542b7d215db5eb07bf867401b75681f\" style=\"margin-bottom:0\"><strong>DANH S\u00c1CH TH\u00c0NH VI\u00caN T\u1ed4 TH\u01af K\u00dd<\/strong><\/p>\n\n\n\n<style>\n.tothuky-table {\n  margin-bottom: 5px !important; \/* gi\u1ea3m kho\u1ea3ng c\u00e1ch ph\u00eda d\u01b0\u1edbi b\u1ea3ng *\/\n}\n\n.tothuky-table td,\n.tothuky-table th {\n  padding: 6px 8px; \/* gi\u1ea3m padding cho g\u1ecdn h\u01a1n *\/\n}\n<\/style>\n\n<table class=\"tothuky-table\" style=\"width:100%; border-collapse: collapse;\" border=\"1\">\n  <thead>\n    <tr style=\"text-align: center; font-weight: bold;\">\n      <th>TT<\/th>\n      <th>H\u1ecd v\u00e0 t\u00ean<\/th>\n      <th>\u0110\u01a1n v\u1ecb<\/th>\n      <th>Tr\u00e1ch nhi\u1ec7m<\/th>\n    <\/tr>\n  <\/thead>\n  <tbody>\n    <tr>\n      <td style=\"text-align:center;\">1<\/td>\n      <td>TS. L\u00ea \u0110\u1ea1i V\u01b0\u01a1ng<\/td>\n      <td>Khoa KT&amp;CN &#8211; \u0110HH<\/td>\n      <td style=\"text-align:center;\">T\u1ed5 tr\u01b0\u1edfng<\/td>\n    <\/tr>\n    <tr>\n      <td style=\"text-align:center;\">2<\/td>\n      <td>TS. Tr\u1ea7n Vinh Ph\u01b0\u01a1ng<\/td>\n      <td>Ban KHCN&amp;QHQT \u0110HH<\/td>\n      <td style=\"text-align:center;\">T\u1ed5 ph\u00f3<\/td>\n    <\/tr>\n    <tr>\n      <td style=\"text-align:center;\">3<\/td>\n      <td>TS. L\u00ea \u0110\u00ecnh Hi\u1ebfu<\/td>\n      <td>Khoa KT&amp;CN &#8211; \u0110HH<\/td>\n      <td style=\"text-align:center;\">T\u1ed5 vi\u00ean<\/td>\n    <\/tr>\n    <tr>\n      <td style=\"text-align:center;\">4<\/td>\n      <td>TS. H\u1ed3 Qu\u1ed1c D\u0169ng<\/td>\n      <td>Khoa KT&amp;CN &#8211; \u0110HH<\/td>\n      <td style=\"text-align:center;\">T\u1ed5 vi\u00ean<\/td>\n    <\/tr>\n    <tr>\n      <td style=\"text-align:center;\">5<\/td>\n      <td>TS. V\u00f5 Quang Nh\u00e3<\/td>\n      <td>Khoa KT&amp;CN &#8211; \u0110HH<\/td>\n      <td style=\"text-align:center;\">T\u1ed5 vi\u00ean<\/td>\n    <\/tr>\n    <tr>\n      <td style=\"text-align:center;\">6<\/td>\n      <td>TS. Nguy\u1ec5n Quang San<\/td>\n      <td>Khoa KT&amp;CN &#8211; \u0110HH<\/td>\n      <td style=\"text-align:center;\">T\u1ed5 vi\u00ean<\/td>\n    <\/tr>\n    <tr>\n      <td style=\"text-align:center;\">7<\/td>\n      <td>TS. Nguy\u1ec5n Th\u1ecb H\u00e0 Ph\u01b0\u01a1ng<\/td>\n      <td>Khoa KT&amp;CN &#8211; \u0110HH<\/td>\n      <td style=\"text-align:center;\">T\u1ed5 vi\u00ean<\/td>\n    <\/tr>\n    <tr>\n      <td style=\"text-align:center;\">8<\/td>\n      <td>TS. Nguy\u1ec5n \u0110\u1ee9c Vinh Quang<\/td>\n      <td>Khoa KT&amp;CN &#8211; \u0110HH<\/td>\n      <td style=\"text-align:center;\">T\u1ed5 vi\u00ean<\/td>\n    <\/tr>\n    <tr>\n      <td style=\"text-align:center;\">9<\/td>\n      <td>TS. Nguy\u1ec5n H\u1ed3ng Giang<\/td>\n      <td>Khoa KT&amp;CN &#8211; \u0110HH<\/td>\n      <td style=\"text-align:center;\">T\u1ed5 vi\u00ean<\/td>\n    <\/tr>\n    <tr>\n      <td style=\"text-align:center;\">10<\/td>\n      <td>ThS. Hu\u1ef3nh Th\u1ecb Th\u00f9y Linh<\/td>\n      <td>Khoa KT&amp;CN &#8211; \u0110HH<\/td>\n      <td style=\"text-align:center;\">T\u1ed5 vi\u00ean<\/td>\n    <\/tr>\n  <\/tbody>\n<\/table>\n\n\n\n<p style=\"margin-top:0;padding-top:0;padding-left:var(--wp--preset--spacing--50)\">T\u1ed5 th\u01b0 k\u00fd g\u1ed3m c\u00f3 10 th\u00e0nh vi\u00ean.<\/p>\n<\/div>\n\n\n\n<div class=\"wp-block-group is-layout-constrained wp-block-group-is-layout-constrained\">\n<p class=\"has-ast-global-color-8-color has-light-green-cyan-background-color has-text-color has-background has-link-color has-medium-font-size wp-elements-713ab0a2fc29c30c021ef00e054f034d\" style=\"margin-bottom:0\"><strong>DANH S\u00c1CH TH\u00c0NH VI\u00caN T\u1ed4 GI\u00daP VI\u1ec6C<\/strong><\/p>\n\n\n\n<style>\n.togiupviec-table {\n  margin-bottom: 5px !important; \/* gi\u1ea3m kho\u1ea3ng c\u00e1ch ph\u00eda d\u01b0\u1edbi b\u1ea3ng *\/\n}\n\n.togiupviec-table td,\n.togiupviec-table th {\n  padding: 6px 8px; \/* gi\u1ea3m padding cho g\u1ecdn h\u01a1n *\/\n}\n<\/style>\n\n<table class=\"togiupviec-table\" style=\"width:100%; border-collapse: collapse;\" border=\"1\">\n  <thead>\n    <tr style=\"text-align: center; font-weight: bold;\">\n      <th>TT<\/th>\n      <th>H\u1ecd v\u00e0 t\u00ean<\/th>\n      <th>\u0110\u01a1n v\u1ecb<\/th>\n      <th>Tr\u00e1ch nhi\u1ec7m<\/th>\n    <\/tr>\n  <\/thead>\n  <tbody>\n    <tr>\n      <td style=\"text-align:center;\">1<\/td>\n      <td>TS. Nguy\u1ec5n H\u1ed3ng Giang<\/td>\n      <td>Khoa KT&amp;CN &#8211; \u0110HH<\/td>\n      <td style=\"text-align:center;\">T\u1ed5 tr\u01b0\u1edfng<\/td>\n    <\/tr>\n    <tr>\n      <td style=\"text-align:center;\">2<\/td>\n      <td>TS. V\u00f5 Quang Nh\u00e3<\/td>\n      <td>Khoa KT&amp;CN &#8211; \u0110HH<\/td>\n      <td style=\"text-align:center;\">T\u1ed5 vi\u00ean<\/td>\n    <\/tr>\n    <tr>\n      <td style=\"text-align:center;\">3<\/td>\n      <td>TS. Nguy\u1ec5n Quang San<\/td>\n      <td>Khoa KT&amp;CN &#8211; \u0110HH<\/td>\n      <td style=\"text-align:center;\">T\u1ed5 vi\u00ean<\/td>\n    <\/tr>\n    <tr>\n      <td style=\"text-align:center;\">4<\/td>\n      <td>ThS. Ho\u00e0ng Tr\u1ecdng L\u1ee3i<\/td>\n      <td>Khoa KT&amp;CN &#8211; \u0110HH<\/td>\n      <td style=\"text-align:center;\">T\u1ed5 vi\u00ean<\/td>\n    <\/tr>\n    <tr>\n      <td style=\"text-align:center;\">5<\/td>\n      <td>ThS. Nguy\u1ec5n Th\u1ecb H\u1ea3i L\u00ea<\/td>\n      <td>Khoa KT&amp;CN &#8211; \u0110HH<\/td>\n      <td style=\"text-align:center;\">T\u1ed5 vi\u00ean<\/td>\n    <\/tr>\n    <tr>\n      <td style=\"text-align:center;\">6<\/td>\n      <td>ThS. Nguy\u1ec5n Qu\u1ed1c Huy<\/td>\n      <td>Khoa KT&amp;CN &#8211; \u0110HH<\/td>\n      <td style=\"text-align:center;\">T\u1ed5 vi\u00ean<\/td>\n    <\/tr>\n    <tr>\n      <td style=\"text-align:center;\">7<\/td>\n      <td>ThS. Phan C\u1ea3nh M\u1ef9 Duy<\/td>\n      <td>Khoa KT&amp;CN &#8211; \u0110HH<\/td>\n      <td style=\"text-align:center;\">T\u1ed5 vi\u00ean<\/td>\n    <\/tr>\n    <tr>\n      <td style=\"text-align:center;\">8<\/td>\n      <td>ThS. Nguy\u1ec5n \u00c1nh Ng\u1ecdc<\/td>\n      <td>Ban KHTC&amp;CSVC \u0110HH<\/td>\n      <td style=\"text-align:center;\">T\u1ed5 vi\u00ean<\/td>\n    <\/tr>\n    <tr>\n      <td style=\"text-align:center;\">9<\/td>\n      <td>CN. Ho\u00e0ng Th\u1ecb Th\u00fay H\u1eb1ng<\/td>\n      <td>Khoa KT&amp;CN &#8211; \u0110HH<\/td>\n      <td style=\"text-align:center;\">T\u1ed5 vi\u00ean<\/td>\n    <\/tr>\n    <tr>\n      <td style=\"text-align:center;\">10<\/td>\n      <td>CN. Nguy\u1ec5n H\u1ea1nh Nh\u00e2n<\/td>\n      <td>Khoa KT&amp;CN &#8211; \u0110HH<\/td>\n      <td style=\"text-align:center;\">T\u1ed5 vi\u00ean<\/td>\n    <\/tr>\n    <tr>\n      <td style=\"text-align:center;\">11<\/td>\n      <td>KS. L\u00ea Quang Nh\u1eadt Minh<\/td>\n      <td>Khoa KT&amp;CN &#8211; \u0110HH<\/td>\n      <td style=\"text-align:center;\">T\u1ed5 vi\u00ean<\/td>\n    <\/tr>\n    <tr>\n      <td style=\"text-align:center;\">12<\/td>\n      <td>KS. H\u1ed3 Minh Tr\u00ed<\/td>\n      <td>Khoa KT&amp;CN &#8211; \u0110HH<\/td>\n      <td style=\"text-align:center;\">T\u1ed5 vi\u00ean<\/td>\n    <\/tr>\n  <\/tbody>\n<\/table>\n\n\n\n<p style=\"margin-top:0;padding-top:0;padding-left:var(--wp--preset--spacing--50)\">T\u1ed5 th\u01b0 k\u00fd g\u1ed3m c\u00f3 12 th\u00e0nh vi\u00ean.<\/p>\n<\/div>\n<\/div>\n","protected":false},"excerpt":{"rendered":"<p>TH\u00c0NH PH\u1ea6N H\u1ed8I \u0110\u1ed2NG DANH S\u00c1CH TH\u00c0NH VI\u00caN BAN T\u1ed4 CH\u1ee8C TT H\u1ecd v\u00e0 t\u00ean \u0110\u01a1n v\u1ecb Tr\u00e1ch nhi\u1ec7m 1 [&hellip;]<\/p>\n","protected":false},"author":1,"featured_media":0,"parent":0,"menu_order":0,"comment_status":"closed","ping_status":"closed","template":"","meta":{"site-sidebar-layout":"default","site-content-layout":"","ast-site-content-layout":"default","site-content-style":"default","site-sidebar-style":"default","ast-global-header-display":"","ast-banner-title-visibility":"","ast-main-header-display":"","ast-hfb-above-header-display":"","ast-hfb-below-header-display":"","ast-hfb-mobile-header-display":"","site-post-title":"disabled","ast-breadcrumbs-content":"","ast-featured-img":"","footer-sml-layout":"","theme-transparent-header-meta":"default","adv-header-id-meta":"","stick-header-meta":"","header-above-stick-meta":"","header-main-stick-meta":"","header-below-stick-meta":"","astra-migrate-meta-layouts":"default","ast-page-background-enabled":"default","ast-page-background-meta":{"desktop":{"background-color":"var(--ast-global-color-5)","background-image":"","background-repeat":"repeat","background-position":"center center","background-size":"auto","background-attachment":"scroll","background-type":"","background-media":"","overlay-type":"","overlay-color":"","overlay-opacity":"","overlay-gradient":""},"tablet":{"background-color":"","background-image":"","background-repeat":"repeat","background-position":"center center","background-size":"auto","background-attachment":"scroll","background-type":"","background-media":"","overlay-type":"","overlay-color":"","overlay-opacity":"","overlay-gradient":""},"mobile":{"background-color":"","background-image":"","background-repeat":"repeat","background-position":"center center","background-size":"auto","background-attachment":"scroll","background-type":"","background-media":"","overlay-type":"","overlay-color":"","overlay-opacity":"","overlay-gradient":""}},"ast-content-background-meta":{"desktop":{"background-color":"var(--ast-global-color-4)","background-image":"","background-repeat":"repeat","background-position":"center center","background-size":"auto","background-attachment":"scroll","background-type":"","background-media":"","overlay-type":"","overlay-color":"","overlay-opacity":"","overlay-gradient":""},"tablet":{"background-color":"var(--ast-global-color-4)","background-image":"","background-repeat":"repeat","background-position":"center center","background-size":"auto","background-attachment":"scroll","background-type":"","background-media":"","overlay-type":"","overlay-color":"","overlay-opacity":"","overlay-gradient":""},"mobile":{"background-color":"var(--ast-global-color-4)","background-image":"","background-repeat":"repeat","background-position":"center center","background-size":"auto","background-attachment":"scroll","background-type":"","background-media":"","overlay-type":"","overlay-color":"","overlay-opacity":"","overlay-gradient":""}},"footnotes":""},"_links":{"self":[{"href":"https:\/\/huet.hueuni.edu.vn\/AIGTSD2025\/index.php\/wp-json\/wp\/v2\/pages\/147"}],"collection":[{"href":"https:\/\/huet.hueuni.edu.vn\/AIGTSD2025\/index.php\/wp-json\/wp\/v2\/pages"}],"about":[{"href":"https:\/\/huet.hueuni.edu.vn\/AIGTSD2025\/index.php\/wp-json\/wp\/v2\/types\/page"}],"author":[{"embeddable":true,"href":"https:\/\/huet.hueuni.edu.vn\/AIGTSD2025\/index.php\/wp-json\/wp\/v2\/users\/1"}],"replies":[{"embeddable":true,"href":"https:\/\/huet.hueuni.edu.vn\/AIGTSD2025\/index.php\/wp-json\/wp\/v2\/comments?post=147"}],"version-history":[{"count":45,"href":"https:\/\/huet.hueuni.edu.vn\/AIGTSD2025\/index.php\/wp-json\/wp\/v2\/pages\/147\/revisions"}],"predecessor-version":[{"id":779,"href":"https:\/\/huet.hueuni.edu.vn\/AIGTSD2025\/index.php\/wp-json\/wp\/v2\/pages\/147\/revisions\/779"}],"wp:attachment":[{"href":"https:\/\/huet.hueuni.edu.vn\/AIGTSD2025\/index.php\/wp-json\/wp\/v2\/media?parent=147"}],"curies":[{"name":"wp","href":"https:\/\/api.w.org\/{rel}","templated":true}]}}